{"id":459,"date":"2022-09-16T02:19:51","date_gmt":"2022-09-16T02:19:51","guid":{"rendered":"https:\/\/www.largepillow.com\/product\/large-bolster-cushion"},"modified":"2025-11-05T02:15:31","modified_gmt":"2025-11-05T02:15:31","slug":"traversin-de-lit-2","status":"publish","type":"product","link":"https:\/\/www.largepillow.com\/fr\/product\/bed-bolster","title":{"rendered":"Traversin de lit"},"content":{"rendered":"<p>D\u00e9couvrez le confort ultime avec le traversin : votre oreiller multi-usage parfait.<\/p>\n<p>Dans le monde tr\u00e9pidant d&#039;aujourd&#039;hui, la d\u00e9tente et le confort \u00e0 la maison n&#039;ont jamais \u00e9t\u00e9 aussi importants. Que vous soyez un rat de biblioth\u00e8que, un oiseau de nuit travaillant tard ou quelqu&#039;un qui aime regarder votre s\u00e9rie pr\u00e9f\u00e9r\u00e9e au lit, le traversin de lit est l\u00e0 pour transformer votre exp\u00e9rience. Cet oreiller de t\u00eate de lit, avec son design innovant et son utilisation multifonctionnelle, garantit que le confort n&#039;est jamais compromis. Voyons ce qui fait du traversin de lit un incontournable dans toute maison moderne.<\/p>\n<p>Confort ultime avec une conception de forme triangulaire<\/p>\n<p>Con\u00e7u pour votre confort ultime, le traversin de lit n&#039;est pas n&#039;importe quel oreiller ordinaire. Sa forme triangulaire unique est sp\u00e9cialement con\u00e7ue pour s&#039;adapter parfaitement \u00e0 votre dos et \u00e0 votre taille, offrant un soutien in\u00e9gal\u00e9 et r\u00e9duisant efficacement la pression lombaire et dorsale. Ce traversin extra-large est con\u00e7u pour accueillir deux personnes, ce qui en fait le seul oreiller de t\u00eate de lit compens\u00e9 dont vous aurez besoin pour un moment de d\u00e9tente sans tension sur votre lit ou votre canap\u00e9.<\/p>\n<p>La polyvalence \u00e0 son meilleur\u00a0: grand traversin 3 en 1<\/p>\n<p>Le traversin de lit red\u00e9finit la polyvalence. Utilisez-le droit comme oreiller de t\u00eate de lit lorsque vous \u00eates assis dans le lit, posez-le \u00e0 plat comme un grand oreiller compens\u00e9 pour dormir sur le dos ou sur le c\u00f4t\u00e9, ou m\u00eame comme oreiller de jambe pour sur\u00e9lever vos jambes pour une meilleure circulation. C&#039;est le choix id\u00e9al pour les couples \u00e0 la recherche d&#039;un grand oreiller de t\u00eate de lit qui offre simultan\u00e9ment soutien et confort aux deux personnes.<\/p>\n<p>Conception multifonctionnelle pour chaque besoin<\/p>\n<p>En plus de servir d&#039;oreiller de t\u00eate de lit, le traversin de lit sert \u00e9galement de coussin de pare-chocs et de traversin \u00e9l\u00e9gant pour le dossier d&#039;un canap\u00e9 ou d&#039;un lit de repos. Sa conception multifonctionnelle garantit qu&#039;il s&#039;int\u00e8gre parfaitement dans n&#039;importe quelle chambre ou espace de vie, ajoutant \u00e0 la fois fonctionnalit\u00e9 et style.<\/p>\n<p>Un savoir-faire qui en dit long<\/p>\n<p>Le traversin de lit b\u00e9n\u00e9ficie d&#039;un savoir-faire sup\u00e9rieur avec sa taie d&#039;oreiller en velours de polyester 100% \u2013 douce, \u00e9l\u00e9gante et agr\u00e9able au toucher. Rempli de fibres de polyester haute densit\u00e9 et de haute qualit\u00e9, il promet durabilit\u00e9 et confort sans affaissement, m\u00eame apr\u00e8s une utilisation intensive. De plus, les poches lat\u00e9rales pratiques offrent un endroit pratique pour ranger votre livre ou votre t\u00e9l\u00e9phone, gardant ainsi les essentiels \u00e0 port\u00e9e de main.<\/p>\n<p>Entretien sans tracas<\/p>\n<p>Garder votre traversin de lit propre est aussi simple que possible. \u00c9quip\u00e9e d&#039;une simple fermeture \u00e9clair, la housse de coussin de lecture est facilement amovible et lavable en machine, garantissant que votre oreiller reste frais et accueillant \u00e0 tout moment.<\/p>\n<p>Adapt\u00e9 \u00e0 votre espace<\/p>\n<p>Avec des tailles allant de 45 cm \u00e0 200 cm de longueur et \u00e9quip\u00e9 de jusqu&#039;\u00e0 7 boutons pour un r\u00e9glage et un soutien faciles, le traversin de lit est con\u00e7u pour s&#039;adapter parfaitement \u00e0 n&#039;importe quel espace. Choisissez la taille qui correspond le mieux \u00e0 vos besoins et profitez d&#039;une sensation personnalis\u00e9e de confort et de soutien.<\/p>\n<p>Ce que disent les clients<\/p>\n<p>D&#039;apr\u00e8s les commentaires sur les produits, il est clair que les clients sont ravis de leur achat. Beaucoup soulignent \u00ab l\u2019oreiller de soutien triangulaire \u00bb pour son confort et son soutien exceptionnels, tandis que d\u2019autres louent le \u00ab velours \u00bb pour sa douceur et son toucher luxueux. La couleur \u00ab caf\u00e9 \u00bb semble \u00eatre la pr\u00e9f\u00e9r\u00e9e des acheteurs, ajoutant une touche d\u2019\u00e9l\u00e9gance \u00e0 n\u2019importe quelle pi\u00e8ce.<\/p>\n<p>Emballer<\/p>\n<p>Le traversin de lit est plus qu&#039;un simple oreiller ; cela change la donne lorsqu&#039;il s&#039;agit d&#039;am\u00e9liorer votre d\u00e9tente et votre confort \u00e0 la maison. Sa conception multifonctionnelle, son savoir-faire exceptionnel et sa facilit\u00e9 d\u2019entretien en font un produit hors du commun. Que ce soit pour lire, travailler ou simplement vous d\u00e9tendre apr\u00e8s une longue journ\u00e9e, le traversin de lit promet d&#039;\u00eatre votre compagnon id\u00e9al. Ne vous contentez pas de nous croire sur parole\u00a0; essayez-le et d\u00e9couvrez par vous-m\u00eame le confort ultime\u00a0!<\/p>","protected":false},"excerpt":{"rendered":"<ul>\n<li><strong>Confort ultime\u00a0:<\/strong> Cet oreiller de t\u00eate de lit offre un excellent confort gr\u00e2ce \u00e0 sa forme triangulaire. Le coussin de soutien du lit s&#039;adapte parfaitement au dos et \u00e0 la taille, minimisant ainsi la pression lombaire\/dos. Cet oreiller de lecture compens\u00e9 peut vous aider \u00e0 rester sans tension dans votre lit ou votre canap\u00e9, ce qui est id\u00e9al pour les noctambules qui travaillent, les rats de biblioth\u00e8que et pour regarder la t\u00e9l\u00e9vision au lit. Ce traversin extra large est le seul oreiller de t\u00eate de lit compens\u00e9 pouvant accueillir deux personnes.<\/li>\n<li><strong>Grand traversin 3 en 1\u00a0:<\/strong> Vous pouvez utiliser l&#039;oreiller droit comme oreiller de t\u00eate de lit pour vous asseoir dans le lit ou le poser \u00e0 plat sur le lit pour l&#039;utiliser comme un grand oreiller compens\u00e9 lorsque vous dormez sur le dos ou sur le c\u00f4t\u00e9, ou comme oreiller de jambe pour sur\u00e9lever vos jambes. Si vous souhaitez un grand oreiller de t\u00eate de lit qui offre un soutien \u00e0 vous et \u00e0 votre conjoint. C&#039;est une excellente alternative.<\/li>\n<li><strong>Conception multifonctionnelle\u00a0:<\/strong> Certaines personnes utilisent le grand coussin triangulaire comme oreiller de t\u00eate de lit, tandis que d&#039;autres l&#039;utilisent comme oreiller pare-chocs, il peut \u00e9galement \u00eatre un traversin de dossier de canap\u00e9 ou de lit de repos. Il est \u00e0 la fois \u00e9l\u00e9gant et fonctionnel, ce qui en fait un excellent ajout \u00e0 n&#039;importe quelle chambre.<\/li>\n<li><strong>Artisanat sup\u00e9rieur\u00a0:<\/strong> Notre taie d&#039;oreiller est fabriqu\u00e9e en velours polyester 100%, doux, \u00e9l\u00e9gant et confortable au toucher. Le rembourrage est compos\u00e9 de fibres de polyester haute densit\u00e9 et de haute qualit\u00e9 qui emp\u00eachent l&#039;affaissement m\u00eame apr\u00e8s des mois d&#039;utilisation. De plus, il est dot\u00e9 de poches lat\u00e9rales pour ranger votre livre ou votre t\u00e9l\u00e9phone.<\/li>\n<li><strong>Facile \u00e0 nettoyer:<\/strong> La housse du coussin de lecture est fix\u00e9e \u00e0 l&#039;oreiller avec des boutons et est facile \u00e0 retirer avec une simple fermeture \u00e9clair. Cela rend son nettoyage sans tracas. Retirez simplement la housse et effectuez un lavage rapide en machine pour donner \u00e0 votre oreiller un aspect neuf.<\/li>\n<li><strong>Taille:<\/strong> 45 cm (L45 x L20 x H50 | 0 boutons), 60 cm (L60 x L20 x H50 | 0 boutons), 80 cm (L80 x L20 x H50 | 2 boutons), 100 cm (L100 x L20 x H50 | 3 boutons), 120 cm ( L120 x L20 x H50 | 4 boutons), 140 cm (L140 x L20 x H50 | 4 boutons), 160 cm (L160 x L20 x H50 | 5 boutons), 180 cm (L180 x L20 x H50 | 6 boutons), 200 cm (L200 x L20 x H50 | 7 boutons).<\/li>\n<\/ul>","protected":false},"featured_media":442,"comment_status":"open","ping_status":"closed","template":"","meta":[],"product_brand":[],"product_cat":[15],"product_tag":[66,210,206,102,75,168,132,163,143,59,120,65],"class_list":{"0":"post-459","1":"product","2":"type-product","3":"status-publish","4":"has-post-thumbnail","6":"product_cat-large-wedge-pillow","7":"product_tag-back-support-pillow","8":"product_tag-bed-bolster","9":"product_tag-bumper-pillow","10":"product_tag-couch-pillow","11":"product_tag-daybed-pillow","12":"product_tag-headboard-pillow","13":"product_tag-large-bolster-pillow","14":"product_tag-leg-pillow","15":"product_tag-multifunctional-pillow","16":"product_tag-reading-pillow","17":"product_tag-velvet-pillow","18":"product_tag-wedge-pillow","20":"first","21":"instock","22":"shipping-taxable","23":"purchasable","24":"product-type-variable"},"_links":{"self":[{"href":"https:\/\/www.largepillow.com\/fr\/wp-json\/wp\/v2\/product\/459","targetHints":{"allow":["GET"]}}],"collection":[{"href":"https:\/\/www.largepillow.com\/fr\/wp-json\/wp\/v2\/product"}],"about":[{"href":"https:\/\/www.largepillow.com\/fr\/wp-json\/wp\/v2\/types\/product"}],"replies":[{"embeddable":true,"href":"https:\/\/www.largepillow.com\/fr\/wp-json\/wp\/v2\/comments?post=459"}],"wp:featuredmedia":[{"embeddable":true,"href":"https:\/\/www.largepillow.com\/fr\/wp-json\/wp\/v2\/media\/442"}],"wp:attachment":[{"href":"https:\/\/www.largepillow.com\/fr\/wp-json\/wp\/v2\/media?parent=459"}],"wp:term":[{"taxonomy":"product_brand","embeddable":true,"href":"https:\/\/www.largepillow.com\/fr\/wp-json\/wp\/v2\/product_brand?post=459"},{"taxonomy":"product_cat","embeddable":true,"href":"https:\/\/www.largepillow.com\/fr\/wp-json\/wp\/v2\/product_cat?post=459"},{"taxonomy":"product_tag","embeddable":true,"href":"https:\/\/www.largepillow.com\/fr\/wp-json\/wp\/v2\/product_tag?post=459"}],"curies":[{"name":"wp","href":"https:\/\/api.w.org\/{rel}","templated":true}]}}