{"id":538,"date":"2022-09-16T02:24:42","date_gmt":"2022-09-16T02:24:42","guid":{"rendered":"https:\/\/www.largepillow.com\/product\/large-bolster-pillow"},"modified":"2025-11-05T02:15:31","modified_gmt":"2025-11-05T02:15:31","slug":"grand-coussin-coussin","status":"publish","type":"product","link":"https:\/\/www.largepillow.com\/fr\/product\/large-wedge-bolster-pillow","title":{"rendered":"Grand traversin compens\u00e9"},"content":{"rendered":"<p>Offrez-vous le confort avec le grand traversin compens\u00e9 ultime.<\/p>\n<p>\u00cates-vous \u00e0 la recherche d\u2019un oreiller de t\u00eate de lit offrant un confort et un soutien exceptionnels ? Ne cherchez pas plus loin que le grand coussin traversin compens\u00e9. Cet oreiller polyvalent offre une gamme d&#039;avantages qui feront de votre temps au lit ou sur le canap\u00e9 un v\u00e9ritable d\u00e9lice.<\/p>\n<p>Confort et soutien ultimes<\/p>\n<p>La conception de forme triangulaire du grand traversin compens\u00e9 s&#039;adapte parfaitement aux contours de votre dos et de votre taille, minimisant ainsi la pression lombaire et dorsale. Que vous lisiez un livre, travailliez tard ou regardiez la t\u00e9l\u00e9vision, cet oreiller vous gardera sans tension et confortable. Il est \u00e9galement suffisamment grand pour accueillir deux personnes, ce qui en fait le choix id\u00e9al pour les couples.<\/p>\n<p>Polyvalence 3-en-1<\/p>\n<p>Le grand oreiller compens\u00e9 n\u2019est pas seulement un oreiller de t\u00eate de lit. C&#039;est \u00e9galement un accessoire polyvalent qui peut \u00eatre utilis\u00e9 comme oreiller compens\u00e9 pour dormir, comme oreiller de jambe pour l&#039;\u00e9l\u00e9vation ou m\u00eame comme oreiller pare-chocs pour plus de confort. Les possibilit\u00e9s sont infinies!<\/p>\n<p>Artisanat et design sup\u00e9rieurs<\/p>\n<p>Fabriqu\u00e9 avec une attention m\u00e9ticuleuse aux d\u00e9tails, le grand traversin compens\u00e9 est fabriqu\u00e9 \u00e0 partir de mat\u00e9riaux de haute qualit\u00e9. La housse en velours doux et \u00e9l\u00e9gant est douce au toucher, tandis que le rembourrage en fibre de polyester haute densit\u00e9 offre un soutien exceptionnel qui ne s&#039;affaissera pas avec le temps. De plus, les poches lat\u00e9rales offrent un rangement pratique pour votre livre ou votre t\u00e9l\u00e9phone.<\/p>\n<p>Entretien facile<\/p>\n<p>L\u2019entretien du grand traversin compens\u00e9 est un jeu d\u2019enfant. La taie d&#039;oreiller est amovible gr\u00e2ce \u00e0 des boutons et comporte une fermeture \u00e9clair cach\u00e9e pour un nettoyage facile. Retirez simplement la housse et jetez-la dans la machine \u00e0 laver pour un rafra\u00eechissement rapide.<\/p>\n<p>T\u00e9moignages de clients<\/p>\n<p>\u00ab Cet oreiller change la donne ! J&#039;ai toujours eu du mal \u00e0 trouver un oreiller de t\u00eate de lit offrant le bon soutien, mais celui-ci est parfait. C&#039;est tellement confortable et cela m&#039;a vraiment aid\u00e9 \u00e0 am\u00e9liorer ma posture. \u2013 Karen, cliente satisfaite<\/p>\n<p>\u00abJ&#039;adore la polyvalence de cet oreiller. C&#039;est un excellent oreiller pour la t\u00eate de lit, mais je l&#039;utilise \u00e9galement comme oreiller compens\u00e9 lorsque je dors et comme oreiller pour les jambes lorsque je me d\u00e9tends. La qualit\u00e9 est incroyable et elle r\u00e9siste bien apr\u00e8s des mois d&#039;utilisation. \u2013 Sarah, une autre cliente satisfaite<\/p>\n<p>Conclusion<\/p>\n<p>Le grand oreiller compens\u00e9 est le choix parfait pour tous ceux qui recherchent un oreiller confortable, de soutien et polyvalent. Avec son savoir-faire sup\u00e9rieur, sa fonctionnalit\u00e9 3-en-1 et son entretien facile, c&#039;est un investissement qui am\u00e9liorera votre temps de d\u00e9tente pour les ann\u00e9es \u00e0 venir. Commandez le v\u00f4tre d\u00e8s aujourd&#039;hui et d\u00e9couvrez le nec plus ultra en mati\u00e8re de confort et de soutien\u00a0!<\/p>","protected":false},"excerpt":{"rendered":"<ul>\n<li><strong>Confort ultime\u00a0:<\/strong> Cet oreiller de t\u00eate de lit offre un excellent confort gr\u00e2ce \u00e0 sa forme triangulaire. Le coussin de soutien du lit s&#039;adapte parfaitement au dos et \u00e0 la taille, minimisant ainsi la pression lombaire\/dos. Cet oreiller de lecture compens\u00e9 peut vous aider \u00e0 rester sans tension dans votre lit ou votre canap\u00e9, ce qui est id\u00e9al pour les noctambules qui travaillent, les rats de biblioth\u00e8que et pour regarder la t\u00e9l\u00e9vision au lit. Ce traversin extra large est le seul oreiller de t\u00eate de lit compens\u00e9 pouvant accueillir deux personnes.<\/li>\n<li><strong>Grand traversin 3 en 1\u00a0:<\/strong> Vous pouvez utiliser l&#039;oreiller droit comme oreiller de t\u00eate de lit pour vous asseoir dans le lit ou le poser \u00e0 plat sur le lit pour l&#039;utiliser comme un grand oreiller compens\u00e9 lorsque vous dormez sur le dos ou sur le c\u00f4t\u00e9, ou comme oreiller de jambe pour sur\u00e9lever vos jambes. Si vous souhaitez un grand oreiller de t\u00eate de lit qui offre un soutien \u00e0 vous et \u00e0 votre conjoint. C&#039;est une excellente alternative.<\/li>\n<li><strong>Conception multifonctionnelle\u00a0:<\/strong> Certaines personnes utilisent le grand coussin triangulaire comme oreiller de t\u00eate de lit, tandis que d&#039;autres l&#039;utilisent comme oreiller pare-chocs, il peut \u00e9galement \u00eatre un traversin de dossier de canap\u00e9 ou de lit de repos. Il est \u00e0 la fois \u00e9l\u00e9gant et fonctionnel, ce qui en fait un excellent ajout \u00e0 n&#039;importe quelle chambre.<\/li>\n<li><strong>Artisanat sup\u00e9rieur\u00a0:<\/strong> Notre taie d&#039;oreiller est fabriqu\u00e9e en velours polyester 100%, doux, \u00e9l\u00e9gant et confortable au toucher. Le rembourrage est compos\u00e9 de fibres de polyester haute densit\u00e9 et de haute qualit\u00e9 qui emp\u00eachent l&#039;affaissement m\u00eame apr\u00e8s des mois d&#039;utilisation. De plus, il est dot\u00e9 de poches lat\u00e9rales pour ranger votre livre ou votre t\u00e9l\u00e9phone.<\/li>\n<li><strong>Facile \u00e0 nettoyer:<\/strong> La housse du coussin de lecture est fix\u00e9e \u00e0 l&#039;oreiller avec des boutons et est facile \u00e0 retirer avec une simple fermeture \u00e9clair. Cela rend son nettoyage sans tracas. Retirez simplement la housse et effectuez un lavage rapide en machine pour donner \u00e0 votre oreiller un aspect neuf.<\/li>\n<li><strong>Taille:<\/strong> 45 cm (L45 x L20 x H50 | 0 boutons), 60 cm (L60 x L20 x H50 | 0 boutons), 80 cm (L80 x L20 x H50 | 2 boutons), 100 cm (L100 x L20 x H50 | 3 boutons), 120 cm ( L120 x L20 x H50 | 4 boutons), 140 cm (L140 x L20 x H50 | 4 boutons), 160 cm (L160 x L20 x H50 | 5 boutons), 180 cm (L180 x L20 x H50 | 6 boutons), 200 cm (L200 x L20 x H50 | 7 boutons).<\/li>\n<\/ul>","protected":false},"featured_media":522,"comment_status":"open","ping_status":"closed","template":"","meta":[],"product_brand":[],"product_cat":[15],"product_tag":[66,70,102,75,168,202,163,112,143,59],"class_list":{"0":"post-538","1":"product","2":"type-product","3":"status-publish","4":"has-post-thumbnail","6":"product_cat-large-wedge-pillow","7":"product_tag-back-support-pillow","8":"product_tag-bed-wedge-pillow","9":"product_tag-couch-pillow","10":"product_tag-daybed-pillow","11":"product_tag-headboard-pillow","12":"product_tag-large-wedge-bolster-pillow","13":"product_tag-leg-pillow","14":"product_tag-lumbar-support-pillow","15":"product_tag-multifunctional-pillow","16":"product_tag-reading-pillow","18":"first","19":"instock","20":"featured","21":"shipping-taxable","22":"purchasable","23":"product-type-variable"},"_links":{"self":[{"href":"https:\/\/www.largepillow.com\/fr\/wp-json\/wp\/v2\/product\/538","targetHints":{"allow":["GET"]}}],"collection":[{"href":"https:\/\/www.largepillow.com\/fr\/wp-json\/wp\/v2\/product"}],"about":[{"href":"https:\/\/www.largepillow.com\/fr\/wp-json\/wp\/v2\/types\/product"}],"replies":[{"embeddable":true,"href":"https:\/\/www.largepillow.com\/fr\/wp-json\/wp\/v2\/comments?post=538"}],"wp:featuredmedia":[{"embeddable":true,"href":"https:\/\/www.largepillow.com\/fr\/wp-json\/wp\/v2\/media\/522"}],"wp:attachment":[{"href":"https:\/\/www.largepillow.com\/fr\/wp-json\/wp\/v2\/media?parent=538"}],"wp:term":[{"taxonomy":"product_brand","embeddable":true,"href":"https:\/\/www.largepillow.com\/fr\/wp-json\/wp\/v2\/product_brand?post=538"},{"taxonomy":"product_cat","embeddable":true,"href":"https:\/\/www.largepillow.com\/fr\/wp-json\/wp\/v2\/product_cat?post=538"},{"taxonomy":"product_tag","embeddable":true,"href":"https:\/\/www.largepillow.com\/fr\/wp-json\/wp\/v2\/product_tag?post=538"}],"curies":[{"name":"wp","href":"https:\/\/api.w.org\/{rel}","templated":true}]}}