{"id":565,"date":"2022-09-16T02:43:46","date_gmt":"2022-09-16T02:43:46","guid":{"rendered":"https:\/\/www.largepillow.com\/product\/bed-wedge-bolster"},"modified":"2026-01-07T18:09:48","modified_gmt":"2026-01-07T18:09:48","slug":"oreiller-tete-de-lit","status":"publish","type":"product","link":"https:\/\/www.largepillow.com\/fr\/product\/headboard-pillow","title":{"rendered":"T\u00eate de lit Oreiller"},"content":{"rendered":"<p>Le confort et la polyvalence ultimes\u00a0: l&#039;oreiller de t\u00eate de lit<\/p>\n<p>Pr\u00e9parez-vous \u00e0 am\u00e9liorer votre confort et votre style avec notre oreiller de t\u00eate de lit exceptionnel, con\u00e7u pour vous offrir un soutien et une fonctionnalit\u00e9 in\u00e9gal\u00e9s.<\/p>\n<p>Un confort ultime pour tous les besoins<\/p>\n<p>Notre oreiller de t\u00eate de lit est m\u00e9ticuleusement con\u00e7u pour offrir le plus grand confort, que vous vous d\u00e9tendiez au lit, que vous vous pr\u00e9lassiez sur le canap\u00e9 ou que vous profitiez d&#039;un bon livre. Son rembourrage moelleux \u00e9pouse parfaitement votre corps, offrant un soutien exceptionnel \u00e0 votre t\u00eate, votre cou et votre dos.<\/p>\n<p>Des conceptions polyvalentes pour des usages multiples<\/p>\n<p>Cet oreiller multifonctionnel peut \u00eatre utilis\u00e9 d\u2019innombrables fa\u00e7ons :<\/p>\n<p>* Oreiller de lecture avec support dorsal : placez-le derri\u00e8re vous pour lire confortablement ou regarder la t\u00e9l\u00e9vision.<br \/>\n* Oreiller compens\u00e9 long : cr\u00e9ez une inclinaison confortable pour dormir ou sur\u00e9lever vos jambes.<br \/>\n* Oreiller pour les jambes : soutenez vos jambes et r\u00e9duisez la pression pour soulager l&#039;enflure et l&#039;inconfort.<\/p>\n<p>Mat\u00e9riaux haut de gamme pour la durabilit\u00e9 et le style<\/p>\n<p>Notre taie d&#039;oreiller est faite d&#039;un m\u00e9lange de polyester et de lin durable, avec des coutures exquises et une texture entrelac\u00e9e. Les fibres de polyester haute densit\u00e9 du rembourrage garantissent des ann\u00e9es d&#039;utilisation sans affaissement ni perte de forme.<\/p>\n<p>Nettoyage et commodit\u00e9 sans effort<\/p>\n<p>Entretenir votre oreiller de t\u00eate de lit est un jeu d\u2019enfant. La taie d&#039;oreiller peut \u00eatre facilement retir\u00e9e avec une simple fermeture \u00e9clair et mise dans la machine \u00e0 laver. Il dispose \u00e9galement d&#039;une poche lat\u00e9rale pratique pour ranger vos essentiels et les garder \u00e0 port\u00e9e de main.<\/p>\n<p>Ajustement parfait pour toutes les tailles de lit<\/p>\n<p>Choisissez parmi une gamme de tailles pour compl\u00e9ter parfaitement votre lit ou tout autre meuble. Du confortable 45 cm au g\u00e9n\u00e9reux 200 cm, vous trouverez la solution id\u00e9ale pour vos besoins.<\/p>\n<p>T\u00e9moignages de clients<\/p>\n<p>Notre oreiller de t\u00eate de lit a re\u00e7u des critiques \u00e9logieuses de la part de clients satisfaits\u00a0:<\/p>\n<p>* \u00ab\u00a0Cet oreiller est si confortable et offre un bon soutien. C&#039;est parfait pour lire au lit ou regarder la t\u00e9l\u00e9vision. J\u2019aime pouvoir l\u2019ajuster \u00e0 plusieurs positions.<br \/>\n* \u00ab Le tissu est doux et r\u00e9sistant, et les coutures sont de premier ordre. Je l&#039;ai lav\u00e9 plusieurs fois et il a toujours l&#039;air neuf.<br \/>\n* \u00ab La poche lat\u00e9rale est un ajout g\u00e9nial. C&#039;est tellement pratique d&#039;avoir un endroit pour ranger ma t\u00e9l\u00e9commande, mes livres ou mes collations.<\/p>\n<p>Am\u00e9liorez votre confort et votre style d\u00e8s aujourd&#039;hui avec l&#039;oreiller de t\u00eate de lit. C&#039;est le compl\u00e9ment parfait \u00e0 n&#039;importe quelle chambre ou espace de vie, et il deviendra certainement votre endroit pr\u00e9f\u00e9r\u00e9 pour vous d\u00e9tendre.<\/p>","protected":false},"excerpt":{"rendered":"<ul>\n<li><strong>Confort ultime\u00a0:<\/strong> Notre oreiller de t\u00eate de lit est con\u00e7u pour vous offrir le confort ultime lorsque vous lisez, regardez la t\u00e9l\u00e9vision ou dormez. Il est parfait pour le lit, le canap\u00e9, le lit de repos et plus encore\u00a0!<\/li>\n<li><strong>Conception multifonctionnelle\u00a0:<\/strong> Notre grand traversin peut \u00eatre utilis\u00e9 de plusieurs fa\u00e7ons : comme coussin de lecture pour le dos, comme coussin long ou comme coussin de jambe pour sur\u00e9lever vos jambes. Il est \u00e9l\u00e9gant et fonctionnel, ce qui en fait un excellent ajout \u00e0 n&#039;importe quelle chambre.<\/li>\n<li><strong>Mat\u00e9riaux haut de gamme\u00a0:<\/strong> Notre taie d&#039;oreiller est fabriqu\u00e9e en polyester 100% avec une texture entrelac\u00e9e et des coutures exquises qui sont robustes tout autour. Le rembourrage est compos\u00e9 de fibres de polyester haute densit\u00e9 et de haute qualit\u00e9 qui emp\u00eachent l&#039;affaissement m\u00eame apr\u00e8s des mois d&#039;utilisation.<\/li>\n<li><strong>Facile \u00e0 nettoyer:<\/strong> La housse de coussin de t\u00eate de lit est fix\u00e9e \u00e0 l&#039;oreiller avec des boutons et est facile \u00e0 retirer avec une simple fermeture \u00e9clair. Retirez simplement la housse et effectuez un lavage rapide en machine pour donner \u00e0 votre oreiller un aspect neuf.<\/li>\n<li><strong>Poche de rangement parfaite\u00a0:<\/strong> Notre oreiller de t\u00eate de lit est dot\u00e9 d&#039;une poche lat\u00e9rale pratique, garantissant que vous ne perdrez plus jamais votre t\u00e9l\u00e9commande.<\/li>\n<li><strong>Tissu:<\/strong>\u00a0M\u00e9lange de polyester et de lin.<\/li>\n<li><strong>Taille:<\/strong> 45 cm (L45 x L20 x H50 | 0 boutons), 60 cm (L60 x L20 x H50 | 0 boutons), 80 cm (L80 x L20 x H50 | 2 boutons), 100 cm (L100 x L20 x H50 | 3 boutons), 120 cm ( L120 x L20 x H50 | 4 boutons), 140 cm (L140 x L20 x H50 | 4 boutons), 160 cm (L160 x L20 x H50 | 5 boutons), 180 cm (L180 x L20 x H50 | 6 boutons), 200 cm (L200 x L20 x H50 | 7 boutons).<\/li>\n<\/ul>","protected":false},"featured_media":548,"comment_status":"open","ping_status":"closed","template":"","meta":[],"product_brand":[],"product_cat":[15],"product_tag":[187,102,75,201,168,131,189,184,143,59,65],"class_list":{"0":"post-565","1":"product","2":"type-product","3":"status-publish","4":"has-post-thumbnail","6":"product_cat-large-wedge-pillow","7":"product_tag-back-support-reading-pillow","8":"product_tag-couch-pillow","9":"product_tag-daybed-pillow","10":"product_tag-grey-pillow","11":"product_tag-headboard-pillow","12":"product_tag-leg-support-pillow","13":"product_tag-linen-pillow","14":"product_tag-long-wedge-pillow","15":"product_tag-multifunctional-pillow","16":"product_tag-reading-pillow","17":"product_tag-wedge-pillow","19":"first","20":"instock","21":"shipping-taxable","22":"purchasable","23":"product-type-variable"},"_links":{"self":[{"href":"https:\/\/www.largepillow.com\/fr\/wp-json\/wp\/v2\/product\/565","targetHints":{"allow":["GET"]}}],"collection":[{"href":"https:\/\/www.largepillow.com\/fr\/wp-json\/wp\/v2\/product"}],"about":[{"href":"https:\/\/www.largepillow.com\/fr\/wp-json\/wp\/v2\/types\/product"}],"replies":[{"embeddable":true,"href":"https:\/\/www.largepillow.com\/fr\/wp-json\/wp\/v2\/comments?post=565"}],"wp:featuredmedia":[{"embeddable":true,"href":"https:\/\/www.largepillow.com\/fr\/wp-json\/wp\/v2\/media\/548"}],"wp:attachment":[{"href":"https:\/\/www.largepillow.com\/fr\/wp-json\/wp\/v2\/media?parent=565"}],"wp:term":[{"taxonomy":"product_brand","embeddable":true,"href":"https:\/\/www.largepillow.com\/fr\/wp-json\/wp\/v2\/product_brand?post=565"},{"taxonomy":"product_cat","embeddable":true,"href":"https:\/\/www.largepillow.com\/fr\/wp-json\/wp\/v2\/product_cat?post=565"},{"taxonomy":"product_tag","embeddable":true,"href":"https:\/\/www.largepillow.com\/fr\/wp-json\/wp\/v2\/product_tag?post=565"}],"curies":[{"name":"wp","href":"https:\/\/api.w.org\/{rel}","templated":true}]}}