{"id":5959,"date":"2025-02-02T13:23:53","date_gmt":"2025-02-02T13:23:53","guid":{"rendered":"https:\/\/www.largepillow.com\/product\/side-sleeper-pillow-with-arm-hole-foam-wedge-for-neck-and-shoulder-pain"},"modified":"2025-11-23T05:21:48","modified_gmt":"2025-11-23T05:21:48","slug":"oreiller-pour-dormir-sur-le-cote-avec-cale-en-mousse-pour-les-bras-pour-les-douleurs-au-cou-et-aux-epaules","status":"publish","type":"product","link":"https:\/\/www.largepillow.com\/fr\/product\/side-sleeper-pillow-with-arm-hole-foam-wedge-for-neck-and-shoulder-pain","title":{"rendered":"Oreiller pour dormir sur le c\u00f4t\u00e9 avec trou pour les bras et cale-mousse pour les douleurs au cou et aux \u00e9paules"},"content":{"rendered":"[zc_getpagecontent mb=&#8221;mb_aplus&#8221; apid=&#8221;116&#8243;]\n","protected":false},"excerpt":{"rendered":"<ul>\n<li>Conception avanc\u00e9e : notre nouvelle version de l&#039;oreiller lat\u00e9ral pour les douleurs aux \u00e9paules comprend trois parties essentielles : un oreiller compens\u00e9 en mousse pour un soutien stable, un petit appui-t\u00eate et un oreiller de corps confortable en forme de H. Cette conception r\u00e9volutionnaire offre des am\u00e9liorations fonctionnelles significatives par rapport aux oreillers de corps traditionnels en forme de U, permettant des changements de c\u00f4t\u00e9 sans effort pendant le sommeil.<\/li>\n<li>Fonctionnalit\u00e9 am\u00e9lior\u00e9e : contrairement aux oreillers lat\u00e9raux en forme de U classiques qui entravent les mouvements pendant le sommeil, notre oreiller de corps en forme de H et notre conception d&#039;appui-t\u00eate s\u00e9par\u00e9 permettent un mouvement facile des bras et des changements de c\u00f4t\u00e9. La pente optimis\u00e9e de l&#039;oreiller compens\u00e9 assure un soutien doux, r\u00e9pondant aux divers besoins des dormeurs lat\u00e9raux.<\/li>\n<li>Soulagement de la pression des bras : b\u00e9n\u00e9ficiez d&#039;un confort in\u00e9gal\u00e9 gr\u00e2ce \u00e0 la conception astucieuse du double trou pour les bras de l&#039;oreiller en mousse. Cette conception soulage la pression des bras, favorise une meilleure circulation sanguine et assure une nuit de sommeil r\u00e9paratrice sans l&#039;inconfort des bras pendants.<\/li>\n<li>Confort ultime : Fabriqu\u00e9 \u00e0 partir de fibres de polyester douces et moelleuses, l&#039;oreiller de corps en forme de H et l&#039;appuie-t\u00eate garantissent un confort maximal pendant votre sommeil. Le tissu respirant de la taie d&#039;oreiller assure une nuit de sommeil r\u00e9paratrice. L&#039;oreiller ergonomique en mousse cale sur\u00e9l\u00e8ve le haut du corps, soulageant efficacement les maux de dos, le reflux acide et les br\u00fblures d&#039;estomac. Rempli de mousse haute densit\u00e9 pour une stabilit\u00e9 durable, cet oreiller offre un soutien ferme tout au long de la nuit, aidant les dormeurs lat\u00e9raux \u00e0 r\u00e9cup\u00e9rer plus rapidement.<\/li>\n<li>Soutien complet : profitez d&#039;un soutien complet du corps gr\u00e2ce \u00e0 la partie sup\u00e9rieure allong\u00e9e de l&#039;oreiller ergonomique en forme de H pour dormeur lat\u00e9ral, qui s&#039;\u00e9tend de la t\u00eate aux pieds. Que ce soient vos hanches, votre dos, votre cou ou votre abdomen qui n\u00e9cessitent une relaxation, cet oreiller corporel offre un soutien sur mesure. La conception de connexion au milieu de l&#039;oreiller corporel garantit que les oreillers pour dormeurs lat\u00e9raux pour adultes ne s&#039;enroulent pas autour de votre corps lorsque vous vous retournez.<\/li>\n<\/ul>","protected":false},"featured_media":5945,"comment_status":"open","ping_status":"closed","template":"","meta":[],"product_brand":[],"product_cat":[228],"product_tag":[],"class_list":{"0":"post-5959","1":"product","2":"type-product","3":"status-publish","4":"has-post-thumbnail","6":"product_cat-cushions","8":"first","9":"instock","10":"shipping-taxable","11":"purchasable","12":"product-type-variable","13":"has-default-attributes"},"_links":{"self":[{"href":"https:\/\/www.largepillow.com\/fr\/wp-json\/wp\/v2\/product\/5959","targetHints":{"allow":["GET"]}}],"collection":[{"href":"https:\/\/www.largepillow.com\/fr\/wp-json\/wp\/v2\/product"}],"about":[{"href":"https:\/\/www.largepillow.com\/fr\/wp-json\/wp\/v2\/types\/product"}],"replies":[{"embeddable":true,"href":"https:\/\/www.largepillow.com\/fr\/wp-json\/wp\/v2\/comments?post=5959"}],"wp:featuredmedia":[{"embeddable":true,"href":"https:\/\/www.largepillow.com\/fr\/wp-json\/wp\/v2\/media\/5945"}],"wp:attachment":[{"href":"https:\/\/www.largepillow.com\/fr\/wp-json\/wp\/v2\/media?parent=5959"}],"wp:term":[{"taxonomy":"product_brand","embeddable":true,"href":"https:\/\/www.largepillow.com\/fr\/wp-json\/wp\/v2\/product_brand?post=5959"},{"taxonomy":"product_cat","embeddable":true,"href":"https:\/\/www.largepillow.com\/fr\/wp-json\/wp\/v2\/product_cat?post=5959"},{"taxonomy":"product_tag","embeddable":true,"href":"https:\/\/www.largepillow.com\/fr\/wp-json\/wp\/v2\/product_tag?post=5959"}],"curies":[{"name":"wp","href":"https:\/\/api.w.org\/{rel}","templated":true}]}}