{"id":614,"date":"2022-09-16T03:33:52","date_gmt":"2022-09-16T03:33:52","guid":{"rendered":"https:\/\/www.largepillow.com\/product\/bed-wedge-pillow-2"},"modified":"2026-04-11T08:10:25","modified_gmt":"2026-04-11T08:10:25","slug":"grand-dos-oreiller-pour-lit","status":"publish","type":"product","link":"https:\/\/www.largepillow.com\/fr\/product\/large-back-pillow-for-bed","title":{"rendered":"Grand oreiller arri\u00e8re pour lit"},"content":{"rendered":"<p>Faites l&#039;exp\u00e9rience d&#039;un confort ultime avec notre grand oreiller de dos haut de gamme pour lit.<\/p>\n<p>Offrez-vous un confort in\u00e9gal\u00e9 avec notre luxueux grand oreiller pour le dos, con\u00e7u pour rehausser votre exp\u00e9rience au coucher. Que vous soyez un rat de biblioth\u00e8que perdu dans un conte, un amateur de cin\u00e9ma ou simplement \u00e0 la recherche d&#039;un dossier confortable, notre oreiller de t\u00eate de lit est l\u00e0 pour vous.<\/p>\n<p>Polyvalent et multifonctionnel<\/p>\n<p>La polyvalence de notre traversin ne conna\u00eet pas de limites. Utilisez-le comme dossier de soutien pour la lecture, comme long oreiller compens\u00e9 pour plus de confort ou m\u00eame comme oreiller de jambe pour apaiser les muscles fatigu\u00e9s. Son design \u00e9l\u00e9gant en fait un ajout bienvenu \u00e0 tout d\u00e9cor de chambre.<\/p>\n<p>Mat\u00e9riaux haut de gamme, soutien in\u00e9branlable<\/p>\n<p>Fabriqu\u00e9e \u00e0 partir d&#039;un m\u00e9lange de polyester et de lin 100% de qualit\u00e9 sup\u00e9rieure, notre taie d&#039;oreiller pr\u00e9sente une texture entrelac\u00e9e et des coutures exquises qui respirent la durabilit\u00e9. Le rembourrage en fibres de polyester haute densit\u00e9 et de haute qualit\u00e9 assure un soutien exceptionnel, emp\u00eachant l&#039;affaissement m\u00eame apr\u00e8s une utilisation prolong\u00e9e.<\/p>\n<p>Entretien sans effort<\/p>\n<p>Maintenir l\u2019\u00e9tat impeccable de notre oreiller de t\u00eate de lit est un jeu d\u2019enfant. D\u00e9compressez simplement la housse de coussin avec la fermeture \u00e9clair facile d&#039;acc\u00e8s et jetez-la dans la machine \u00e0 laver pour un nettoyage sans effort. C&#039;est aussi simple que \u00e7a!<\/p>\n<p>Poche de rangement pratique<\/p>\n<p>Ne perdez plus jamais votre t\u00e9l\u00e9commande\u00a0! Notre oreiller de t\u00eate de lit est dot\u00e9 d&#039;une poche lat\u00e9rale astucieuse, offrant un endroit s\u00fbr et pratique pour ranger vos essentiels.<\/p>\n<p>T\u00e9moignages de clients<\/p>\n<p>\u00ab Cet oreiller est incroyablement confortable ! Je l&#039;utilise pour lire au lit et cela rend ma routine nocturne beaucoup plus agr\u00e9able. \u2013Sarah J.<\/p>\n<p>\u00abJ&#039;adore la polyvalence de cet oreiller. C&#039;est parfait pour se pr\u00e9lasser et dormir. La poche de rangement est un bonus fantastique\u00a0!\u00a0\u00bb \u2013 \u00c9milie B.<\/p>\n<p>Tailles disponibles<\/p>\n<p>Notre grand coussin de dos est disponible dans une gamme de tailles pour r\u00e9pondre \u00e0 vos besoins :<\/p>\n<p>* 45 cm (L45 x L20 x H50)<br \/>\n* 60 cm (L60 x L20 x H50)<br \/>\n* 80 cm (L80 x L20 x H50)<br \/>\n* 100 cm (L100 x L20 x H50)<br \/>\n* 120 cm (L120 x L20 x H50)<br \/>\n* 140 cm (L140 x L20 x H50)<br \/>\n* 160 cm (L160 x L20 x H50)<br \/>\n* 180 cm (L180 x L20 x H50)<br \/>\n* 200 cm (L200 x L20 x H50)<\/p>\n<p>Am\u00e9liorez votre exp\u00e9rience de sommeil et de d\u00e9tente avec notre grand oreiller de dos pour lit d\u00e8s aujourd&#039;hui. Commandez maintenant et profitez du confort ultime\u00a0!<\/p>","protected":false},"excerpt":{"rendered":"<ul>\n<li><strong>Confort ultime\u00a0:<\/strong> Notre oreiller de t\u00eate de lit est con\u00e7u pour vous offrir le confort ultime lorsque vous lisez, regardez la t\u00e9l\u00e9vision ou dormez. Il est parfait pour le lit, le canap\u00e9, le lit de repos et plus encore\u00a0!<\/li>\n<li><strong>Conception multifonctionnelle\u00a0:<\/strong> Notre grand traversin peut \u00eatre utilis\u00e9 de plusieurs fa\u00e7ons : comme coussin de lecture pour le dos, comme coussin long ou comme coussin de jambe pour sur\u00e9lever vos jambes. Il est \u00e9l\u00e9gant et fonctionnel, ce qui en fait un excellent ajout \u00e0 n&#039;importe quelle chambre.<\/li>\n<li><strong>Mat\u00e9riaux haut de gamme\u00a0:<\/strong> Notre taie d&#039;oreiller est fabriqu\u00e9e en polyester 100% avec une texture entrelac\u00e9e et des coutures exquises qui sont robustes tout autour. Le rembourrage est compos\u00e9 de fibres de polyester haute densit\u00e9 et de haute qualit\u00e9 qui emp\u00eachent l&#039;affaissement m\u00eame apr\u00e8s des mois d&#039;utilisation.<\/li>\n<li><strong>Facile \u00e0 nettoyer:<\/strong> La housse de coussin de t\u00eate de lit est fix\u00e9e \u00e0 l&#039;oreiller avec des boutons et est facile \u00e0 retirer avec une simple fermeture \u00e9clair. Retirez simplement la housse et effectuez un lavage rapide en machine pour donner \u00e0 votre oreiller un aspect neuf.<\/li>\n<li><strong>Poche de rangement parfaite\u00a0:<\/strong> Notre oreiller de t\u00eate de lit est dot\u00e9 d&#039;une poche lat\u00e9rale pratique, garantissant que vous ne perdrez plus jamais votre t\u00e9l\u00e9commande.<\/li>\n<li><strong>Tissu:<\/strong>\u00a0M\u00e9lange de polyester et de lin.<\/li>\n<li><strong>Taille:<\/strong> 45 cm (L45 x L20 x H50 | 0 boutons), 60 cm (L60 x L20 x H50 | 0 boutons), 80 cm (L80 x L20 x H50 | 2 boutons), 100 cm (L100 x L20 x H50 | 3 boutons), 120 cm ( L120 x L20 x H50 | 4 boutons), 140 cm (L140 x L20 x H50 | 4 boutons), 160 cm (L160 x L20 x H50 | 5 boutons), 180 cm (L180 x L20 x H50 | 6 boutons), 200 cm (L200 x L20 x H50 | 7 boutons).<\/li>\n<\/ul>","protected":false},"featured_media":600,"comment_status":"open","ping_status":"closed","template":"","meta":[],"product_brand":[],"product_cat":[15],"product_tag":[187,75,168,197,189,184,143,59,71,198],"class_list":{"0":"post-614","1":"product","2":"type-product","3":"status-publish","4":"has-post-thumbnail","6":"product_cat-large-wedge-pillow","7":"product_tag-back-support-reading-pillow","8":"product_tag-daybed-pillow","9":"product_tag-headboard-pillow","10":"product_tag-large-back-pillow-for-bed","11":"product_tag-linen-pillow","12":"product_tag-long-wedge-pillow","13":"product_tag-multifunctional-pillow","14":"product_tag-reading-pillow","15":"product_tag-tv-pillow","16":"product_tag-white-pillow","18":"first","19":"instock","20":"featured","21":"shipping-taxable","22":"purchasable","23":"product-type-variable"},"_links":{"self":[{"href":"https:\/\/www.largepillow.com\/fr\/wp-json\/wp\/v2\/product\/614","targetHints":{"allow":["GET"]}}],"collection":[{"href":"https:\/\/www.largepillow.com\/fr\/wp-json\/wp\/v2\/product"}],"about":[{"href":"https:\/\/www.largepillow.com\/fr\/wp-json\/wp\/v2\/types\/product"}],"replies":[{"embeddable":true,"href":"https:\/\/www.largepillow.com\/fr\/wp-json\/wp\/v2\/comments?post=614"}],"wp:featuredmedia":[{"embeddable":true,"href":"https:\/\/www.largepillow.com\/fr\/wp-json\/wp\/v2\/media\/600"}],"wp:attachment":[{"href":"https:\/\/www.largepillow.com\/fr\/wp-json\/wp\/v2\/media?parent=614"}],"wp:term":[{"taxonomy":"product_brand","embeddable":true,"href":"https:\/\/www.largepillow.com\/fr\/wp-json\/wp\/v2\/product_brand?post=614"},{"taxonomy":"product_cat","embeddable":true,"href":"https:\/\/www.largepillow.com\/fr\/wp-json\/wp\/v2\/product_cat?post=614"},{"taxonomy":"product_tag","embeddable":true,"href":"https:\/\/www.largepillow.com\/fr\/wp-json\/wp\/v2\/product_tag?post=614"}],"curies":[{"name":"wp","href":"https:\/\/api.w.org\/{rel}","templated":true}]}}