{"id":665,"date":"2022-09-16T03:51:40","date_gmt":"2022-09-16T03:51:40","guid":{"rendered":"https:\/\/www.largepillow.com\/product\/bed-wedge-cushion"},"modified":"2025-12-13T21:06:55","modified_gmt":"2025-12-13T21:06:55","slug":"coussin-tete-de-lit","status":"publish","type":"product","link":"https:\/\/www.largepillow.com\/fr\/product\/bed-headboard-cushion","title":{"rendered":"Coussin de t\u00eate de lit"},"content":{"rendered":"<p>Notre coussin de t\u00eate de lit \u2013 votre solution ultime pour le confort et la commodit\u00e9. Que vous lisiez, regardiez la t\u00e9l\u00e9vision ou dormiez, notre oreiller de t\u00eate de lit est con\u00e7u pour offrir un confort et un soutien optimaux \u00e0 votre t\u00eate, votre dos et vos jambes.<\/p>\n<p>Fabriqu\u00e9e avec un m\u00e9lange haut de gamme de polyester et de lin, notre taie d&#039;oreiller pr\u00e9sente une texture entrelac\u00e9e et des coutures exquises qui sont robustes et durables. Le rembourrage est compos\u00e9 de fibres de polyester haute densit\u00e9 et de haute qualit\u00e9 qui emp\u00eachent l&#039;affaissement, m\u00eame apr\u00e8s des mois d&#039;utilisation.<\/p>\n<p>Notre grand traversin est multifonctionnel et peut \u00eatre utilis\u00e9 comme oreiller de lecture pour le dos, comme oreiller long ou comme oreiller pour les jambes pour sur\u00e9lever vos jambes. Il est \u00e9l\u00e9gant et fonctionnel, ce qui en fait un excellent ajout \u00e0 n&#039;importe quelle chambre.<\/p>\n<p>L&#039;une des caract\u00e9ristiques pr\u00e9f\u00e9r\u00e9es de nos clients est la housse facile \u00e0 nettoyer. Attach\u00e9 avec des boutons et une fermeture \u00e9clair, retirez simplement la housse et effectuez un lavage rapide en machine pour donner \u00e0 votre oreiller un aspect neuf.<\/p>\n<p>Mais ce n&#039;est pas tout : notre oreiller de t\u00eate de lit comprend \u00e9galement une poche lat\u00e9rale pratique pour le rangement. Vous ne perdrez plus jamais votre t\u00e9l\u00e9commande\u00a0!<\/p>\n<p>Nous proposons une vari\u00e9t\u00e9 de tailles pour s&#039;adapter \u00e0 n&#039;importe quel lit : 45 cm, 60 cm, 80 cm, 100 cm, 120 cm, 140 cm, 160 cm, 180 cm et 200 cm, toutes avec un nombre diff\u00e9rent de boutons pour s&#039;adapter parfaitement \u00e0 votre cadre de lit.<\/p>\n<p>Un client satisfait a d\u00e9clar\u00e9 : \u00ab J\u2019adore ce coussin de t\u00eate de lit. La mati\u00e8re en coton et lin est douce et confortable. La couleur bleue est magnifique et s&#039;accorde parfaitement avec ma literie. De plus, la poche lat\u00e9rale est tr\u00e8s pratique pour mon t\u00e9l\u00e9phone et ma t\u00e9l\u00e9commande.<\/p>\n<p>Investissez dans votre confort avec notre coussin de t\u00eate de lit. Commandez maintenant et transformez votre lit en un refuge douillet.<\/p>","protected":false},"excerpt":{"rendered":"<ul>\n<li><strong>Confort ultime\u00a0:<\/strong> Notre oreiller de t\u00eate de lit est con\u00e7u pour vous offrir le confort ultime lorsque vous lisez, regardez la t\u00e9l\u00e9vision ou dormez. Il est parfait pour le lit, le canap\u00e9, le lit de repos et plus encore\u00a0!<\/li>\n<li><strong>Conception multifonctionnelle\u00a0:<\/strong> Notre grand traversin peut \u00eatre utilis\u00e9 de plusieurs fa\u00e7ons : comme coussin de lecture pour le dos, comme coussin long ou comme coussin de jambe pour sur\u00e9lever vos jambes. Il est \u00e9l\u00e9gant et fonctionnel, ce qui en fait un excellent ajout \u00e0 n&#039;importe quelle chambre.<\/li>\n<li><strong>Mat\u00e9riaux haut de gamme\u00a0:<\/strong> Notre taie d&#039;oreiller est fabriqu\u00e9e en polyester 100% avec une texture entrelac\u00e9e et des coutures exquises qui sont robustes tout autour. Le rembourrage est compos\u00e9 de fibres de polyester haute densit\u00e9 et de haute qualit\u00e9 qui emp\u00eachent l&#039;affaissement m\u00eame apr\u00e8s des mois d&#039;utilisation.<\/li>\n<li><strong>Facile \u00e0 nettoyer:<\/strong> La housse de coussin de t\u00eate de lit est fix\u00e9e \u00e0 l&#039;oreiller avec des boutons et est facile \u00e0 retirer avec une simple fermeture \u00e9clair. Retirez simplement la housse et effectuez un lavage rapide en machine pour donner \u00e0 votre oreiller un aspect neuf.<\/li>\n<li><strong>Poche de rangement parfaite\u00a0:<\/strong> Notre oreiller de t\u00eate de lit est dot\u00e9 d&#039;une poche lat\u00e9rale pratique, garantissant que vous ne perdrez plus jamais votre t\u00e9l\u00e9commande.<\/li>\n<li><strong>Tissu:<\/strong>\u00a0M\u00e9lange de polyester et de lin.<\/li>\n<li><strong>Taille:<\/strong> 45 cm (L45 x L20 x H50 | 0 boutons), 60 cm (L60 x L20 x H50 | 0 boutons), 80 cm (L80 x L20 x H50 | 2 boutons), 100 cm (L100 x L20 x H50 | 3 boutons), 120 cm ( L120 x L20 x H50 | 4 boutons), 140 cm (L140 x L20 x H50 | 4 boutons), 160 cm (L160 x L20 x H50 | 5 boutons), 180 cm (L180 x L20 x H50 | 6 boutons), 200 cm (L200 x L20 x H50 | 7 boutons).<\/li>\n<\/ul>","protected":false},"featured_media":650,"comment_status":"open","ping_status":"closed","template":"","meta":[],"product_brand":[],"product_cat":[15],"product_tag":[193,194,75,192,191,189,143,59,71,167,68],"class_list":{"0":"post-665","1":"product","2":"type-product","3":"status-publish","4":"has-post-thumbnail","6":"product_cat-large-wedge-pillow","7":"product_tag-bed-headboard-cushion","8":"product_tag-blue-pillow","9":"product_tag-daybed-pillow","10":"product_tag-headboard-cushion","11":"product_tag-headboard-pillow-wedge","12":"product_tag-linen-pillow","13":"product_tag-multifunctional-pillow","14":"product_tag-reading-pillow","15":"product_tag-tv-pillow","16":"product_tag-wedge-bolster-pillow","17":"product_tag-wedge-reading-pillow","19":"first","20":"instock","21":"featured","22":"shipping-taxable","23":"purchasable","24":"product-type-variable"},"_links":{"self":[{"href":"https:\/\/www.largepillow.com\/fr\/wp-json\/wp\/v2\/product\/665","targetHints":{"allow":["GET"]}}],"collection":[{"href":"https:\/\/www.largepillow.com\/fr\/wp-json\/wp\/v2\/product"}],"about":[{"href":"https:\/\/www.largepillow.com\/fr\/wp-json\/wp\/v2\/types\/product"}],"replies":[{"embeddable":true,"href":"https:\/\/www.largepillow.com\/fr\/wp-json\/wp\/v2\/comments?post=665"}],"wp:featuredmedia":[{"embeddable":true,"href":"https:\/\/www.largepillow.com\/fr\/wp-json\/wp\/v2\/media\/650"}],"wp:attachment":[{"href":"https:\/\/www.largepillow.com\/fr\/wp-json\/wp\/v2\/media?parent=665"}],"wp:term":[{"taxonomy":"product_brand","embeddable":true,"href":"https:\/\/www.largepillow.com\/fr\/wp-json\/wp\/v2\/product_brand?post=665"},{"taxonomy":"product_cat","embeddable":true,"href":"https:\/\/www.largepillow.com\/fr\/wp-json\/wp\/v2\/product_cat?post=665"},{"taxonomy":"product_tag","embeddable":true,"href":"https:\/\/www.largepillow.com\/fr\/wp-json\/wp\/v2\/product_tag?post=665"}],"curies":[{"name":"wp","href":"https:\/\/api.w.org\/{rel}","templated":true}]}}