{"id":712,"date":"2022-09-16T05:49:00","date_gmt":"2022-09-16T05:49:00","guid":{"rendered":"https:\/\/www.largepillow.com\/product\/triangle-pillow"},"modified":"2025-08-21T14:57:02","modified_gmt":"2025-08-21T14:57:02","slug":"gros-oreiller-pour-tete-de-lit","status":"publish","type":"product","link":"https:\/\/www.largepillow.com\/fr\/product\/big-pillow-for-bed-headboard","title":{"rendered":"Grand oreiller pour t\u00eate de lit"},"content":{"rendered":"<p>Am\u00e9liorez votre confort avec le grand oreiller pour t\u00eate de lit\u00a0: un incontournable pour chaque maison<\/p>\n<p>Dans la qu\u00eate du confort ultime dans nos espaces de vie, la t\u00eate de lit Big Pillow For Bed se distingue comme un ajout polyvalent et essentiel \u00e0 toute chambre, salon ou coin confortable moderne. Cet oreiller multifonctionnel n\u2019est pas seulement une pi\u00e8ce de d\u00e9coration ; c&#039;est un compagnon pour vos moments de d\u00e9tente, con\u00e7u pour am\u00e9liorer votre confort, que vous vous livriez \u00e0 votre livre pr\u00e9f\u00e9r\u00e9, que vous rattrapiez votre s\u00e9rie pr\u00e9f\u00e9r\u00e9e ou que vous vous endormiez dans un sommeil paisible.<\/p>\n<p>Confort ultime red\u00e9fini<\/p>\n<p>Con\u00e7ue pour r\u00e9pondre \u00e0 vos besoins de confort, la t\u00eate de lit Big Pillow For Bed est con\u00e7ue pour servir de partenaire de relaxation ultime. Qu&#039;il soit plac\u00e9 contre une t\u00eate de lit, sur un canap\u00e9 ou un lit de repos, il promet un confort et un soutien in\u00e9gal\u00e9s. Sa polyvalence s&#039;\u00e9tend au-del\u00e0 d&#039;un simple oreiller de lecture pour le dos ; il sert de long oreiller compens\u00e9 ou de coussin de jambe pour sur\u00e9lever vos jambes, incarnant \u00e0 la fois style et fonctionnalit\u00e9.<\/p>\n<p>Mat\u00e9riaux haut de gamme pour un confort durable<\/p>\n<p>Int\u00e9grant du polyester 100% pour la taie d&#039;oreiller avec une texture entrelac\u00e9e exquise et des coutures pr\u00e9cises, la durabilit\u00e9 est garantie. Les fibres de polyester haute densit\u00e9 utilis\u00e9es comme rembourrage garantissent que l&#039;oreiller conserve sa forme et son soutien, luttant ainsi contre l&#039;affaissement m\u00eame apr\u00e8s une utilisation prolong\u00e9e. Cet engagement envers des mat\u00e9riaux de qualit\u00e9 garantit que votre confort n&#039;est jamais compromis.<\/p>\n<p>Entretien sans effort<\/p>\n<p>Comprenant le besoin de facilit\u00e9 et de commodit\u00e9, en particulier dans le monde tr\u00e9pidant d&#039;aujourd&#039;hui, la t\u00eate de lit Big Pillow For Bed est dot\u00e9e d&#039;une housse qui s&#039;enl\u00e8ve sans effort gr\u00e2ce \u00e0 un simple m\u00e9canisme de fermeture \u00e0 glissi\u00e8re. Attach\u00e9e \u00e0 l&#039;aide de boutons, la housse peut \u00eatre facilement retir\u00e9e pour un lavage rapide en machine, gardant votre oreiller frais et accueillant.<\/p>\n<p>Con\u00e7u en pensant \u00e0 vous<\/p>\n<p>L&#039;une des caract\u00e9ristiques les plus remarquables est la poche de rangement innovante, ing\u00e9nieusement con\u00e7ue pour garder les objets essentiels tels que les t\u00e9l\u00e9commandes \u00e0 port\u00e9e de main, \u00e9liminant ainsi la frustration des objets \u00e9gar\u00e9s. De plus, le m\u00e9lange de tissus de polyester et de lin offre non seulement une durabilit\u00e9 mais aussi une touche d&#039;\u00e9l\u00e9gance \u00e0 n&#039;importe quel espace.<\/p>\n<p>Polyvalence de taille<\/p>\n<p>Avec une gamme de tailles allant de 45 cm \u00e0 200 cm, \u00e9quip\u00e9es d&#039;un nombre variable de boutons pour une variation esth\u00e9tique et fonctionnelle, il existe une t\u00eate de lit Big Pillow For Bed adapt\u00e9e \u00e0 tous les besoins et \u00e0 tous les espaces. Que vous ayez un lit simple compact ou un lit king-size tentaculaire, cet oreiller de t\u00eate de lit peut \u00eatre personnalis\u00e9 pour correspondre.<\/p>\n<p>Acclamation des clients\u00a0: exp\u00e9riences r\u00e9elles<\/p>\n<p>Nos clients, repr\u00e9sent\u00e9s par une s\u00e9rie de commentaires positifs, ont partag\u00e9 leurs exp\u00e9riences, soulignant le m\u00e9lange de tissus de haute qualit\u00e9 compos\u00e9 de \u00ab coussin de dossier triangulaire, coton et lin \u00bb, qui ajoute une touche de luxe et de confort \u00e0 leurs espaces. Beaucoup ont lou\u00e9 sa conception multifonctionnelle, notant \u00e0 quel point elle a consid\u00e9rablement am\u00e9lior\u00e9 leur confort lors de diverses activit\u00e9s comme lire et dormir. La fonction de nettoyage facile a \u00e9galement \u00e9t\u00e9 un aspect tr\u00e8s appr\u00e9ci\u00e9, soulignant le m\u00e9lange de fonctionnalit\u00e9 et de simplicit\u00e9 de l&#039;oreiller.<\/p>\n<p>Conclusion<\/p>\n<p>Le Big Pillow For Bed Headboard est plus qu\u2019un simple oreiller ; c&#039;est un t\u00e9moignage de la fusion de la fonctionnalit\u00e9, du confort et du style. Ses mat\u00e9riaux haut de gamme, sa facilit\u00e9 d&#039;entretien et sa conception multifonctionnelle en font un accessoire indispensable dans toute maison. Am\u00e9liorez votre confort et ajoutez une touche d&#039;\u00e9l\u00e9gance \u00e0 votre espace avec cet oreiller incontournable. Comme nos clients satisfaits le savent d\u00e9j\u00e0, c&#039;est un investissement dans votre confort et l&#039;esth\u00e9tique de votre maison.<\/p>","protected":false},"excerpt":{"rendered":"<ul>\n<li><strong>Confort ultime\u00a0:<\/strong> Notre oreiller de t\u00eate de lit est con\u00e7u pour vous offrir le confort ultime lorsque vous lisez, regardez la t\u00e9l\u00e9vision ou dormez. Il est parfait pour le lit, le canap\u00e9, le lit de repos et plus encore\u00a0!<\/li>\n<li><strong>Conception multifonctionnelle\u00a0:<\/strong> Notre grand traversin peut \u00eatre utilis\u00e9 de plusieurs fa\u00e7ons : comme coussin de lecture pour le dos, comme coussin long ou comme coussin de jambe pour sur\u00e9lever vos jambes. Il est \u00e9l\u00e9gant et fonctionnel, ce qui en fait un excellent ajout \u00e0 n&#039;importe quelle chambre.<\/li>\n<li><strong>Mat\u00e9riaux haut de gamme\u00a0:<\/strong> Notre taie d&#039;oreiller est fabriqu\u00e9e en polyester 100% avec une texture entrelac\u00e9e et des coutures exquises qui sont robustes tout autour. Le rembourrage est compos\u00e9 de fibres de polyester haute densit\u00e9 et de haute qualit\u00e9 qui emp\u00eachent l&#039;affaissement m\u00eame apr\u00e8s des mois d&#039;utilisation.<\/li>\n<li><strong>Facile \u00e0 nettoyer:<\/strong> La housse de coussin de t\u00eate de lit est fix\u00e9e \u00e0 l&#039;oreiller avec des boutons et est facile \u00e0 retirer avec une simple fermeture \u00e9clair. Retirez simplement la housse et effectuez un lavage rapide en machine pour donner \u00e0 votre oreiller un aspect neuf.<\/li>\n<li><strong>Poche de rangement parfaite\u00a0:<\/strong> Notre oreiller de t\u00eate de lit est dot\u00e9 d&#039;une poche lat\u00e9rale pratique, garantissant que vous ne perdrez plus jamais votre t\u00e9l\u00e9commande.<\/li>\n<li><strong>Tissu:<\/strong>\u00a0M\u00e9lange de polyester et de lin.<\/li>\n<li><strong>Taille:<\/strong> 45 cm (L45 x L20 x H50 | 0 boutons), 60 cm (L60 x L20 x H50 | 0 boutons), 80 cm (L80 x L20 x H50 | 2 boutons), 100 cm (L100 x L20 x H50 | 3 boutons), 120 cm ( L120 x L20 x H50 | 4 boutons), 140 cm (L140 x L20 x H50 | 4 boutons), 160 cm (L160 x L20 x H50 | 5 boutons), 180 cm (L180 x L20 x H50 | 6 boutons), 200 cm (L200 x L20 x H50 | 7 boutons).<\/li>\n<\/ul>","protected":false},"featured_media":698,"comment_status":"open","ping_status":"closed","template":"","meta":[],"product_brand":[],"product_cat":[15],"product_tag":[187,186,185,75,168,163,184,143],"class_list":{"0":"post-712","1":"product","2":"type-product","3":"status-publish","4":"has-post-thumbnail","6":"product_cat-large-wedge-pillow","7":"product_tag-back-support-reading-pillow","8":"product_tag-bed-headboard","9":"product_tag-big-pillow","10":"product_tag-daybed-pillow","11":"product_tag-headboard-pillow","12":"product_tag-leg-pillow","13":"product_tag-long-wedge-pillow","14":"product_tag-multifunctional-pillow","16":"first","17":"instock","18":"shipping-taxable","19":"purchasable","20":"product-type-variable"},"_links":{"self":[{"href":"https:\/\/www.largepillow.com\/fr\/wp-json\/wp\/v2\/product\/712","targetHints":{"allow":["GET"]}}],"collection":[{"href":"https:\/\/www.largepillow.com\/fr\/wp-json\/wp\/v2\/product"}],"about":[{"href":"https:\/\/www.largepillow.com\/fr\/wp-json\/wp\/v2\/types\/product"}],"replies":[{"embeddable":true,"href":"https:\/\/www.largepillow.com\/fr\/wp-json\/wp\/v2\/comments?post=712"}],"wp:featuredmedia":[{"embeddable":true,"href":"https:\/\/www.largepillow.com\/fr\/wp-json\/wp\/v2\/media\/698"}],"wp:attachment":[{"href":"https:\/\/www.largepillow.com\/fr\/wp-json\/wp\/v2\/media?parent=712"}],"wp:term":[{"taxonomy":"product_brand","embeddable":true,"href":"https:\/\/www.largepillow.com\/fr\/wp-json\/wp\/v2\/product_brand?post=712"},{"taxonomy":"product_cat","embeddable":true,"href":"https:\/\/www.largepillow.com\/fr\/wp-json\/wp\/v2\/product_cat?post=712"},{"taxonomy":"product_tag","embeddable":true,"href":"https:\/\/www.largepillow.com\/fr\/wp-json\/wp\/v2\/product_tag?post=712"}],"curies":[{"name":"wp","href":"https:\/\/api.w.org\/{rel}","templated":true}]}}