{"id":7330,"date":"2025-05-14T03:08:46","date_gmt":"2025-05-14T03:08:46","guid":{"rendered":"https:\/\/www.largepillow.com\/product\/back-support-reading-pillow-for-bed-headboard-cushion"},"modified":"2025-06-01T00:00:00","modified_gmt":"2025-06-01T00:00:00","slug":"coussin-de-lecture-pour-le-soutien-du-dos-pour-coussin-de-tete-de-lit","status":"publish","type":"product","link":"https:\/\/www.largepillow.com\/fr\/product\/back-support-reading-pillow-for-bed-headboard-cushion\/","title":{"rendered":"Coussin de lecture pour le dos et la t\u00eate de lit"},"content":{"rendered":"[zc_getpagecontent mb=&#8221;mb_aplus&#8221; apid=&#8221;125&#8243;]\n","protected":false},"excerpt":{"rendered":"<ul>\n<li>Confort ultime : Cet oreiller de t\u00eate de lit est con\u00e7u pour vous offrir un confort optimal pour lire, regarder la t\u00e9l\u00e9vision ou dormir. Il est id\u00e9al pour le lit, le canap\u00e9, le lit de repos et bien plus encore\u00a0!<\/li>\n<li>Ce grand oreiller triangulaire pr\u00e9sente un superbe design \u00e0 boutons touffet\u00e9s. Conseil de nettoyage\u00a0: la taie d&#039;oreiller est amovible et comporte des boutonni\u00e8res sous chaque bouton, mais les boutonni\u00e8res du tissu pliss\u00e9 sont plus petites, ce qui complique le remplacement de la taie.<\/li>\n<li>Polyvalent\u00a0: certains utilisent le coussin de dossier comme t\u00eate de lit, d&#039;autres comme coussin de protection. Il peut \u00e9galement servir de coussin de dossier pour canap\u00e9, lit de repos ou coussin d&#039;angle. \u00c9l\u00e9gant et fonctionnel, il est un excellent ajout \u00e0 toute chambre.<\/li>\n<li>Mat\u00e9riau de haute qualit\u00e9 : la coque est faite d&#039;un mat\u00e9riau lisse et doux, la housse du coussin de dossier de lit de repos multifonctionnel est respirante, d\u00e9licate au toucher et r\u00e9sistante \u00e0 l&#039;usure ; l&#039;insert de coussin triangulaire est rempli de coton PP, bon rebond et doux, ce qui est beaucoup plus doux que la mousse \u00e0 m\u00e9moire de forme.<\/li>\n<li>Oreiller compens\u00e9 bionique\u00a0: cet oreiller ergonomique soutient la courbure naturelle du dos et offre une \u00e9l\u00e9vation optimale du haut du corps, contribuant ainsi \u00e0 pr\u00e9venir de nombreux probl\u00e8mes de sant\u00e9. Il vous permet \u00e9galement de vous reposer confortablement lorsque vous lisez ou jouez \u00e0 l&#039;ordinateur, r\u00e9duisant ainsi le stress. Ce coussin offre un excellent soutien au dos et \u00e0 la nuque, r\u00e9duisant ainsi les tensions au niveau du dos et des \u00e9paules, et vous offre un confort optimal pour lire et regarder la t\u00e9l\u00e9vision.<\/li>\n<li>Dimensions : Longueur 140 cm * Largeur 24 cm \u00e0 la base * Hauteur 50 cm<\/li>\n<\/ul>","protected":false},"featured_media":7324,"comment_status":"open","ping_status":"closed","template":"","meta":[],"product_brand":[],"product_cat":[15],"product_tag":[],"class_list":{"0":"post-7330","1":"product","2":"type-product","3":"status-publish","4":"has-post-thumbnail","6":"product_cat-large-wedge-pillow","8":"first","9":"instock","10":"shipping-taxable","11":"purchasable","12":"product-type-variable","13":"has-default-attributes"},"_links":{"self":[{"href":"https:\/\/www.largepillow.com\/fr\/wp-json\/wp\/v2\/product\/7330","targetHints":{"allow":["GET"]}}],"collection":[{"href":"https:\/\/www.largepillow.com\/fr\/wp-json\/wp\/v2\/product"}],"about":[{"href":"https:\/\/www.largepillow.com\/fr\/wp-json\/wp\/v2\/types\/product"}],"replies":[{"embeddable":true,"href":"https:\/\/www.largepillow.com\/fr\/wp-json\/wp\/v2\/comments?post=7330"}],"wp:featuredmedia":[{"embeddable":true,"href":"https:\/\/www.largepillow.com\/fr\/wp-json\/wp\/v2\/media\/7324"}],"wp:attachment":[{"href":"https:\/\/www.largepillow.com\/fr\/wp-json\/wp\/v2\/media?parent=7330"}],"wp:term":[{"taxonomy":"product_brand","embeddable":true,"href":"https:\/\/www.largepillow.com\/fr\/wp-json\/wp\/v2\/product_brand?post=7330"},{"taxonomy":"product_cat","embeddable":true,"href":"https:\/\/www.largepillow.com\/fr\/wp-json\/wp\/v2\/product_cat?post=7330"},{"taxonomy":"product_tag","embeddable":true,"href":"https:\/\/www.largepillow.com\/fr\/wp-json\/wp\/v2\/product_tag?post=7330"}],"curies":[{"name":"wp","href":"https:\/\/api.w.org\/{rel}","templated":true}]}}