{"id":735,"date":"2022-09-16T06:11:33","date_gmt":"2022-09-16T06:11:33","guid":{"rendered":"https:\/\/www.largepillow.com\/product\/wedge-pillow-for-acid-reflux_37"},"modified":"2024-10-03T16:31:35","modified_gmt":"2024-10-03T16:31:35","slug":"grand-oreiller-tete-de-lit","status":"publish","type":"product","link":"https:\/\/www.largepillow.com\/fr\/product\/large-headboard-pillow","title":{"rendered":"Grand oreiller de t\u00eate de lit"},"content":{"rendered":"<p>Le grand oreiller de t\u00eate de lit \u2013 le compagnon de confort ultime pour votre lit ou votre canap\u00e9\u00a0! Que vous lisiez, regardiez la t\u00e9l\u00e9vision ou dormiez, cet oreiller est con\u00e7u pour vous offrir un confort et un soutien exceptionnels.<\/p>\n<p>Ce grand traversin pr\u00e9sente une conception multifonctionnelle qui vous permet de l&#039;utiliser de plusieurs fa\u00e7ons. Vous pouvez le placer contre votre t\u00eate de lit pour cr\u00e9er un oreiller de lecture confortable pour le dos, l&#039;utiliser comme un long oreiller compens\u00e9 pour soutenir vos jambes, ou m\u00eame comme un oreiller pour les jambes pour sur\u00e9lever vos jambes. Il est \u00e9l\u00e9gant et fonctionnel, ce qui en fait un excellent ajout \u00e0 n&#039;importe quelle chambre.<\/p>\n<p>Les mat\u00e9riaux haut de gamme utilis\u00e9s pour fabriquer cet oreiller sont sans \u00e9gal. La taie d&#039;oreiller est fabriqu\u00e9e \u00e0 partir d&#039;un m\u00e9lange de polyester et de lin 100% avec une texture entrelac\u00e9e et des coutures exquises qui sont robustes tout autour. Le rembourrage est compos\u00e9 de fibres de polyester haute densit\u00e9 et de haute qualit\u00e9 qui emp\u00eachent l&#039;affaissement m\u00eame apr\u00e8s des mois d&#039;utilisation.<\/p>\n<p>Garder votre oreiller propre est un jeu d&#039;enfant gr\u00e2ce \u00e0 la housse facile \u00e0 retirer qui se fixe \u00e0 l&#039;oreiller avec des boutons. D\u00e9compressez simplement la housse et jetez-la dans la machine \u00e0 laver pour donner \u00e0 votre oreiller un aspect neuf. De plus, la poche lat\u00e9rale pratique vous permet de garder votre t\u00e9l\u00e9commande ou d&#039;autres petits objets \u00e0 port\u00e9e de main.<\/p>\n<p>Mais ne nous croyez pas sur parole. Voici quelques commentaires de clients satisfaits :<\/p>\n<p>\u2013 \u00ab\u00a0Cet oreiller est si confortable que je ne peux pas croire que j&#039;ai jamais v\u00e9cu sans lui\u00a0!\u00a0\u00bb<br \/>\n\u2013 \u00ab Le tissu est doux et luxueux, et l\u2019oreiller lui-m\u00eame offre un tr\u00e8s bon soutien. \u00bb<br \/>\n\u2013 \u00ab J\u2019adore les options de taille \u2013 j\u2019ai pu en trouver une qui s\u2019adapte parfaitement \u00e0 mon lit king-size. \u00bb<br \/>\n\u2013 \u00ab\u00a0La couleur rouge est vibrante et a fi\u00e8re allure dans ma chambre.\u00a0\u00bb<br \/>\n\u2013 \u00ab\u00a0La poche change la donne\u00a0: c&#039;est tellement pratique d&#039;avoir ma t\u00e9l\u00e9commande \u00e0 port\u00e9e de main.\u00a0\u00bb<\/p>\n<p>Disponible dans des tailles allant de 45 cm \u00e0 200 cm, ce grand oreiller pour t\u00eate de lit est le compl\u00e9ment parfait \u00e0 votre chambre ou votre salon. N&#039;attendez pas, commandez le v\u00f4tre d\u00e8s aujourd&#039;hui et d\u00e9couvrez le summum du confort et de la commodit\u00e9 !<\/p>","protected":false},"excerpt":{"rendered":"<ul>\n<li><strong>Confort ultime\u00a0:<\/strong> Notre oreiller de t\u00eate de lit est con\u00e7u pour vous offrir le confort ultime lorsque vous lisez, regardez la t\u00e9l\u00e9vision ou dormez. Il est parfait pour le lit, le canap\u00e9, le lit de repos et plus encore\u00a0!<\/li>\n<li><strong>Conception multifonctionnelle\u00a0:<\/strong> Notre grand traversin peut \u00eatre utilis\u00e9 de plusieurs fa\u00e7ons : comme coussin de lecture pour le dos, comme coussin long ou comme coussin de jambe pour sur\u00e9lever vos jambes. Il est \u00e9l\u00e9gant et fonctionnel, ce qui en fait un excellent ajout \u00e0 n&#039;importe quelle chambre.<\/li>\n<li><strong>Mat\u00e9riaux haut de gamme\u00a0:<\/strong> Notre taie d&#039;oreiller est fabriqu\u00e9e en polyester 100% avec une texture entrelac\u00e9e et des coutures exquises qui sont robustes tout autour. Le rembourrage est compos\u00e9 de fibres de polyester haute densit\u00e9 et de haute qualit\u00e9 qui emp\u00eachent l&#039;affaissement m\u00eame apr\u00e8s des mois d&#039;utilisation.<\/li>\n<li><strong>Facile \u00e0 nettoyer:<\/strong> La housse de coussin de t\u00eate de lit est fix\u00e9e \u00e0 l&#039;oreiller avec des boutons et est facile \u00e0 retirer avec une simple fermeture \u00e9clair. Retirez simplement la housse et effectuez un lavage rapide en machine pour donner \u00e0 votre oreiller un aspect neuf.<\/li>\n<li><strong>Poche de rangement parfaite\u00a0:<\/strong> Notre oreiller de t\u00eate de lit est dot\u00e9 d&#039;une poche lat\u00e9rale pratique, garantissant que vous ne perdrez plus jamais votre t\u00e9l\u00e9commande.<\/li>\n<li><strong>Tissu:<\/strong>\u00a0M\u00e9lange de polyester et de lin.<\/li>\n<li><strong>Taille:<\/strong> 45 cm (L45 x L20 x H50 | 0 boutons), 60 cm (L60 x L20 x H50 | 0 boutons), 80 cm (L80 x L20 x H50 | 2 boutons), 100 cm (L100 x L20 x H50 | 3 boutons), 120 cm ( L120 x L20 x H50 | 4 boutons), 140 cm (L140 x L20 x H50 | 4 boutons), 160 cm (L160 x L20 x H50 | 5 boutons), 180 cm (L180 x L20 x H50 | 6 boutons), 200 cm (L200 x L20 x H50 | 7 boutons).<\/li>\n<\/ul>","protected":false},"featured_media":722,"comment_status":"open","ping_status":"closed","template":"","meta":[],"product_brand":[],"product_cat":[15],"product_tag":[66,75,168,163,184,59],"class_list":{"0":"post-735","1":"product","2":"type-product","3":"status-publish","4":"has-post-thumbnail","6":"product_cat-large-wedge-pillow","7":"product_tag-back-support-pillow","8":"product_tag-daybed-pillow","9":"product_tag-headboard-pillow","10":"product_tag-leg-pillow","11":"product_tag-long-wedge-pillow","12":"product_tag-reading-pillow","14":"first","15":"instock","16":"featured","17":"shipping-taxable","18":"purchasable","19":"product-type-variable"},"_links":{"self":[{"href":"https:\/\/www.largepillow.com\/fr\/wp-json\/wp\/v2\/product\/735","targetHints":{"allow":["GET"]}}],"collection":[{"href":"https:\/\/www.largepillow.com\/fr\/wp-json\/wp\/v2\/product"}],"about":[{"href":"https:\/\/www.largepillow.com\/fr\/wp-json\/wp\/v2\/types\/product"}],"replies":[{"embeddable":true,"href":"https:\/\/www.largepillow.com\/fr\/wp-json\/wp\/v2\/comments?post=735"}],"wp:featuredmedia":[{"embeddable":true,"href":"https:\/\/www.largepillow.com\/fr\/wp-json\/wp\/v2\/media\/722"}],"wp:attachment":[{"href":"https:\/\/www.largepillow.com\/fr\/wp-json\/wp\/v2\/media?parent=735"}],"wp:term":[{"taxonomy":"product_brand","embeddable":true,"href":"https:\/\/www.largepillow.com\/fr\/wp-json\/wp\/v2\/product_brand?post=735"},{"taxonomy":"product_cat","embeddable":true,"href":"https:\/\/www.largepillow.com\/fr\/wp-json\/wp\/v2\/product_cat?post=735"},{"taxonomy":"product_tag","embeddable":true,"href":"https:\/\/www.largepillow.com\/fr\/wp-json\/wp\/v2\/product_tag?post=735"}],"curies":[{"name":"wp","href":"https:\/\/api.w.org\/{rel}","templated":true}]}}