{"id":7541,"date":"2025-05-19T02:51:40","date_gmt":"2025-05-19T02:51:40","guid":{"rendered":"https:\/\/www.largepillow.com\/product\/cloud-shaped-dog-cat-bed-with-removable-cover-easy-clean"},"modified":"2025-05-19T04:14:09","modified_gmt":"2025-05-19T04:14:09","slug":"lit-pour-chien-et-chat-en-forme-de-nuage-avec-housse-amovible-facile-a-nettoyer","status":"publish","type":"product","link":"https:\/\/www.largepillow.com\/fr\/product\/cloud-shaped-dog-cat-bed-with-removable-cover-easy-clean\/","title":{"rendered":"Panier pour chien et chat en forme de nuage avec housse amovible, facile \u00e0 nettoyer"},"content":{"rendered":"[zc_getpagecontent mb=&#8221;mb_aplus&#8221; apid=&#8221;127&#8243;]\n","protected":false},"excerpt":{"rendered":"<ul>\n<li>Design \u00e9l\u00e9gant en forme de nuage : ce lit pour chien de taille moyenne pr\u00e9sente un charmant design inspir\u00e9 des nuages qui capture non seulement l&#039;essence du lieu de repos naturel d&#039;un animal dans le ciel, mais sert \u00e9galement de pi\u00e8ce d&#039;accentuation ravissante dans la d\u00e9coration de votre maison ; ses bords doux et irr\u00e9guliers imitent l&#039;apparence duveteuse d&#039;un vrai nuage, offrant un espace visuellement attrayant et invitant pour que votre animal puisse se reposer.<\/li>\n<li>Confort et soutien : Construit avec une base en \u00e9ponge haute densit\u00e9 et \u00e0 haut soutien, le lit offre un soutien ferme mais confortable au corps de votre animal ; le traversin environnant est rempli de coton PP doux, ce qui ajoute non seulement au confort g\u00e9n\u00e9ral, mais fournit \u00e9galement un coussin doux sur les bords, garantissant que votre animal se sent en s\u00e9curit\u00e9 et \u00e0 l&#039;aise.<\/li>\n<li>Durable avec base antid\u00e9rapante : le lit est fabriqu\u00e9 \u00e0 partir d&#039;un tissu blanc moelleux et durable qui est facile \u00e0 enlever, \u00e0 laver et \u00e0 entretenir, tandis que le fond antid\u00e9rapant garantit que le lit reste en place m\u00eame sur des sols lisses, r\u00e9duisant ainsi le risque que votre animal le pousse ou qu&#039;il glisse pendant l&#039;utilisation.<\/li>\n<li>Grand espace pour plusieurs animaux de compagnie : Con\u00e7u avec un espace int\u00e9rieur g\u00e9n\u00e9reux de 80 \u00d7 40 centim\u00e8tres, ce lit pour chien en forme de nuage est suffisamment spacieux pour accueillir confortablement un seul chien de taille moyenne ou jusqu&#039;\u00e0 trois petits chiens, ce qui en fait un excellent choix pour les propri\u00e9taires d&#039;animaux avec plusieurs animaux qui souhaitent offrir \u00e0 chacun un espace de repos confortable et partag\u00e9.<\/li>\n<li>Polyvalent et \u00e9l\u00e9gant : son attrait esth\u00e9tique et sa conception pratique le rendent adapt\u00e9 \u00e0 un placement dans n&#039;importe quelle pi\u00e8ce de la maison, y compris les salons, les chambres et m\u00eame les balcons ensoleill\u00e9s, sans compromettre le style ou le confort.<\/li>\n<\/ul>","protected":false},"featured_media":7532,"comment_status":"open","ping_status":"closed","template":"","meta":[],"product_brand":[],"product_cat":[227],"product_tag":[],"class_list":{"0":"post-7541","1":"product","2":"type-product","3":"status-publish","4":"has-post-thumbnail","6":"product_cat-pet-supplies","8":"first","9":"outofstock","10":"shipping-taxable","11":"purchasable","12":"product-type-simple"},"_links":{"self":[{"href":"https:\/\/www.largepillow.com\/fr\/wp-json\/wp\/v2\/product\/7541","targetHints":{"allow":["GET"]}}],"collection":[{"href":"https:\/\/www.largepillow.com\/fr\/wp-json\/wp\/v2\/product"}],"about":[{"href":"https:\/\/www.largepillow.com\/fr\/wp-json\/wp\/v2\/types\/product"}],"replies":[{"embeddable":true,"href":"https:\/\/www.largepillow.com\/fr\/wp-json\/wp\/v2\/comments?post=7541"}],"wp:featuredmedia":[{"embeddable":true,"href":"https:\/\/www.largepillow.com\/fr\/wp-json\/wp\/v2\/media\/7532"}],"wp:attachment":[{"href":"https:\/\/www.largepillow.com\/fr\/wp-json\/wp\/v2\/media?parent=7541"}],"wp:term":[{"taxonomy":"product_brand","embeddable":true,"href":"https:\/\/www.largepillow.com\/fr\/wp-json\/wp\/v2\/product_brand?post=7541"},{"taxonomy":"product_cat","embeddable":true,"href":"https:\/\/www.largepillow.com\/fr\/wp-json\/wp\/v2\/product_cat?post=7541"},{"taxonomy":"product_tag","embeddable":true,"href":"https:\/\/www.largepillow.com\/fr\/wp-json\/wp\/v2\/product_tag?post=7541"}],"curies":[{"name":"wp","href":"https:\/\/api.w.org\/{rel}","templated":true}]}}