{"id":802,"date":"2022-09-17T13:48:56","date_gmt":"2022-09-17T13:48:56","guid":{"rendered":"https:\/\/www.largepillow.com\/product\/wedge-pillow-for-acid-reflux_37_38_39_40"},"modified":"2026-03-13T16:55:31","modified_gmt":"2026-03-13T16:55:31","slug":"coussin-coussin-coussin-2","status":"publish","type":"product","link":"https:\/\/www.largepillow.com\/fr\/product\/wedge-bolster-pillow","title":{"rendered":"Coussin de traversin compens\u00e9"},"content":{"rendered":"<p>Le traversin compens\u00e9 ultime et confortable.<\/p>\n<p>\u00cates-vous \u00e0 la recherche du coussin parfait pour lire ou regarder la t\u00e9l\u00e9vision ? Permettez-nous de vous pr\u00e9senter l\u2019oreiller Wedge Bolster \u2013 l\u2019oreiller de t\u00eate de lit sur\u00e9lev\u00e9 ultime pour un confort et un soutien sup\u00e9rieurs.<\/p>\n<p>Avec sa forme incurv\u00e9e et son dossier sur\u00e9lev\u00e9 \u00e0 double rang\u00e9e, cet oreiller XL soutient correctement votre cou et votre dos lorsque vous \u00eates assis dans le lit. La conception multifonctionnelle fonctionne \u00e9galement parfaitement comme oreiller de dossier vertical, oreiller compens\u00e9 ou oreiller de jambe. <\/p>\n<p>Fabriqu\u00e9 \u00e0 partir de polyester 100% avec un rembourrage en fibres de polyester respectueux de l&#039;environnement, le tissu a un aspect lin qui compl\u00e8te tout d\u00e9cor de chambre. La housse amovible est lavable en machine pour un entretien facile. Ce coussin de t\u00eate de lit surdimensionn\u00e9 comporte \u00e9galement de petites poches lat\u00e9rales pour contenir des livres, des t\u00e9l\u00e9commandes, des t\u00e9l\u00e9phones et bien plus encore. <\/p>\n<p>Voici ce que certains clients avaient \u00e0 dire\u00a0:<\/p>\n<p>\u00abJ&#039;adore l&#039;apparence et la sensation de cet oreiller compens\u00e9. Le tissu en lin est tr\u00e8s doux et la couleur est superbe dans ma chambre.<\/p>\n<p>\u00ab\u00a0Cet oreiller de lecture offre un fantastique soutien du dos. Je peux rester assis au lit pendant des heures sans aucune douleur au cou ou au dos.<\/p>\n<p>\u00ab Le design sur\u00e9lev\u00e9 est parfait pour lire ou travailler sur mon ordinateur portable au lit. C\u2019est un excellent dossier qui me maintient confortablement debout.<\/p>\n<p>\u00ab J&#039;ai pris la taille 160 cm et elle occupe toute la partie t\u00eate de mon lit. Assez grand pour s&#039;asseoir et regarder des films.<\/p>\n<p>Avec des longueurs disponibles allant de 100 cm \u00e0 200 cm, vous \u00eates s\u00fbr de trouver une taille de traversin compens\u00e9 qui convient \u00e0 votre espace. Donnez \u00e0 votre dos, votre cou et vos jambes le confort qu&#039;ils m\u00e9ritent ! Obtenez votre oreiller de t\u00eate de lit multifonctionnel d\u00e8s aujourd&#039;hui.<\/p>","protected":false},"excerpt":{"rendered":"<ul>\n<li><strong>Confort ultime\u00a0:<\/strong> Cet oreiller de t\u00eate de lit sur\u00e9lev\u00e9 XL offre un excellent confort gr\u00e2ce \u00e0 sa forme incurv\u00e9e. Cet oreiller de lecture pour t\u00eate de lit peut vous aider \u00e0 rester sans tension dans le lit, le canap\u00e9-lit ou le canap\u00e9, ce qui est id\u00e9al pour les noctambules, les rats de biblioth\u00e8que et regarder la t\u00e9l\u00e9vision au lit.<\/li>\n<li><strong>Conception de dossier sur\u00e9lev\u00e9\u00a0:<\/strong> Profitez d&#039;un confort in\u00e9gal\u00e9 gr\u00e2ce au design unique du dossier sur\u00e9lev\u00e9 \u00e0 double rang\u00e9e de notre oreiller de t\u00eate de lit. L&#039;oreiller de t\u00eate de lit \u00e0 dossier sur\u00e9lev\u00e9 offre un soutien sup\u00e9rieur \u00e0 votre cou et \u00e0 votre dos, ce qui en fait l&#039;endroit id\u00e9al pour se d\u00e9tendre et lire au lit.<\/li>\n<li><strong>Oreiller multifonctionnel\u00a0:<\/strong> Avec trois fa\u00e7ons diff\u00e9rentes de l&#039;utiliser, notre oreiller est parfait pour toutes les situations. Que vous pr\u00e9f\u00e9riez l&#039;utiliser comme oreiller de dossier vertical, oreiller compens\u00e9 ou oreiller de jambe pour un soutien sur\u00e9lev\u00e9, c&#039;est l&#039;accessoire id\u00e9al pour un repos et une d\u00e9tente confortables.<\/li>\n<li><strong>Artisanat sup\u00e9rieur\u00a0:<\/strong> Fabriqu\u00e9 avec un tissu aspect lin dont la composition est du polyester 100%, notre oreiller de t\u00eate de lit est rempli de fibres de polyester \u00e9cologiques et \u00e0 haute r\u00e9silience. Le coussin de traversin amovible est facile \u00e0 laver en machine, tandis que les petites poches lat\u00e9rales ajoutent de la praticit\u00e9 \u00e0 ce produit d\u00e9j\u00e0 luxueux.<\/li>\n<li><strong>Facile \u00e0 laver :<\/strong> La housse de coussin de t\u00eate de lit est fix\u00e9e \u00e0 l&#039;int\u00e9rieur de l&#039;oreiller avec des boutons et est facile \u00e0 retirer avec une simple fermeture \u00e9clair. Cela rend son nettoyage sans tracas. Retirez simplement la housse et effectuez un lavage rapide en machine pour donner \u00e0 votre oreiller un aspect neuf.<\/li>\n<li><strong>Taille:<\/strong> 100 cm (L100 x L26 x H55 | Boutons 3 colonnes), 120 cm (L120 x L26 x H55 | Boutons 4 colonnes), 140 cm (L140 x L26 x H55 | Boutons 4 colonnes), 160 cm (L160 x L26 x H55 | Boutons 5 colonnes ), 180 cm (L180 x L26 x H55 | Boutons 6 colonnes), 200 cm (L200 x L26 x H55 | Boutons 7 colonnes).<\/li>\n<\/ul>","protected":false},"featured_media":788,"comment_status":"open","ping_status":"closed","template":"","meta":[],"product_brand":[],"product_cat":[15],"product_tag":[164,161,168,163,143,169,162,167,65],"class_list":{"0":"post-802","1":"product","2":"type-product","3":"status-publish","4":"has-post-thumbnail","6":"product_cat-large-wedge-pillow","7":"product_tag-detachable-bolster-bed-cushion","8":"product_tag-elevated-headboard-pillow","9":"product_tag-headboard-pillow","10":"product_tag-leg-pillow","11":"product_tag-multifunctional-pillow","12":"product_tag-support-pillow","13":"product_tag-upright-back-pillow","14":"product_tag-wedge-bolster-pillow","15":"product_tag-wedge-pillow","17":"first","18":"instock","19":"shipping-taxable","20":"purchasable","21":"product-type-variable"},"_links":{"self":[{"href":"https:\/\/www.largepillow.com\/fr\/wp-json\/wp\/v2\/product\/802","targetHints":{"allow":["GET"]}}],"collection":[{"href":"https:\/\/www.largepillow.com\/fr\/wp-json\/wp\/v2\/product"}],"about":[{"href":"https:\/\/www.largepillow.com\/fr\/wp-json\/wp\/v2\/types\/product"}],"replies":[{"embeddable":true,"href":"https:\/\/www.largepillow.com\/fr\/wp-json\/wp\/v2\/comments?post=802"}],"wp:featuredmedia":[{"embeddable":true,"href":"https:\/\/www.largepillow.com\/fr\/wp-json\/wp\/v2\/media\/788"}],"wp:attachment":[{"href":"https:\/\/www.largepillow.com\/fr\/wp-json\/wp\/v2\/media?parent=802"}],"wp:term":[{"taxonomy":"product_brand","embeddable":true,"href":"https:\/\/www.largepillow.com\/fr\/wp-json\/wp\/v2\/product_brand?post=802"},{"taxonomy":"product_cat","embeddable":true,"href":"https:\/\/www.largepillow.com\/fr\/wp-json\/wp\/v2\/product_cat?post=802"},{"taxonomy":"product_tag","embeddable":true,"href":"https:\/\/www.largepillow.com\/fr\/wp-json\/wp\/v2\/product_tag?post=802"}],"curies":[{"name":"wp","href":"https:\/\/api.w.org\/{rel}","templated":true}]}}