{"id":823,"date":"2022-09-17T14:05:52","date_gmt":"2022-09-17T14:05:52","guid":{"rendered":"https:\/\/www.largepillow.com\/product\/wedge-pillow-for-acid-reflux_37_38_39_40_41"},"modified":"2024-10-03T16:31:35","modified_gmt":"2024-10-03T16:31:35","slug":"tete-de-lit-coin-lecture","status":"publish","type":"product","link":"https:\/\/www.largepillow.com\/fr\/product\/reading-wedge-headboard","title":{"rendered":"T\u00eate de lit coin lecture"},"content":{"rendered":"<p>Offrez-vous le confort avec la t\u00eate de lit compens\u00e9e de lecture ultime<\/p>\n<p>Imaginez-vous plonger dans un nuage de confort moelleux tout en vous plongeant dans vos livres ou \u00e9missions pr\u00e9f\u00e9r\u00e9s. La t\u00eate de lit Reading Wedge est l\u00e0 pour \u00e9lever votre exp\u00e9rience du coucher vers de nouveaux sommets !<\/p>\n<p>Confort exceptionnel :<\/p>\n<p>Cet oreiller de t\u00eate de lit de conception ergonomique pr\u00e9sente une forme incurv\u00e9e qui \u00e9pouse votre corps, offrant un confort exceptionnel. Son dossier sur\u00e9lev\u00e9 \u00e0 double rang\u00e9e offre un soutien in\u00e9gal\u00e9 pour votre cou et votre dos, ce qui le rend id\u00e9al pour les noctambules, les lecteurs assidus et les amateurs de t\u00e9l\u00e9vision.<\/p>\n<p>Polyvalence multifonctionnelle\u00a0:<\/p>\n<p>Assez polyvalent pour de multiples utilisations, cet oreiller peut \u00eatre utilis\u00e9 comme oreiller de dossier vertical, oreiller compens\u00e9 ou oreiller de jambe. Que vous recherchiez un soutien pour lire, regarder des films ou simplement vous d\u00e9tendre au lit, c&#039;est le compagnon id\u00e9al.<\/p>\n<p>Artisanat sup\u00e9rieur\u00a0:<\/p>\n<p>Fabriqu\u00e9e avec un tissu luxueux d&#039;apparence lin et un rembourrage en fibre de polyester respectueux de l&#039;environnement, la t\u00eate de lit Reading Wedge respire la qualit\u00e9. Son traversin amovible est lavable en machine pour un nettoyage sans effort, tandis que les poches lat\u00e9rales pratiques ajoutent une touche pratique.<\/p>\n<p>Entretien facile:<\/p>\n<p>Entretenir votre t\u00eate de lit Reading Wedge est un jeu d\u2019enfant. La housse de coussin de la t\u00eate de lit est facilement amovible gr\u00e2ce \u00e0 des boutons et une fermeture \u00e9clair, permettant un lavage rapide en machine.<\/p>\n<p>Disponible en plusieurs tailles:<\/p>\n<p>Choisissez parmi une vari\u00e9t\u00e9 de tailles pour s&#039;adapter parfaitement \u00e0 votre lit : 100 cm, 120 cm, 140 cm, 160 cm, 180 cm et 200 cm. Chaque taille pr\u00e9sente un design \u00e9l\u00e9gant de boutons en colonne pour plus de style.<\/p>\n<p>T\u00e9moignages de clients:<\/p>\n<p>\u00ab J\u2019adore ma t\u00eate de lit Reading Wedge ! C&#039;est tellement confortable et fait de la lecture au lit un r\u00eave. Le dossier sur\u00e9lev\u00e9 change la donne pour mon cou et mon dos. \u2013Sarah K.<\/p>\n<p>\u00abCet oreiller est un incontournable pour tous ceux qui aiment passer du temps au lit. C\u2019est tellement polyvalent et peut \u00eatre utilis\u00e9 pour tellement de choses. Je le recommande fortement!&quot; -Jean B.<\/p>\n<p>Am\u00e9liorez votre exp\u00e9rience au coucher avec la t\u00eate de lit Reading Wedge. Commandez le v\u00f4tre d\u00e8s aujourd\u2019hui et profitez d\u2019un confort et d\u2019une polyvalence in\u00e9gal\u00e9s\u00a0!<\/p>","protected":false},"excerpt":{"rendered":"<ul>\n<li><strong>Confort ultime\u00a0:<\/strong> Cet oreiller de t\u00eate de lit sur\u00e9lev\u00e9 XL offre un excellent confort gr\u00e2ce \u00e0 sa forme incurv\u00e9e. Cet oreiller de lecture pour t\u00eate de lit peut vous aider \u00e0 rester sans tension dans le lit, le canap\u00e9-lit ou le canap\u00e9, ce qui est id\u00e9al pour les noctambules, les rats de biblioth\u00e8que et regarder la t\u00e9l\u00e9vision au lit.<\/li>\n<li><strong>Conception de dossier sur\u00e9lev\u00e9\u00a0:<\/strong> Profitez d&#039;un confort in\u00e9gal\u00e9 gr\u00e2ce au design unique du dossier sur\u00e9lev\u00e9 \u00e0 double rang\u00e9e de notre oreiller de t\u00eate de lit. L&#039;oreiller de t\u00eate de lit \u00e0 dossier sur\u00e9lev\u00e9 offre un soutien sup\u00e9rieur \u00e0 votre cou et \u00e0 votre dos, ce qui en fait l&#039;endroit id\u00e9al pour se d\u00e9tendre et lire au lit.<\/li>\n<li><strong>Oreiller multifonctionnel\u00a0:<\/strong> Avec trois fa\u00e7ons diff\u00e9rentes de l&#039;utiliser, notre oreiller est parfait pour toutes les situations. Que vous pr\u00e9f\u00e9riez l&#039;utiliser comme oreiller de dossier vertical, oreiller compens\u00e9 ou oreiller de jambe pour un soutien sur\u00e9lev\u00e9, c&#039;est l&#039;accessoire id\u00e9al pour un repos et une d\u00e9tente confortables.<\/li>\n<li><strong>Artisanat sup\u00e9rieur\u00a0:<\/strong> Fabriqu\u00e9 avec un tissu aspect lin dont la composition est du polyester 100%, notre oreiller de t\u00eate de lit est rempli de fibres de polyester \u00e9cologiques et \u00e0 haute r\u00e9silience. Le coussin de traversin amovible est facile \u00e0 laver en machine, tandis que les petites poches lat\u00e9rales ajoutent de la praticit\u00e9 \u00e0 ce produit d\u00e9j\u00e0 luxueux.<\/li>\n<li><strong>Facile \u00e0 laver :<\/strong> La housse de coussin de t\u00eate de lit est fix\u00e9e \u00e0 l&#039;int\u00e9rieur de l&#039;oreiller avec des boutons et est facile \u00e0 retirer avec une simple fermeture \u00e9clair. Cela rend son nettoyage sans tracas. Retirez simplement la housse et effectuez un lavage rapide en machine pour donner \u00e0 votre oreiller un aspect neuf.<\/li>\n<li><strong>Taille:<\/strong> 100 cm (L100 x L26 x H55 | Boutons 3 colonnes), 120 cm (L120 x L26 x H55 | Boutons 4 colonnes), 140 cm (L140 x L26 x H55 | Boutons 4 colonnes), 160 cm (L160 x L26 x H55 | Boutons 5 colonnes ), 180 cm (L180 x L26 x H55 | Boutons 6 colonnes), 200 cm (L200 x L26 x H55 | Boutons 7 colonnes).<\/li>\n<\/ul>","protected":false},"featured_media":809,"comment_status":"open","ping_status":"closed","template":"","meta":[],"product_brand":[],"product_cat":[15],"product_tag":[109,164,161,143,166,162,65],"class_list":{"0":"post-823","1":"product","2":"type-product","3":"status-publish","4":"has-post-thumbnail","6":"product_cat-large-wedge-pillow","7":"product_tag-daybed-cushion","8":"product_tag-detachable-bolster-bed-cushion","9":"product_tag-elevated-headboard-pillow","10":"product_tag-multifunctional-pillow","11":"product_tag-reading-wedge-headboard","12":"product_tag-upright-back-pillow","13":"product_tag-wedge-pillow","15":"first","16":"instock","17":"featured","18":"shipping-taxable","19":"purchasable","20":"product-type-variable"},"_links":{"self":[{"href":"https:\/\/www.largepillow.com\/fr\/wp-json\/wp\/v2\/product\/823","targetHints":{"allow":["GET"]}}],"collection":[{"href":"https:\/\/www.largepillow.com\/fr\/wp-json\/wp\/v2\/product"}],"about":[{"href":"https:\/\/www.largepillow.com\/fr\/wp-json\/wp\/v2\/types\/product"}],"replies":[{"embeddable":true,"href":"https:\/\/www.largepillow.com\/fr\/wp-json\/wp\/v2\/comments?post=823"}],"wp:featuredmedia":[{"embeddable":true,"href":"https:\/\/www.largepillow.com\/fr\/wp-json\/wp\/v2\/media\/809"}],"wp:attachment":[{"href":"https:\/\/www.largepillow.com\/fr\/wp-json\/wp\/v2\/media?parent=823"}],"wp:term":[{"taxonomy":"product_brand","embeddable":true,"href":"https:\/\/www.largepillow.com\/fr\/wp-json\/wp\/v2\/product_brand?post=823"},{"taxonomy":"product_cat","embeddable":true,"href":"https:\/\/www.largepillow.com\/fr\/wp-json\/wp\/v2\/product_cat?post=823"},{"taxonomy":"product_tag","embeddable":true,"href":"https:\/\/www.largepillow.com\/fr\/wp-json\/wp\/v2\/product_tag?post=823"}],"curies":[{"name":"wp","href":"https:\/\/api.w.org\/{rel}","templated":true}]}}