{"id":8262,"date":"2025-06-12T07:43:13","date_gmt":"2025-06-12T07:43:13","guid":{"rendered":"https:\/\/www.largepillow.com\/product\/multi-use-pillow-for-comfortable-sleep-sitting-with-back-support"},"modified":"2025-11-15T16:05:15","modified_gmt":"2025-11-15T16:05:15","slug":"oreiller-multi-usage-pour-un-sommeil-confortable-assis-avec-soutien-du-dos","status":"publish","type":"product","link":"https:\/\/www.largepillow.com\/fr\/product\/multi-use-pillow-for-comfortable-sleep-sitting-with-back-support\/","title":{"rendered":"Oreiller multi-usages pour un sommeil et une assise confortables avec soutien du dos"},"content":{"rendered":"[zc_getpagecontent mb=&#8221;mb_aplus&#8221; apid=&#8221;117&#8243;]\n","protected":false},"excerpt":{"rendered":"<ul>\n<li>R\u00e9cup\u00e9ration post-op\u00e9ratoire polyvalente\u00a0: Notre ensemble d&#039;oreillers post-op\u00e9ratoires BBL est con\u00e7u pour offrir confort et polyvalence apr\u00e8s une chirurgie BBL. Il comprend un oreiller BBL en mousse et un coussin de soutien dorsal. Leur polyvalence vous permet de les utiliser ensemble comme oreiller face contre terre apr\u00e8s une chirurgie BBL ou comme ensemble oreiller BBL pour le lifting des fesses + coussin de soutien dorsal, r\u00e9pondant ainsi parfaitement \u00e0 vos multiples besoins.<\/li>\n<li>Confort de sommeil sur le ventre\u00a0: La conception unique des trous de l&#039;oreiller permet de dormir sur le ventre, favorisant un confort et une respiration optimaux. Cette position facilite la r\u00e9cup\u00e9ration postop\u00e9ratoire, notamment apr\u00e8s une chirurgie du bassin ou d&#039;autres chirurgies oculaires. L&#039;oreiller peut \u00eatre ajust\u00e9 pour offrir un soutien suppl\u00e9mentaire en enroulant les bras devant.<\/li>\n<li>Soutien des hanches et rembourrage du dos\u00a0: le coussin fessier en mousse favorise la r\u00e9cup\u00e9ration des hanches, tandis que le coussin dorsal en coton PP offre un soutien dorsal, permettant une position assise prolong\u00e9e sans inconfort. Id\u00e9al pour diverses surfaces d&#039;assise comme les chaises de restaurant, de bureau, de voiture, etc., cet ensemble de coussins post-op\u00e9ratoires BBL r\u00e9pond \u00e0 vos besoins de confort post-op\u00e9ratoire.<\/li>\n<li>Conception durable et offrant un bon maintien\u00a0: Fabriqu\u00e9 en mousse haute densit\u00e9, notre ensemble d&#039;oreillers BBL peut supporter jusqu&#039;\u00e0 100\u00a0kg sans s&#039;affaisser ni s&#039;aplatir. Le rembourrage moelleux en polyester assure un soutien confortable, et les housses en velours doux sont amovibles et lavables en machine pour un entretien facile.<\/li>\n<li>Utilisation multifonctionnelle\u00a0: Outre la r\u00e9cup\u00e9ration postop\u00e9ratoire, ces oreillers peuvent servir de coussin de massage ou de soutien pour les activit\u00e9s sur le ventre, comme la sieste au bureau ou le sommeil sur le ventre. Ce coussin de soutien dorsal permet une utilisation autonome et peut servir de coussin de lecture pour soutenir le dos apr\u00e8s la convalescence.<\/li>\n<li>Reprise rapide de la forme\u00a0: Veuillez noter que l&#039;oreiller face vers le bas peut se comprimer l\u00e9g\u00e8rement lorsque vous vous asseyez, vous emp\u00eachant ainsi d&#039;atteindre sa hauteur maximale. Nos ensembles d&#039;oreillers sont emball\u00e9s sous vide. Une fois d\u00e9ball\u00e9s, ils reprennent leur forme initiale sous 48 \u00e0 72\u00a0heures.<\/li>\n<\/ul>","protected":false},"featured_media":8255,"comment_status":"open","ping_status":"closed","template":"","meta":[],"product_brand":[],"product_cat":[228],"product_tag":[],"class_list":{"0":"post-8262","1":"product","2":"type-product","3":"status-publish","4":"has-post-thumbnail","6":"product_cat-cushions","8":"first","9":"instock","10":"shipping-taxable","11":"purchasable","12":"product-type-simple"},"_links":{"self":[{"href":"https:\/\/www.largepillow.com\/fr\/wp-json\/wp\/v2\/product\/8262","targetHints":{"allow":["GET"]}}],"collection":[{"href":"https:\/\/www.largepillow.com\/fr\/wp-json\/wp\/v2\/product"}],"about":[{"href":"https:\/\/www.largepillow.com\/fr\/wp-json\/wp\/v2\/types\/product"}],"replies":[{"embeddable":true,"href":"https:\/\/www.largepillow.com\/fr\/wp-json\/wp\/v2\/comments?post=8262"}],"wp:featuredmedia":[{"embeddable":true,"href":"https:\/\/www.largepillow.com\/fr\/wp-json\/wp\/v2\/media\/8255"}],"wp:attachment":[{"href":"https:\/\/www.largepillow.com\/fr\/wp-json\/wp\/v2\/media?parent=8262"}],"wp:term":[{"taxonomy":"product_brand","embeddable":true,"href":"https:\/\/www.largepillow.com\/fr\/wp-json\/wp\/v2\/product_brand?post=8262"},{"taxonomy":"product_cat","embeddable":true,"href":"https:\/\/www.largepillow.com\/fr\/wp-json\/wp\/v2\/product_cat?post=8262"},{"taxonomy":"product_tag","embeddable":true,"href":"https:\/\/www.largepillow.com\/fr\/wp-json\/wp\/v2\/product_tag?post=8262"}],"curies":[{"name":"wp","href":"https:\/\/api.w.org\/{rel}","templated":true}]}}