{"id":8334,"date":"2025-06-16T02:13:39","date_gmt":"2025-06-16T02:13:39","guid":{"rendered":"https:\/\/www.largepillow.com\/product\/stylish-bedroom-wedge-pillow-with-ergonomic-neck-rest"},"modified":"2025-06-17T02:29:59","modified_gmt":"2025-06-17T02:29:59","slug":"oreiller-compense-elegant-pour-chambre-a-coucher-avec-repose-nuque-ergonomique","status":"publish","type":"product","link":"https:\/\/www.largepillow.com\/fr\/product\/stylish-bedroom-wedge-pillow-with-ergonomic-neck-rest","title":{"rendered":"Coussin compens\u00e9 \u00e9l\u00e9gant pour chambre \u00e0 coucher avec repose-nuque ergonomique"},"content":{"rendered":"[zc_getpagecontent mb=&#8221;mb_aplus&#8221; apid=&#8221;118&#8243;]\n","protected":false},"excerpt":{"rendered":"<ul>\n<li>Conception innovante en 2 parties \u2013 Cet oreiller de t\u00eate de lit se distingue par son design unique. L&#039;appui-t\u00eate blanc sup\u00e9rieur offre un havre de paix semblable \u00e0 un nuage pour le soutien de votre t\u00eate ; tandis que le dossier bleu inf\u00e9rieur et plus large offre un soutien robuste pour votre dos, ce qui apporte un m\u00e9lange harmonieux de fonctionnalit\u00e9 et de style pour votre chambre.<\/li>\n<li>Sc\u00e9narios d&#039;utilisation infinis - Que vous vous plongiez dans un roman captivant, que vous regardiez vos \u00e9missions pr\u00e9f\u00e9r\u00e9es ou que vous profitiez simplement d&#039;un moment de tranquillit\u00e9, cet oreiller est votre partenaire id\u00e9al ; Id\u00e9al pour les dimanches matins paresseux, les siestes de l&#039;apr\u00e8s-midi ou les lectures nocturnes, il am\u00e9liore votre exp\u00e9rience de relaxation au lit.<\/li>\n<li>Pour le confort de tous - Con\u00e7u dans un souci d&#039;inclusivit\u00e9, notre oreiller s&#039;adresse \u00e0 tous. Les \u00e9tudiants peuvent se d\u00e9tendre apr\u00e8s de longues sessions d&#039;\u00e9tude, les professionnels peuvent se d\u00e9tendre apr\u00e8s une journ\u00e9e bien remplie et les personnes \u00e2g\u00e9es peuvent trouver un confort suppl\u00e9mentaire tout en se reposant. Sa conception ergonomique garantit que les personnes de tous \u00e2ges et de tous types de corps peuvent profiter de son excellent soutien et de son confort.<\/li>\n<li>L&#039;avantage de la hauteur r\u00e9glable \u2013 La hauteur r\u00e9glable est une v\u00e9ritable r\u00e9volution. Reli\u00e9 par une sangle adh\u00e9sive pratique, vous pouvez facilement ajuster la position de l&#039;appui-t\u00eate\u00a0: relevez-le pour un meilleur soutien de la nuque ou abaissez-le pour une posture plus d\u00e9contract\u00e9e, adaptant ainsi votre confort \u00e0 vos pr\u00e9f\u00e9rences.<\/li>\n<li>Qualit\u00e9 de mat\u00e9riau de premier ordre - Notre oreiller de t\u00eate de lit promet qualit\u00e9 et confort. Le rembourrage en coton PP et la housse en velours de l&#039;appui-t\u00eate offrent un toucher luxueux et doux pour la peau. La housse en coton PP et en lin polyester du dossier est respirante et durable, garantissant un confort durable et un entretien facile.<\/li>\n<\/ul>","protected":false},"featured_media":8323,"comment_status":"open","ping_status":"closed","template":"","meta":[],"product_brand":[],"product_cat":[228],"product_tag":[],"class_list":{"0":"post-8334","1":"product","2":"type-product","3":"status-publish","4":"has-post-thumbnail","6":"product_cat-cushions","8":"first","9":"instock","10":"sold-individually","11":"shipping-taxable","12":"purchasable","13":"product-type-variable","14":"has-default-attributes"},"_links":{"self":[{"href":"https:\/\/www.largepillow.com\/fr\/wp-json\/wp\/v2\/product\/8334","targetHints":{"allow":["GET"]}}],"collection":[{"href":"https:\/\/www.largepillow.com\/fr\/wp-json\/wp\/v2\/product"}],"about":[{"href":"https:\/\/www.largepillow.com\/fr\/wp-json\/wp\/v2\/types\/product"}],"replies":[{"embeddable":true,"href":"https:\/\/www.largepillow.com\/fr\/wp-json\/wp\/v2\/comments?post=8334"}],"wp:featuredmedia":[{"embeddable":true,"href":"https:\/\/www.largepillow.com\/fr\/wp-json\/wp\/v2\/media\/8323"}],"wp:attachment":[{"href":"https:\/\/www.largepillow.com\/fr\/wp-json\/wp\/v2\/media?parent=8334"}],"wp:term":[{"taxonomy":"product_brand","embeddable":true,"href":"https:\/\/www.largepillow.com\/fr\/wp-json\/wp\/v2\/product_brand?post=8334"},{"taxonomy":"product_cat","embeddable":true,"href":"https:\/\/www.largepillow.com\/fr\/wp-json\/wp\/v2\/product_cat?post=8334"},{"taxonomy":"product_tag","embeddable":true,"href":"https:\/\/www.largepillow.com\/fr\/wp-json\/wp\/v2\/product_tag?post=8334"}],"curies":[{"name":"wp","href":"https:\/\/api.w.org\/{rel}","templated":true}]}}