{"id":845,"date":"2022-09-17T14:14:51","date_gmt":"2022-09-17T14:14:51","guid":{"rendered":"https:\/\/www.largepillow.com\/product\/wedge-pillow-for-acid-reflux_37_38_39_40_41_42"},"modified":"2024-12-04T12:25:24","modified_gmt":"2024-12-04T12:25:24","slug":"oreillers-decoratifs-pour-lit","status":"publish","type":"product","link":"https:\/\/www.largepillow.com\/fr\/product\/decorative-pillows-for-bed","title":{"rendered":"Oreillers d\u00e9coratifs pour lit"},"content":{"rendered":"<p>Offrez-vous un confort in\u00e9gal\u00e9 avec nos oreillers d\u00e9coratifs pour lit<\/p>\n<p>Transformez votre exp\u00e9rience de coucher avec nos oreillers d\u00e9coratifs pour lit m\u00e9ticuleusement con\u00e7us, con\u00e7us pour am\u00e9liorer votre confort et votre d\u00e9tente.<\/p>\n<p>Confort et soutien ultimes<\/p>\n<p>Nos oreillers pr\u00e9sentent une forme incurv\u00e9e qui \u00e9pouse les contours de votre corps, offrant un confort in\u00e9gal\u00e9. Que vous vous pr\u00e9lassiez au lit, que vous vous d\u00e9tendiez sur le canap\u00e9 ou que vous r\u00eaviez sur le canap\u00e9, notre oreiller de lecture pour t\u00eate de lit vous gardera sans tension et soutenu.<\/p>\n<p>Dossier sur\u00e9lev\u00e9 pour un soutien optimal<\/p>\n<p>Offrez-vous le luxe de notre conception de dossier sur\u00e9lev\u00e9 \u00e0 double rang\u00e9e, savamment con\u00e7ue pour offrir un soutien exceptionnel \u00e0 votre cou et \u00e0 votre dos. Plongez dans votre livre pr\u00e9f\u00e9r\u00e9 ou perdez-vous dans un film captivant sans aucune g\u00eane ni tension.<\/p>\n<p>Fonctionnalit\u00e9 polyvalente<\/p>\n<p>Profitez de la polyvalence de notre oreiller avec ses trois utilisations diff\u00e9rentes. Positionnez-le droit comme oreiller de dos, soutenez-le comme oreiller compens\u00e9 ou sur\u00e9levez vos jambes pour un confort accru. C&#039;est l&#039;accessoire parfait pour se d\u00e9tendre et se d\u00e9tendre.<\/p>\n<p>Artisanat et durabilit\u00e9 haut de gamme<\/p>\n<p>Nos oreillers de t\u00eate de lit sont m\u00e9ticuleusement fabriqu\u00e9s \u00e0 partir de tissu aspect lin de haute qualit\u00e9, compos\u00e9 de polyester 100% pour plus de durabilit\u00e9 et un entretien facile. Le rembourrage en fibre de polyester \u00e9cologique et r\u00e9sistant assure un confort durable. De plus, le traversin amovible facilite le nettoyage.<\/p>\n<p>Nettoyage sans effort<\/p>\n<p>Maintenez l\u2019\u00e9tat impeccable de votre oreiller sans effort. La housse de coussin de la t\u00eate de lit est fix\u00e9e avec des boutons, permettant un retrait facile. D\u00e9compressez simplement la housse et jetez-la dans la machine \u00e0 laver pour un rafra\u00eechissement rapide.<\/p>\n<p>Options de taille personnalisables<\/p>\n<p>Choisissez la taille parfaite pour votre lit parmi notre gamme compl\u00e8te d&#039;options :<\/p>\n<p>* 100 cm (L100 x L26 x H55)<br \/>\n* 120 cm (L120 x L26 x H55)<br \/>\n* 140 cm (L140 x L26 x H55)<br \/>\n* 160 cm (L160 x L26 x H55)<br \/>\n* 180 cm (L180 x L26 x H55)<br \/>\n* 200 cm (L200 x L26 x H55)<\/p>\n<p>T\u00e9moignages de clients<\/p>\n<p>Nos clients satisfaits sont ravis de la qualit\u00e9 exceptionnelle de nos oreillers d\u00e9coratifs pour lit :<\/p>\n<p>* \u00ab Ce coussin triangulaire est non seulement confortable, mais aussi tr\u00e8s pratique. J&#039;en suis vraiment content !<br \/>\n* \u00ab J\u2019adore la mati\u00e8re lin. C&#039;est doux et respirant, et la couleur est magnifique.<br \/>\n* \u00ab J&#039;ai achet\u00e9 cet oreiller pour ma m\u00e8re, qui a mal au dos. Cela a fait une grande diff\u00e9rence pour son confort.<\/p>\n<p>Offrez-vous le confort et la d\u00e9tente ultimes avec nos oreillers d\u00e9coratifs pour lit. Commandez le v\u00f4tre d\u00e8s aujourd&#039;hui et b\u00e9n\u00e9ficiez du soutien et du luxe in\u00e9gal\u00e9s que vous m\u00e9ritez.<\/p>","protected":false},"excerpt":{"rendered":"<ul>\n<li><strong>Confort ultime\u00a0:<\/strong> Cet oreiller de t\u00eate de lit sur\u00e9lev\u00e9 XL offre un excellent confort gr\u00e2ce \u00e0 sa forme incurv\u00e9e. Cet oreiller de lecture pour t\u00eate de lit peut vous aider \u00e0 rester sans tension dans le lit, le canap\u00e9-lit ou le canap\u00e9, ce qui est id\u00e9al pour les noctambules, les rats de biblioth\u00e8que et regarder la t\u00e9l\u00e9vision au lit.<\/li>\n<li><strong>Conception de dossier sur\u00e9lev\u00e9\u00a0:<\/strong> Profitez d&#039;un confort in\u00e9gal\u00e9 gr\u00e2ce au design unique du dossier sur\u00e9lev\u00e9 \u00e0 double rang\u00e9e de notre oreiller de t\u00eate de lit. L&#039;oreiller de t\u00eate de lit \u00e0 dossier sur\u00e9lev\u00e9 offre un soutien sup\u00e9rieur \u00e0 votre cou et \u00e0 votre dos, ce qui en fait l&#039;endroit id\u00e9al pour se d\u00e9tendre et lire au lit.<\/li>\n<li><strong>Oreiller multifonctionnel\u00a0:<\/strong> Avec trois fa\u00e7ons diff\u00e9rentes de l&#039;utiliser, notre oreiller est parfait pour toutes les situations. Que vous pr\u00e9f\u00e9riez l&#039;utiliser comme oreiller de dossier vertical, oreiller compens\u00e9 ou oreiller de jambe pour un soutien sur\u00e9lev\u00e9, c&#039;est l&#039;accessoire id\u00e9al pour un repos et une d\u00e9tente confortables.<\/li>\n<li><strong>Artisanat sup\u00e9rieur\u00a0:<\/strong> Fabriqu\u00e9 avec un tissu aspect lin dont la composition est du polyester 100%, notre oreiller de t\u00eate de lit est rempli de fibres de polyester \u00e9cologiques et \u00e0 haute r\u00e9silience. Le coussin de traversin amovible est facile \u00e0 laver en machine, tandis que les petites poches lat\u00e9rales ajoutent de la praticit\u00e9 \u00e0 ce produit d\u00e9j\u00e0 luxueux.<\/li>\n<li><strong>Facile \u00e0 laver :<\/strong> La housse de coussin de t\u00eate de lit est fix\u00e9e \u00e0 l&#039;int\u00e9rieur de l&#039;oreiller avec des boutons et est facile \u00e0 retirer avec une simple fermeture \u00e9clair. Cela rend son nettoyage sans tracas. Retirez simplement la housse et effectuez un lavage rapide en machine pour donner \u00e0 votre oreiller un aspect neuf.<\/li>\n<li><strong>Taille:<\/strong> 100 cm (L100 x L26 x H55 | Boutons 3 colonnes), 120 cm (L120 x L26 x H55 | Boutons 4 colonnes), 140 cm (L140 x L26 x H55 | Boutons 4 colonnes), 160 cm (L160 x L26 x H55 | Boutons 5 colonnes ), 180 cm (L180 x L26 x H55 | Boutons 6 colonnes), 200 cm (L200 x L26 x H55 | Boutons 7 colonnes).<\/li>\n<\/ul>","protected":false},"featured_media":830,"comment_status":"open","ping_status":"closed","template":"","meta":[],"product_brand":[],"product_cat":[15],"product_tag":[145,165,164,161,143,162,65],"class_list":{"0":"post-845","1":"product","2":"type-product","3":"status-publish","4":"has-post-thumbnail","6":"product_cat-large-wedge-pillow","7":"product_tag-decorative-pillow","8":"product_tag-detachable-bolster","9":"product_tag-detachable-bolster-bed-cushion","10":"product_tag-elevated-headboard-pillow","11":"product_tag-multifunctional-pillow","12":"product_tag-upright-back-pillow","13":"product_tag-wedge-pillow","15":"first","16":"instock","17":"featured","18":"shipping-taxable","19":"purchasable","20":"product-type-variable"},"_links":{"self":[{"href":"https:\/\/www.largepillow.com\/fr\/wp-json\/wp\/v2\/product\/845","targetHints":{"allow":["GET"]}}],"collection":[{"href":"https:\/\/www.largepillow.com\/fr\/wp-json\/wp\/v2\/product"}],"about":[{"href":"https:\/\/www.largepillow.com\/fr\/wp-json\/wp\/v2\/types\/product"}],"replies":[{"embeddable":true,"href":"https:\/\/www.largepillow.com\/fr\/wp-json\/wp\/v2\/comments?post=845"}],"wp:featuredmedia":[{"embeddable":true,"href":"https:\/\/www.largepillow.com\/fr\/wp-json\/wp\/v2\/media\/830"}],"wp:attachment":[{"href":"https:\/\/www.largepillow.com\/fr\/wp-json\/wp\/v2\/media?parent=845"}],"wp:term":[{"taxonomy":"product_brand","embeddable":true,"href":"https:\/\/www.largepillow.com\/fr\/wp-json\/wp\/v2\/product_brand?post=845"},{"taxonomy":"product_cat","embeddable":true,"href":"https:\/\/www.largepillow.com\/fr\/wp-json\/wp\/v2\/product_cat?post=845"},{"taxonomy":"product_tag","embeddable":true,"href":"https:\/\/www.largepillow.com\/fr\/wp-json\/wp\/v2\/product_tag?post=845"}],"curies":[{"name":"wp","href":"https:\/\/api.w.org\/{rel}","templated":true}]}}