{"id":866,"date":"2022-09-17T14:44:55","date_gmt":"2022-09-17T14:44:55","guid":{"rendered":"https:\/\/www.largepillow.com\/product\/wedge-pillow-for-acid-reflux_37_38_39_40_41_42_43"},"modified":"2025-04-18T01:36:58","modified_gmt":"2025-04-18T01:36:58","slug":"oreiller-dos-pour-dormir","status":"publish","type":"product","link":"https:\/\/www.largepillow.com\/fr\/product\/back-pillow-for-sleeping","title":{"rendered":"Oreiller dorsal pour dormir"},"content":{"rendered":"<p>L\u2019oreiller dorsal pour dormir : l\u2019accessoire de confort ultime<\/p>\n<p>\u00cates-vous fatigu\u00e9 de ressentir de l&#039;inconfort lorsque vous essayez de vous d\u00e9tendre dans le lit, le canap\u00e9, le lit de repos ou le canap\u00e9 ? Avez-vous souvent du mal \u00e0 vous sentir \u00e0 l&#039;aise lorsque vous lisez, regardez la t\u00e9l\u00e9vision ou travaillez au lit ? Si tel est le cas, alors l&#039;oreiller dorsal pour dormir est l&#039;accessoire parfait pour vous\u00a0!<\/p>\n<p>L\u2019une des caract\u00e9ristiques remarquables de ce produit est sa conception de forme incurv\u00e9e, qui offre un excellent confort. Cet oreiller de lecture pour t\u00eate de lit peut vous aider \u00e0 rester sans tension, peu importe o\u00f9 vous \u00eates. Que vous soyez un oiseau de nuit qui aime travailler tard dans la nuit, un rat de biblioth\u00e8que qui aime lire au lit ou quelqu&#039;un qui aime simplement regarder la t\u00e9l\u00e9vision au lit, cet oreiller est l\u00e0 pour vous.<\/p>\n<p>Une autre caract\u00e9ristique unique de l\u2019oreiller dorsal pour dormir est sa conception de dossier sur\u00e9lev\u00e9. Gr\u00e2ce \u00e0 son dossier sur\u00e9lev\u00e9 \u00e0 double rang\u00e9e, cet oreiller offre un soutien sup\u00e9rieur \u00e0 votre cou et \u00e0 votre dos. Cela en fait l&#039;accessoire parfait pour ceux qui souffrent de douleurs au dos ou au cou, ou pour tous ceux qui souhaitent simplement se d\u00e9tendre et lire au lit.<\/p>\n<p>La conception multifonctionnelle de l\u2019oreiller dorsal pour dormir est un autre argument de vente majeur. Avec trois fa\u00e7ons diff\u00e9rentes de l\u2019utiliser, cet oreiller est parfait pour toutes les situations. Que vous pr\u00e9f\u00e9riez l&#039;utiliser comme oreiller de dossier vertical, oreiller compens\u00e9 ou oreiller de jambe pour un soutien sur\u00e9lev\u00e9, c&#039;est l&#039;accessoire id\u00e9al pour un repos et une d\u00e9tente confortables.<\/p>\n<p>En ce qui concerne l\u2019artisanat, l\u2019oreiller dorsal pour dormir est fabriqu\u00e9 avec des mat\u00e9riaux de haute qualit\u00e9. Le tissu d&#039;aspect lin est compos\u00e9 de polyester 100% et l&#039;oreiller est rempli de fibres de polyester \u00e9cologiques et \u00e0 haute r\u00e9silience. De plus, le coussin de traversin amovible est facile \u00e0 laver en machine, tandis que les petites poches lat\u00e9rales ajoutent de la praticit\u00e9 \u00e0 ce produit d\u00e9j\u00e0 luxueux.<\/p>\n<p>L\u2019un des aspects les plus attrayants de cet oreiller est sa facilit\u00e9 d\u2019utilisation et d\u2019entretien. La housse de coussin de t\u00eate de lit est fix\u00e9e \u00e0 l&#039;int\u00e9rieur de l&#039;oreiller avec des boutons et est facile \u00e0 retirer avec une simple fermeture \u00e9clair. Cela rend le nettoyage sans tracas. Retirez simplement la housse et effectuez un lavage rapide en machine pour donner \u00e0 votre oreiller un aspect neuf.<\/p>\n<p>L&#039;oreiller dorsal pour dormir est disponible dans une gamme de tailles pour s&#039;adapter \u00e0 toutes les tailles de lit : 100 cm, 120 cm, 140 cm, 160 cm, 180 cm et 200 cm. Il est ainsi facile de trouver la solution id\u00e9ale pour vos besoins sp\u00e9cifiques.<\/p>\n<p>Comme l\u2019\u00e9crit un client satisfait : \u00ab Cet oreiller change la donne ! Il offre tellement de soutien et de confort, et les multiples fa\u00e7ons de l\u2019utiliser le rendent parfait pour toutes les situations. Je le recommande vivement \u00e0 tous ceux qui souhaitent am\u00e9liorer leurs exp\u00e9riences de sommeil et de relaxation.<\/p>\n<p>Dans l\u2019ensemble, l\u2019oreiller dorsal pour dormir est un excellent investissement pour tous ceux qui souhaitent am\u00e9liorer leur confort et leur exp\u00e9rience de relaxation. Avec son savoir-faire de haute qualit\u00e9, sa conception multifonctionnelle et sa facilit\u00e9 d&#039;utilisation et d&#039;entretien, cet oreiller deviendra certainement un accessoire pr\u00e9f\u00e9r\u00e9 pour les ann\u00e9es \u00e0 venir.<\/p>","protected":false},"excerpt":{"rendered":"<ul>\n<li><strong>Confort ultime\u00a0:<\/strong> Cet oreiller de t\u00eate de lit sur\u00e9lev\u00e9 XL offre un excellent confort gr\u00e2ce \u00e0 sa forme incurv\u00e9e. Cet oreiller de lecture pour t\u00eate de lit peut vous aider \u00e0 rester sans tension dans le lit, le canap\u00e9-lit ou le canap\u00e9, ce qui est id\u00e9al pour les noctambules, les rats de biblioth\u00e8que et regarder la t\u00e9l\u00e9vision au lit.<\/li>\n<li><strong>Conception de dossier sur\u00e9lev\u00e9\u00a0:<\/strong> Profitez d&#039;un confort in\u00e9gal\u00e9 gr\u00e2ce au design unique du dossier sur\u00e9lev\u00e9 \u00e0 double rang\u00e9e de notre oreiller de t\u00eate de lit. L&#039;oreiller de t\u00eate de lit \u00e0 dossier sur\u00e9lev\u00e9 offre un soutien sup\u00e9rieur \u00e0 votre cou et \u00e0 votre dos, ce qui en fait l&#039;endroit id\u00e9al pour se d\u00e9tendre et lire au lit.<\/li>\n<li><strong>Oreiller multifonctionnel\u00a0:<\/strong> Avec trois fa\u00e7ons diff\u00e9rentes de l&#039;utiliser, notre oreiller est parfait pour toutes les situations. Que vous pr\u00e9f\u00e9riez l&#039;utiliser comme oreiller de dossier vertical, oreiller compens\u00e9 ou oreiller de jambe pour un soutien sur\u00e9lev\u00e9, c&#039;est l&#039;accessoire id\u00e9al pour un repos et une d\u00e9tente confortables.<\/li>\n<li><strong>Artisanat sup\u00e9rieur\u00a0:<\/strong> Fabriqu\u00e9 avec un tissu aspect lin dont la composition est du polyester 100%, notre oreiller de t\u00eate de lit est rempli de fibres de polyester \u00e9cologiques et \u00e0 haute r\u00e9silience. Le coussin de traversin amovible est facile \u00e0 laver en machine, tandis que les petites poches lat\u00e9rales ajoutent de la praticit\u00e9 \u00e0 ce produit d\u00e9j\u00e0 luxueux.<\/li>\n<li><strong>Facile \u00e0 laver :<\/strong> La housse de coussin de t\u00eate de lit est fix\u00e9e \u00e0 l&#039;int\u00e9rieur de l&#039;oreiller avec des boutons et est facile \u00e0 retirer avec une simple fermeture \u00e9clair. Cela rend son nettoyage sans tracas. Retirez simplement la housse et effectuez un lavage rapide en machine pour donner \u00e0 votre oreiller un aspect neuf.<\/li>\n<li><strong>Taille:<\/strong> 100 cm (L100 x L26 x H55 | Boutons 3 colonnes), 120 cm (L120 x L26 x H55 | Boutons 4 colonnes), 140 cm (L140 x L26 x H55 | Boutons 4 colonnes), 160 cm (L160 x L26 x H55 | Boutons 5 colonnes ), 180 cm (L180 x L26 x H55 | Boutons 6 colonnes), 200 cm (L200 x L26 x H55 | Boutons 7 colonnes).<\/li>\n<\/ul>","protected":false},"featured_media":852,"comment_status":"open","ping_status":"closed","template":"","meta":[],"product_brand":[],"product_cat":[15],"product_tag":[160,66,164,161,163,143,162,65],"class_list":{"0":"post-866","1":"product","2":"type-product","3":"status-publish","4":"has-post-thumbnail","6":"product_cat-large-wedge-pillow","7":"product_tag-back-pillow-for-sleeping","8":"product_tag-back-support-pillow","9":"product_tag-detachable-bolster-bed-cushion","10":"product_tag-elevated-headboard-pillow","11":"product_tag-leg-pillow","12":"product_tag-multifunctional-pillow","13":"product_tag-upright-back-pillow","14":"product_tag-wedge-pillow","16":"first","17":"instock","18":"featured","19":"shipping-taxable","20":"purchasable","21":"product-type-variable"},"_links":{"self":[{"href":"https:\/\/www.largepillow.com\/fr\/wp-json\/wp\/v2\/product\/866","targetHints":{"allow":["GET"]}}],"collection":[{"href":"https:\/\/www.largepillow.com\/fr\/wp-json\/wp\/v2\/product"}],"about":[{"href":"https:\/\/www.largepillow.com\/fr\/wp-json\/wp\/v2\/types\/product"}],"replies":[{"embeddable":true,"href":"https:\/\/www.largepillow.com\/fr\/wp-json\/wp\/v2\/comments?post=866"}],"wp:featuredmedia":[{"embeddable":true,"href":"https:\/\/www.largepillow.com\/fr\/wp-json\/wp\/v2\/media\/852"}],"wp:attachment":[{"href":"https:\/\/www.largepillow.com\/fr\/wp-json\/wp\/v2\/media?parent=866"}],"wp:term":[{"taxonomy":"product_brand","embeddable":true,"href":"https:\/\/www.largepillow.com\/fr\/wp-json\/wp\/v2\/product_brand?post=866"},{"taxonomy":"product_cat","embeddable":true,"href":"https:\/\/www.largepillow.com\/fr\/wp-json\/wp\/v2\/product_cat?post=866"},{"taxonomy":"product_tag","embeddable":true,"href":"https:\/\/www.largepillow.com\/fr\/wp-json\/wp\/v2\/product_tag?post=866"}],"curies":[{"name":"wp","href":"https:\/\/api.w.org\/{rel}","templated":true}]}}