{"id":914,"date":"2022-09-18T08:07:44","date_gmt":"2022-09-18T08:07:44","guid":{"rendered":"https:\/\/www.largepillow.com\/product\/wedge-pillow-for-acid-reflux_37_38_39_40_41_42_43_44_45_46"},"modified":"2025-06-12T17:32:43","modified_gmt":"2025-06-12T17:32:43","slug":"traversin-pour-lit","status":"publish","type":"product","link":"https:\/\/www.largepillow.com\/fr\/product\/bolster-pillow-for-bed","title":{"rendered":"Oreiller de traversin pour lit"},"content":{"rendered":"<p>Le traversin pour lit \u2013 l&#039;accessoire parfait pour une nuit douillette ou une journ\u00e9e de farniente pass\u00e9e au lit. Cet oreiller de t\u00eate de lit sur\u00e9lev\u00e9 extra-large offre un confort ultime gr\u00e2ce \u00e0 sa forme incurv\u00e9e unique, vous permettant de rester sans tension lorsque vous travaillez, lisez ou regardez la t\u00e9l\u00e9vision au lit. <\/p>\n<p>La conception du dossier sur\u00e9lev\u00e9 de l&#039;oreiller de t\u00eate de lit offre un soutien sup\u00e9rieur \u00e0 votre cou et \u00e0 votre dos, ce qui en fait l&#039;endroit id\u00e9al pour se d\u00e9tendre et lire au lit. L&#039;oreiller est \u00e9galement parfait pour toutes les situations, avec trois fa\u00e7ons diff\u00e9rentes de l&#039;utiliser. Que vous pr\u00e9f\u00e9riez l&#039;utiliser comme oreiller de dossier vertical, oreiller compens\u00e9 ou oreiller de jambe pour un soutien sur\u00e9lev\u00e9, cet oreiller multifonctionnel est con\u00e7u pour votre confort.<\/p>\n<p>Fabriqu\u00e9 avec un tissu d&#039;aspect velours de haute qualit\u00e9 et rempli de fibres de polyester \u00e9cologiques et \u00e0 haute r\u00e9silience, le traversin pour lit est durable et con\u00e7u pour durer. Le coussin de traversin amovible est facile \u00e0 laver en machine, tandis que les petites poches lat\u00e9rales ajoutent de la praticit\u00e9 \u00e0 ce produit d\u00e9j\u00e0 luxueux.<\/p>\n<p>Disponible en six tailles diff\u00e9rentes allant de 100 cm \u00e0 200 cm, cet oreiller est parfait pour n&#039;importe quel lit, canap\u00e9, lit de repos ou canap\u00e9. Vous pouvez choisir celui qui correspond \u00e0 vos besoins, que vous souhaitiez l&#039;utiliser pour lire, travailler ou simplement vous d\u00e9tendre.<\/p>\n<p>Et ne nous croyez pas sur parole. Un client satisfait a comment\u00e9 : \u00ab Cet oreiller est incroyable ! C&#039;est tellement confortable et la taille parfaite. Le tissu est doux et confortable, et les multiples boutons permettent de l&#039;ajuster facilement \u00e0 votre guise. L&#039;investissement en vaut vraiment la peine. \u00bb<\/p>\n<p>Un autre client satisfait qui a achet\u00e9 l\u2019oreiller en velours Holland de couleur caf\u00e9 a d\u00e9clar\u00e9 : \u00ab Cet oreiller est si doux et confortable. C&#039;est la taille parfaite pour mon lit et la couleur est magnifique. Je l&#039;utilise tous les jours pour lire et regarder la t\u00e9l\u00e9vision, et cela a fait une \u00e9norme diff\u00e9rence dans mon niveau de confort.<\/p>\n<p>En conclusion, le Bolster Pillow For Bed est un incontournable pour tous ceux qui aiment passer du temps au lit. Il offre un confort ultime, un soutien sup\u00e9rieur et est construit pour durer avec un savoir-faire de haute qualit\u00e9. Choisissez votre taille et votre couleur et vivez une relaxation ultime.<\/p>","protected":false},"excerpt":{"rendered":"<ul>\n<li><strong>Confort ultime\u00a0:<\/strong> Cet oreiller de t\u00eate de lit sur\u00e9lev\u00e9 XL offre un excellent confort gr\u00e2ce \u00e0 sa forme incurv\u00e9e. Cet oreiller de lecture pour t\u00eate de lit peut vous aider \u00e0 rester sans tension dans le lit, le canap\u00e9-lit ou le canap\u00e9, ce qui est id\u00e9al pour les noctambules, les rats de biblioth\u00e8que et regarder la t\u00e9l\u00e9vision au lit.<\/li>\n<li><strong>Conception de dossier sur\u00e9lev\u00e9\u00a0:<\/strong> Profitez d&#039;un confort in\u00e9gal\u00e9 gr\u00e2ce au design unique du dossier sur\u00e9lev\u00e9 \u00e0 double rang\u00e9e de notre oreiller de t\u00eate de lit. L&#039;oreiller de t\u00eate de lit \u00e0 dossier sur\u00e9lev\u00e9 offre un soutien sup\u00e9rieur \u00e0 votre cou et \u00e0 votre dos, ce qui en fait l&#039;endroit id\u00e9al pour se d\u00e9tendre et lire au lit.<\/li>\n<li><strong>Oreiller multifonctionnel\u00a0:<\/strong> Avec trois fa\u00e7ons diff\u00e9rentes de l&#039;utiliser, notre oreiller est parfait pour toutes les situations. Que vous pr\u00e9f\u00e9riez l&#039;utiliser comme oreiller de dossier vertical, oreiller compens\u00e9 ou oreiller de jambe pour un soutien sur\u00e9lev\u00e9, c&#039;est l&#039;accessoire id\u00e9al pour un repos et une d\u00e9tente confortables.<\/li>\n<li><strong>Artisanat sup\u00e9rieur\u00a0:<\/strong> Fabriqu\u00e9 avec un tissu aspect velours dont la composition est du polyester 100%, notre oreiller de t\u00eate de lit est rempli de fibres de polyester \u00e9cologiques et \u00e0 haute r\u00e9silience. Le coussin de traversin amovible est facile \u00e0 laver en machine, tandis que les petites poches lat\u00e9rales ajoutent de la praticit\u00e9 \u00e0 ce produit d\u00e9j\u00e0 luxueux.<\/li>\n<li><strong>Facile \u00e0 laver :<\/strong> La housse de coussin de t\u00eate de lit est fix\u00e9e \u00e0 l&#039;int\u00e9rieur de l&#039;oreiller avec des boutons et est facile \u00e0 retirer avec une simple fermeture \u00e9clair. Cela rend son nettoyage sans tracas. Retirez simplement la housse et effectuez un lavage rapide en machine pour donner \u00e0 votre oreiller un aspect neuf.<\/li>\n<li><strong>Taille:<\/strong> 100 cm (L100 x L26 x H55 | Boutons 3 colonnes), 120 cm (L120 x L26 x H55 | Boutons 4 colonnes), 140 cm (L140 x L26 x H55 | Boutons 4 colonnes), 160 cm (L160 x L26 x H55 | Boutons 5 colonnes ), 180 cm (L180 x L26 x H55 | Boutons 6 colonnes), 200 cm (L200 x L26 x H55 | Boutons 7 colonnes).<\/li>\n<\/ul>","protected":false},"featured_media":905,"comment_status":"open","ping_status":"closed","template":"","meta":[],"product_brand":[],"product_cat":[15],"product_tag":[178,164,161,168,179,163,143,162,65],"class_list":{"0":"post-914","1":"product","2":"type-product","3":"status-publish","4":"has-post-thumbnail","6":"product_cat-large-wedge-pillow","7":"product_tag-bolster-pillow-for-bed","8":"product_tag-detachable-bolster-bed-cushion","9":"product_tag-elevated-headboard-pillow","10":"product_tag-headboard-pillow","11":"product_tag-headboard-reading-pillow","12":"product_tag-leg-pillow","13":"product_tag-multifunctional-pillow","14":"product_tag-upright-back-pillow","15":"product_tag-wedge-pillow","17":"first","18":"instock","19":"shipping-taxable","20":"purchasable","21":"product-type-variable"},"_links":{"self":[{"href":"https:\/\/www.largepillow.com\/fr\/wp-json\/wp\/v2\/product\/914","targetHints":{"allow":["GET"]}}],"collection":[{"href":"https:\/\/www.largepillow.com\/fr\/wp-json\/wp\/v2\/product"}],"about":[{"href":"https:\/\/www.largepillow.com\/fr\/wp-json\/wp\/v2\/types\/product"}],"replies":[{"embeddable":true,"href":"https:\/\/www.largepillow.com\/fr\/wp-json\/wp\/v2\/comments?post=914"}],"wp:featuredmedia":[{"embeddable":true,"href":"https:\/\/www.largepillow.com\/fr\/wp-json\/wp\/v2\/media\/905"}],"wp:attachment":[{"href":"https:\/\/www.largepillow.com\/fr\/wp-json\/wp\/v2\/media?parent=914"}],"wp:term":[{"taxonomy":"product_brand","embeddable":true,"href":"https:\/\/www.largepillow.com\/fr\/wp-json\/wp\/v2\/product_brand?post=914"},{"taxonomy":"product_cat","embeddable":true,"href":"https:\/\/www.largepillow.com\/fr\/wp-json\/wp\/v2\/product_cat?post=914"},{"taxonomy":"product_tag","embeddable":true,"href":"https:\/\/www.largepillow.com\/fr\/wp-json\/wp\/v2\/product_tag?post=914"}],"curies":[{"name":"wp","href":"https:\/\/api.w.org\/{rel}","templated":true}]}}