{"id":930,"date":"2022-09-18T08:29:22","date_gmt":"2022-09-18T08:29:22","guid":{"rendered":"https:\/\/www.largepillow.com\/product\/wedge-pillow-for-acid-reflux_37_38_39_40_41_42_43_44_45_46_47"},"modified":"2025-09-16T06:24:36","modified_gmt":"2025-09-16T06:24:36","slug":"coussin-de-traversin-de-lit","status":"publish","type":"product","link":"https:\/\/www.largepillow.com\/fr\/product\/bed-bolster-cushion","title":{"rendered":"Coussin de traversin de lit"},"content":{"rendered":"<p>D\u00e9couvrez l\u2019oreiller de lecture et de relaxation ultime \u2013 Le traversin de lit<\/p>\n<p>Vous en avez assez de vous fatiguer le cou et le dos en lisant ou en regardant la t\u00e9l\u00e9vision au lit ? Pr\u00e9sentation du coussin Bed Bolster \u2013 l&#039;oreiller ultra confortable qui \u00e9l\u00e8ve la relaxation vers de nouveaux sommets. <\/p>\n<p>Fabriqu\u00e9 en tissu de velours de polyester 100% et rembourr\u00e9 de fibres de polyester r\u00e9silientes, cet oreiller de t\u00eate de lit surdimensionn\u00e9 vous berce dans un confort moelleux. Sa conception unique de dossier sur\u00e9lev\u00e9 \u00e0 double rang\u00e9e offre un soutien ergonomique au haut de votre corps, vous permettant de vous asseoir confortablement dans le lit sans effort. <\/p>\n<p>Les clients adorent la polyvalence de cet oreiller. Vous pouvez l&#039;utiliser droit comme un dossier, inclin\u00e9 comme un oreiller compens\u00e9 ou horizontalement comme un oreiller pour les jambes. C&#039;est le coussin multifonctionnel parfait pour lire, travailler sur votre ordinateur portable, regarder des films ou simplement vous pr\u00e9lasser au lit. <\/p>\n<p>Comme Lily le dit dans sa critique : \u00ab J&#039;adore utiliser cet oreiller triangulaire g\u00e9ant pour me soutenir dans mon lit pendant que je lis. C&#039;est si doux et soutient mon dos. Avant, j&#039;\u00e9tais mal \u00e0 l&#039;aise apr\u00e8s 30 minutes de lecture, mais avec cet oreiller, je peux passer des heures sans aucune douleur au cou ou au dos.<\/p>\n<p>Le traversin de lit est disponible en diff\u00e9rentes largeurs allant de 100 cm \u00e0 200 cm de large afin que vous puissiez trouver l&#039;ajustement parfait pour votre lit. Il comporte des poches lat\u00e9rales pratiques pour ranger votre t\u00e9l\u00e9phone, votre t\u00e9l\u00e9commande, vos lunettes ou votre livre. La housse en velours doux est amovible et lavable en machine pour un entretien facile.<\/p>\n<p>Si vous souhaitez porter la relaxation vers de nouveaux sommets, offrez-vous le confort du coussin traversin de lit. Son soutien sup\u00e9rieur et sa forme adaptable en font l&#039;oreiller ultime pour lire, travailler ou regarder vos \u00e9missions pr\u00e9f\u00e9r\u00e9es au lit. Apportez du luxe et du confort dans votre chambre d\u00e8s aujourd&#039;hui !<\/p>","protected":false},"excerpt":{"rendered":"<ul>\n<li><strong>Confort ultime\u00a0:<\/strong> Cet oreiller de t\u00eate de lit sur\u00e9lev\u00e9 XL offre un excellent confort gr\u00e2ce \u00e0 sa forme incurv\u00e9e. Cet oreiller de lecture pour t\u00eate de lit peut vous aider \u00e0 rester sans tension dans le lit, le canap\u00e9-lit ou le canap\u00e9, ce qui est id\u00e9al pour les noctambules, les rats de biblioth\u00e8que et regarder la t\u00e9l\u00e9vision au lit.<\/li>\n<li><strong>Conception de dossier sur\u00e9lev\u00e9\u00a0:<\/strong> Profitez d&#039;un confort in\u00e9gal\u00e9 gr\u00e2ce au design unique du dossier sur\u00e9lev\u00e9 \u00e0 double rang\u00e9e de notre oreiller de t\u00eate de lit. L&#039;oreiller de t\u00eate de lit \u00e0 dossier sur\u00e9lev\u00e9 offre un soutien sup\u00e9rieur \u00e0 votre cou et \u00e0 votre dos, ce qui en fait l&#039;endroit id\u00e9al pour se d\u00e9tendre et lire au lit.<\/li>\n<li><strong>Oreiller multifonctionnel\u00a0:<\/strong> Avec trois fa\u00e7ons diff\u00e9rentes de l&#039;utiliser, notre oreiller est parfait pour toutes les situations. Que vous pr\u00e9f\u00e9riez l&#039;utiliser comme oreiller de dossier vertical, oreiller compens\u00e9 ou oreiller de jambe pour un soutien sur\u00e9lev\u00e9, c&#039;est l&#039;accessoire id\u00e9al pour un repos et une d\u00e9tente confortables.<\/li>\n<li><strong>Artisanat sup\u00e9rieur\u00a0:<\/strong> Fabriqu\u00e9 avec un tissu aspect velours dont la composition est du polyester 100%, notre oreiller de t\u00eate de lit est rempli de fibres de polyester \u00e9cologiques et \u00e0 haute r\u00e9silience. Le coussin de traversin amovible est facile \u00e0 laver en machine, tandis que les petites poches lat\u00e9rales ajoutent de la praticit\u00e9 \u00e0 ce produit d\u00e9j\u00e0 luxueux.<\/li>\n<li><strong>Facile \u00e0 laver :<\/strong> La housse de coussin de t\u00eate de lit est fix\u00e9e \u00e0 l&#039;int\u00e9rieur de l&#039;oreiller avec des boutons et est facile \u00e0 retirer avec une simple fermeture \u00e9clair. Cela rend son nettoyage sans tracas. Retirez simplement la housse et effectuez un lavage rapide en machine pour donner \u00e0 votre oreiller un aspect neuf.<\/li>\n<li><strong>Taille:<\/strong> 100 cm (L100 x L26 x H55 | Boutons 3 colonnes), 120 cm (L120 x L26 x H55 | Boutons 4 colonnes), 140 cm (L140 x L26 x H55 | Boutons 4 colonnes), 160 cm (L160 x L26 x H55 | Boutons 5 colonnes ), 180 cm (L180 x L26 x H55 | Boutons 6 colonnes), 200 cm (L200 x L26 x H55 | Boutons 7 colonnes).<\/li>\n<\/ul>","protected":false},"featured_media":921,"comment_status":"open","ping_status":"closed","template":"","meta":[],"product_brand":[],"product_cat":[15],"product_tag":[60,174,164,161,177,143,76,176,162,175,120,65],"class_list":{"0":"post-930","1":"product","2":"type-product","3":"status-publish","4":"has-post-thumbnail","6":"product_cat-large-wedge-pillow","7":"product_tag-backrest-pillow","8":"product_tag-bed-bolster-cushion","9":"product_tag-detachable-bolster-bed-cushion","10":"product_tag-elevated-headboard-pillow","11":"product_tag-luxury-pillow","12":"product_tag-multifunctional-pillow","13":"product_tag-neck-support-pillow","14":"product_tag-practical-pillow","15":"product_tag-upright-back-pillow","16":"product_tag-velvet-fabric-pillow","17":"product_tag-velvet-pillow","18":"product_tag-wedge-pillow","20":"first","21":"instock","22":"shipping-taxable","23":"purchasable","24":"product-type-variable"},"_links":{"self":[{"href":"https:\/\/www.largepillow.com\/fr\/wp-json\/wp\/v2\/product\/930","targetHints":{"allow":["GET"]}}],"collection":[{"href":"https:\/\/www.largepillow.com\/fr\/wp-json\/wp\/v2\/product"}],"about":[{"href":"https:\/\/www.largepillow.com\/fr\/wp-json\/wp\/v2\/types\/product"}],"replies":[{"embeddable":true,"href":"https:\/\/www.largepillow.com\/fr\/wp-json\/wp\/v2\/comments?post=930"}],"wp:featuredmedia":[{"embeddable":true,"href":"https:\/\/www.largepillow.com\/fr\/wp-json\/wp\/v2\/media\/921"}],"wp:attachment":[{"href":"https:\/\/www.largepillow.com\/fr\/wp-json\/wp\/v2\/media?parent=930"}],"wp:term":[{"taxonomy":"product_brand","embeddable":true,"href":"https:\/\/www.largepillow.com\/fr\/wp-json\/wp\/v2\/product_brand?post=930"},{"taxonomy":"product_cat","embeddable":true,"href":"https:\/\/www.largepillow.com\/fr\/wp-json\/wp\/v2\/product_cat?post=930"},{"taxonomy":"product_tag","embeddable":true,"href":"https:\/\/www.largepillow.com\/fr\/wp-json\/wp\/v2\/product_tag?post=930"}],"curies":[{"name":"wp","href":"https:\/\/api.w.org\/{rel}","templated":true}]}}