{"id":946,"date":"2022-09-18T08:36:16","date_gmt":"2022-09-18T08:36:16","guid":{"rendered":"https:\/\/www.largepillow.com\/product\/wedge-pillow-for-acid-reflux_37_38_39_40_41_42_43_44_45_46_47_48"},"modified":"2024-10-03T16:31:35","modified_gmt":"2024-10-03T16:31:35","slug":"traversin-pour-lit-2","status":"publish","type":"product","link":"https:\/\/www.largepillow.com\/fr\/product\/bolster-cushion-for-bed","title":{"rendered":"Coussin de traversin pour lit"},"content":{"rendered":"<p>Le confort et le soutien ultimes\u00a0: coussin traversin pour lit<\/p>\n<p>\u00cates-vous fatigu\u00e9 des oreillers inconfortables et sans soutien qui vous laissent fatigu\u00e9 et endoloris ? Ne cherchez pas plus loin que le traversin pour lit, la solution \u00e0 tous vos probl\u00e8mes au coucher.<\/p>\n<p>Confort et soutien du dos in\u00e9gal\u00e9s<\/p>\n<p>Cet oreiller de t\u00eate de lit sur\u00e9lev\u00e9 pr\u00e9sente une forme incurv\u00e9e qui s&#039;adapte \u00e0 votre corps, offrant un confort exceptionnel. Son dossier sur\u00e9lev\u00e9 unique \u00e0 double rang\u00e9e offre un soutien in\u00e9gal\u00e9 pour votre cou et votre dos, ce qui le rend id\u00e9al pour les rats de biblioth\u00e8que, les oiseaux de nuit et les amateurs de t\u00e9l\u00e9vision.<\/p>\n<p>Multifonctionnel et polyvalent<\/p>\n<p>Avec trois fa\u00e7ons polyvalentes de l&#039;utiliser, le coussin Bolster est le compagnon id\u00e9al pour toutes les situations. Utilisez-le comme oreiller de dossier vertical pour une lecture confortable, comme oreiller compens\u00e9 pour un soutien sur\u00e9lev\u00e9 des jambes ou comme oreiller de jambe pour plus de confort.<\/p>\n<p>Un savoir-faire et des mat\u00e9riaux exceptionnels<\/p>\n<p>Fabriqu\u00e9 avec un tissu luxueux d&#039;aspect velours (polyester 100%), le rembourrage en fibre de polyester \u00e9cologique du coussin Bolster assure une r\u00e9silience et un soutien \u00e9lev\u00e9s. Son traversin amovible le rend incroyablement facile \u00e0 laver en machine, tandis que les petites poches lat\u00e9rales ajoutent de la fonctionnalit\u00e9.<\/p>\n<p>Entretien facile<\/p>\n<p>L\u2019entretien du coussin Bolster est un jeu d\u2019enfant. Sa housse de coussin de t\u00eate de lit se fixe \u00e0 l&#039;aide de boutons et dispose d&#039;une fermeture \u00e9clair pratique pour un retrait sans effort. Retirez simplement la housse et jetez-la dans la machine \u00e0 laver pour un rafra\u00eechissement.<\/p>\n<p>Disponible en plusieurs tailles<\/p>\n<p>Choisissez parmi une vari\u00e9t\u00e9 de tailles pour s&#039;adapter parfaitement \u00e0 votre lit et \u00e0 vos besoins : 100 cm, 120 cm, 140 cm, 160 cm, 180 cm et 200 cm.<\/p>\n<p>T\u00e9moignages de clients<\/p>\n<p>Ne vous contentez pas de nous croire sur parole. Voici ce que disent les clients satisfaits\u00a0:<\/p>\n<p>\u00ab Ce coussin de traversin change la donne. Cela a compl\u00e8tement am\u00e9lior\u00e9 la qualit\u00e9 de mon sommeil et le soutien de mon dos. \u2013Sarah J.<br \/>\n\u00ab En tant que lecteur vorace, cet oreiller a fait de l\u2019heure du coucher une exp\u00e9rience v\u00e9ritablement relaxante. C&#039;est tellement confortable et solidaire. \u2013 John F.<br \/>\n\u00abJ&#039;adore la polyvalence de ce coussin. Il est parfait pour lire, regarder la t\u00e9l\u00e9vision ou m\u00eame comme repose-jambes. \u2013 Marie K.<\/p>\n<p>Am\u00e9liorez votre routine du coucher avec le coussin traversin<\/p>\n<p>Am\u00e9liorez l&#039;exp\u00e9rience de votre chambre avec le coussin traversin pour lit. Son confort exceptionnel, son maintien, sa polyvalence et sa facilit\u00e9 d&#039;entretien transformeront vos nuits en un havre de d\u00e9tente et de ressourcement.<\/p>","protected":false},"excerpt":{"rendered":"<ul>\n<li><strong>Confort ultime\u00a0:<\/strong> Cet oreiller de t\u00eate de lit sur\u00e9lev\u00e9 XL offre un excellent confort gr\u00e2ce \u00e0 sa forme incurv\u00e9e. Cet oreiller de lecture pour t\u00eate de lit peut vous aider \u00e0 rester sans tension dans le lit, le canap\u00e9-lit ou le canap\u00e9, ce qui est id\u00e9al pour les noctambules, les rats de biblioth\u00e8que et regarder la t\u00e9l\u00e9vision au lit.<\/li>\n<li><strong>Conception de dossier sur\u00e9lev\u00e9\u00a0:<\/strong> Profitez d&#039;un confort in\u00e9gal\u00e9 gr\u00e2ce au design unique du dossier sur\u00e9lev\u00e9 \u00e0 double rang\u00e9e de notre oreiller de t\u00eate de lit. L&#039;oreiller de t\u00eate de lit \u00e0 dossier sur\u00e9lev\u00e9 offre un soutien sup\u00e9rieur \u00e0 votre cou et \u00e0 votre dos, ce qui en fait l&#039;endroit id\u00e9al pour se d\u00e9tendre et lire au lit.<\/li>\n<li><strong>Oreiller multifonctionnel\u00a0:<\/strong> Avec trois fa\u00e7ons diff\u00e9rentes de l&#039;utiliser, notre oreiller est parfait pour toutes les situations. Que vous pr\u00e9f\u00e9riez l&#039;utiliser comme oreiller de dossier vertical, oreiller compens\u00e9 ou oreiller de jambe pour un soutien sur\u00e9lev\u00e9, c&#039;est l&#039;accessoire id\u00e9al pour un repos et une d\u00e9tente confortables.<\/li>\n<li><strong>Artisanat sup\u00e9rieur\u00a0:<\/strong> Fabriqu\u00e9 avec un tissu aspect velours dont la composition est du polyester 100%, notre oreiller de t\u00eate de lit est rempli de fibres de polyester \u00e9cologiques et \u00e0 haute r\u00e9silience. Le coussin de traversin amovible est facile \u00e0 laver en machine, tandis que les petites poches lat\u00e9rales ajoutent de la praticit\u00e9 \u00e0 ce produit d\u00e9j\u00e0 luxueux.<\/li>\n<li><strong>Facile \u00e0 laver :<\/strong> La housse de coussin de t\u00eate de lit est fix\u00e9e \u00e0 l&#039;int\u00e9rieur de l&#039;oreiller avec des boutons et est facile \u00e0 retirer avec une simple fermeture \u00e9clair. Cela rend son nettoyage sans tracas. Retirez simplement la housse et effectuez un lavage rapide en machine pour donner \u00e0 votre oreiller un aspect neuf.<\/li>\n<li><strong>Taille:<\/strong> 100 cm (L100 x L26 x H55 | Boutons 3 colonnes), 120 cm (L120 x L26 x H55 | Boutons 4 colonnes), 140 cm (L140 x L26 x H55 | Boutons 4 colonnes), 160 cm (L160 x L26 x H55 | Boutons 5 colonnes ), 180 cm (L180 x L26 x H55 | Boutons 6 colonnes), 200 cm (L200 x L26 x H55 | Boutons 7 colonnes).<\/li>\n<\/ul>","protected":false},"featured_media":937,"comment_status":"open","ping_status":"closed","template":"","meta":[],"product_brand":[],"product_cat":[15],"product_tag":[108,173,161,168,143,120,65],"class_list":{"0":"post-946","1":"product","2":"type-product","3":"status-publish","4":"has-post-thumbnail","6":"product_cat-large-wedge-pillow","7":"product_tag-bed-cushion","8":"product_tag-bolster-cushion","9":"product_tag-elevated-headboard-pillow","10":"product_tag-headboard-pillow","11":"product_tag-multifunctional-pillow","12":"product_tag-velvet-pillow","13":"product_tag-wedge-pillow","15":"first","16":"instock","17":"shipping-taxable","18":"purchasable","19":"product-type-variable"},"_links":{"self":[{"href":"https:\/\/www.largepillow.com\/fr\/wp-json\/wp\/v2\/product\/946","targetHints":{"allow":["GET"]}}],"collection":[{"href":"https:\/\/www.largepillow.com\/fr\/wp-json\/wp\/v2\/product"}],"about":[{"href":"https:\/\/www.largepillow.com\/fr\/wp-json\/wp\/v2\/types\/product"}],"replies":[{"embeddable":true,"href":"https:\/\/www.largepillow.com\/fr\/wp-json\/wp\/v2\/comments?post=946"}],"wp:featuredmedia":[{"embeddable":true,"href":"https:\/\/www.largepillow.com\/fr\/wp-json\/wp\/v2\/media\/937"}],"wp:attachment":[{"href":"https:\/\/www.largepillow.com\/fr\/wp-json\/wp\/v2\/media?parent=946"}],"wp:term":[{"taxonomy":"product_brand","embeddable":true,"href":"https:\/\/www.largepillow.com\/fr\/wp-json\/wp\/v2\/product_brand?post=946"},{"taxonomy":"product_cat","embeddable":true,"href":"https:\/\/www.largepillow.com\/fr\/wp-json\/wp\/v2\/product_cat?post=946"},{"taxonomy":"product_tag","embeddable":true,"href":"https:\/\/www.largepillow.com\/fr\/wp-json\/wp\/v2\/product_tag?post=946"}],"curies":[{"name":"wp","href":"https:\/\/api.w.org\/{rel}","templated":true}]}}