{"id":998,"date":"2022-09-19T02:00:32","date_gmt":"2022-09-19T02:00:32","guid":{"rendered":"https:\/\/www.largepillow.com\/product\/backrest-body-cushion"},"modified":"2025-12-05T12:02:00","modified_gmt":"2025-12-05T12:02:00","slug":"oreiller-grand-corps","status":"publish","type":"product","link":"https:\/\/www.largepillow.com\/fr\/product\/large-body-pillow","title":{"rendered":"Grand Oreiller de Corps"},"content":{"rendered":"<p>Offrez-vous le confort et la polyvalence du grand oreiller corporel<\/p>\n<p>Am\u00e9liorez votre exp\u00e9rience de coucher avec ce grand oreiller de corps exceptionnel, m\u00e9ticuleusement con\u00e7u pour offrir un confort et un soutien in\u00e9gal\u00e9s.<\/p>\n<p>Le partenaire de lecture id\u00e9al<\/p>\n<p>Installez-vous confortablement avec un livre captivant sans sacrifier le confort. La forme rectangulaire de cet oreiller offre un soutien lombaire optimal, vous permettant de vous plonger dans vos contes pr\u00e9f\u00e9r\u00e9s pendant des heures. Que vous soyez assis dans votre lit pour lire, regarder la t\u00e9l\u00e9vision ou naviguer sur le Web, cet oreiller est l\u00e0 pour vous.<\/p>\n<p>Soutien corporel in\u00e9gal\u00e9<\/p>\n<p>En tant que grand oreiller de corps, il transcende le r\u00f4le d&#039;un simple coussin de repos. Sa conception multi-positions lui permet de s&#039;adapter \u00e0 diverses parties du corps, offrant un soutien au dos, aux \u00e9paules, \u00e0 la colonne vert\u00e9brale, au ventre et aux jambes. Il favorise une colonne vert\u00e9brale align\u00e9e, ce qui le rend id\u00e9al pour tous les dormeurs, quelle que soit leur position de sommeil pr\u00e9f\u00e9r\u00e9e.<\/p>\n<p>Construction et mat\u00e9riaux haut de gamme<\/p>\n<p>D\u00e9couvrez la diff\u00e9rence avec cet oreiller exquis, con\u00e7u avec le plus grand soin et une attention aux d\u00e9tails. Ses rayures tridimensionnelles, ses touffes de boutons en tissu et ses bords enti\u00e8rement ourl\u00e9s le distinguent des oreillers de dossier ordinaires. Le rembourrage en fibres de micro polyester r\u00e9sistant et flexible assure un soutien optimal qui ne perdra pas sa forme avec le temps.<\/p>\n<p>Accessoire de chevet \u00e9l\u00e9gant<\/p>\n<p>Ajoutez une touche d&#039;\u00e9l\u00e9gance \u00e0 votre chambre avec cet \u00e9l\u00e9gant coussin de lecture. Son design attrayant le transforme en une magnifique d\u00e9coration de lit, ajoutant une ambiance invitante \u00e0 votre sanctuaire. Il est r\u00e9glable et polyvalent, s&#039;int\u00e9grant parfaitement \u00e0 n&#039;importe quelle chambre, h\u00f4tel ou h\u00f4pital.<\/p>\n<p>Facile \u00e0 nettoyer et \u00e0 entretenir<\/p>\n<p>Garder votre oreiller frais et hygi\u00e9nique est un jeu d&#039;enfant. La housse de coussin amovible peut \u00eatre facilement d\u00e9zipp\u00e9e et lav\u00e9e en machine, garantissant ainsi un environnement de sommeil propre et sans allerg\u00e8nes.<\/p>\n<p>T\u00e9moignages de clients<\/p>\n<p>\u00abCet oreiller change la donne pour mes s\u00e9ances de lecture. Il offre un soutien et un confort parfaits, me permettant de lire pendant des heures sans aucune g\u00eane. -Jennifer B.<\/p>\n<p>\u00ab\u00a0En tant qu&#039;oreiller corporel, c&#039;est une bou\u00e9e de sauvetage. Cela m\u2019aide \u00e0 dormir dans une position plus confortable et d\u00e9tendue, r\u00e9duisant ainsi consid\u00e9rablement mes maux de dos. \u2013Marc H.<\/p>\n<p>\u00ab Le design est absolument magnifique. C&#039;est le remplacement parfait de la t\u00eate de lit et ajoute une touche de sophistication \u00e0 ma chambre. \u2013 \u00c9milie G.<\/p>\n<p>Choisissez le grand oreiller de corps aujourd&#039;hui et d\u00e9couvrez le confort et le soutien ultimes. Disponible dans une gamme de tailles allant de 100x50x8cm \u00e0 200x50x8cm, vous \u00eates s\u00fbr de trouver la solution id\u00e9ale pour vos besoins. Commandez maintenant et am\u00e9liorez votre jeu de sommeil et de relaxation\u00a0!<\/p>","protected":false},"excerpt":{"rendered":"<ul>\n<li><strong>COUSSIN DE LECTURE PARFAIT\u00a0:<\/strong> Avec un coussin de forme rectangulaire, ce confortable oreiller de lecture de chevet fonctionne parfaitement pour fournir un soutien doux du dos comme un oreiller lombaire lorsque vous vous asseyez sur le lit pour lire, regarder la t\u00e9l\u00e9vision, naviguer sur le t\u00e9l\u00e9phone, surfer sur une tablette, jouer \u00e0 des jeux vid\u00e9o, faire du yoga, allaiter et se reposer. apr\u00e8s l&#039;op\u00e9ration.<\/li>\n<li><strong>OREILLER DE CORPS CONFORTABLE\u00a0:<\/strong> En tant que grand oreiller corporel, il remplace tous les oreillers de repos ou lombaires normaux, cr\u00e9e plusieurs positions comme oreiller positionneur pour soutenir le dos, les \u00e9paules, la colonne vert\u00e9brale, le ventre, les jambes et permet \u00e0 vos muscles de rester d\u00e9tendus. Favorise une colonne vert\u00e9brale align\u00e9e pour tout dormeur, que vous ayez besoin d&#039;un oreiller rembourr\u00e9 ou d&#039;un grand coussin de soutien du dos, si vous avez juste besoin de plus ou moins de volume. Vous pouvez \u00e9galement l&#039;utiliser comme oreiller de grossesse qui offre un soutien diff\u00e9rent aux parties du corps et soulage les douleurs de la grossesse.<\/li>\n<li><strong>CON\u00c7U \u00c0 L&#039;ORIGINE AVEC DES MAT\u00c9RIAUX DE HAUTE QUALIT\u00c9\u00a0:<\/strong> L&#039;oreiller de lecture rectangulaire est livr\u00e9 avec des rayures tridimensionnelles, des touffes de boutons en tissu, des bords enti\u00e8rement ourl\u00e9s sont tr\u00e8s distinctifs parmi tous les autres oreillers de dossier normaux. Bien que le coussin d\u00e9coratif de soutien dorsal soit doux, il conserve toujours sa forme de soutien en tirant pleinement parti du rembourrage en microfibre de polyester r\u00e9sistant et flexible. La fermeture \u00e0 glissi\u00e8re bidirectionnelle du coussin de chevet, qui est tr\u00e8s solide et durable pour une utilisation \u00e0 long terme.<\/li>\n<li><strong>MAGNIFIQUE COUSSIN DE CHEVET D\u00c9CORATIF :<\/strong> Si vous avez besoin d&#039;une t\u00eate de lit rapide et facile, ce coussin de lecture pour t\u00eate de lit rembourr\u00e9 peut \u00eatre utilis\u00e9 comme remplacement alternatif tout en \u00e9tant une belle d\u00e9coration de lit. Son design \u00e9l\u00e9gant ajoutera une vue invitante \u00e0 votre chambre \u00e0 coucher. Avec son apparence attrayante, ce coussin de dossier de chevet original est r\u00e9glable pour la chambre \u00e0 coucher, l&#039;h\u00f4tel, l&#039;h\u00f4pital, le si\u00e8ge de fen\u00eatre, le canap\u00e9, le canap\u00e9, le lit de jour, le lit superpos\u00e9, le lit de dortoir, le lit plate-forme.<\/li>\n<li><strong>HOUSSE D&#039;OREILLER LOMBAIRE AMOVIBLE ET FACILE \u00c0 LAVER\u00a0:<\/strong> Vous pouvez facilement retirer la housse de coussin de repos au lit en ouvrant la fermeture \u00e9clair et en d\u00e9bouclant les boutons de la housse de coussin de lecture et en la lavant en machine.<\/li>\n<li><strong>Tissu:<\/strong> M\u00e9lange de polyester et de lin.<\/li>\n<li><strong>Taille:<\/strong> 100x50x8cm (3 boutons), 120x50x8cm (4 boutons), 140x50x8cm (4 boutons), 160x50x8cm (5 boutons), 180x50x8cm (6 boutons), 200x50x8cm (7 boutons)<\/li>\n<\/ul>","protected":false},"featured_media":985,"comment_status":"open","ping_status":"closed","template":"","meta":[],"product_brand":[],"product_cat":[28],"product_tag":[66,133,142,145,157,154,79,158,144,118,156,125,123],"class_list":{"0":"post-998","1":"product","2":"type-product","3":"status-publish","4":"has-post-thumbnail","6":"product_cat-large-body-pillow","7":"product_tag-back-support-pillow","8":"product_tag-bedroom-decor-pillow","9":"product_tag-bedside-reading-pillow","10":"product_tag-decorative-pillow","11":"product_tag-headboard-replacement","12":"product_tag-large-body-pillow","13":"product_tag-lumbar-pillow","14":"product_tag-platform-bed-decor","15":"product_tag-positioner-pillow","16":"product_tag-pregnancy-pillow","17":"product_tag-rectangular-cushion","18":"product_tag-removable-pillow-cover","19":"product_tag-upholstered-bedrest-pillow","21":"first","22":"instock","23":"featured","24":"shipping-taxable","25":"purchasable","26":"product-type-variable"},"_links":{"self":[{"href":"https:\/\/www.largepillow.com\/fr\/wp-json\/wp\/v2\/product\/998","targetHints":{"allow":["GET"]}}],"collection":[{"href":"https:\/\/www.largepillow.com\/fr\/wp-json\/wp\/v2\/product"}],"about":[{"href":"https:\/\/www.largepillow.com\/fr\/wp-json\/wp\/v2\/types\/product"}],"replies":[{"embeddable":true,"href":"https:\/\/www.largepillow.com\/fr\/wp-json\/wp\/v2\/comments?post=998"}],"wp:featuredmedia":[{"embeddable":true,"href":"https:\/\/www.largepillow.com\/fr\/wp-json\/wp\/v2\/media\/985"}],"wp:attachment":[{"href":"https:\/\/www.largepillow.com\/fr\/wp-json\/wp\/v2\/media?parent=998"}],"wp:term":[{"taxonomy":"product_brand","embeddable":true,"href":"https:\/\/www.largepillow.com\/fr\/wp-json\/wp\/v2\/product_brand?post=998"},{"taxonomy":"product_cat","embeddable":true,"href":"https:\/\/www.largepillow.com\/fr\/wp-json\/wp\/v2\/product_cat?post=998"},{"taxonomy":"product_tag","embeddable":true,"href":"https:\/\/www.largepillow.com\/fr\/wp-json\/wp\/v2\/product_tag?post=998"}],"curies":[{"name":"wp","href":"https:\/\/api.w.org\/{rel}","templated":true}]}}