{"id":10581,"date":"2025-07-29T03:16:04","date_gmt":"2025-07-29T03:16:04","guid":{"rendered":"https:\/\/www.largepillow.com\/product\/folding-floor-sofa-bed-soft-corduroy-convertible-sleeper-chair"},"modified":"2025-07-29T12:28:41","modified_gmt":"2025-07-29T12:28:41","slug":"sklopivi-kauc-na-razvlacenje-od-mekog-korduroja-sklopiva-fotelja-za-spavanje","status":"publish","type":"product","link":"https:\/\/www.largepillow.com\/hr\/product\/folding-floor-sofa-bed-soft-corduroy-convertible-sleeper-chair","title":{"rendered":"Sklopiva sofa na razvla\u010denje na pod \u2013 mekana kordurojska sklopiva fotelja"},"content":{"rendered":"[zc_getpagecontent mb=&#8221;mb_aplus&#8221; apid=&#8221;138&#8243;]\n","protected":false},"excerpt":{"rendered":"<ul>\n<li>Pametni dizajn sklapanja s 3 dijela: Tvrda pjenasta baza + segmentirani PP pamu\u010dni jastuk omogu\u0107uje trenutno pretvaranje sofe\/kreveta. Jastuci se uvla\u010de u naslon u na\u010dinu rada sofe; u potpunosti prekrivaju pjenaste \u0161avove u na\u010dinu rada kreveta za udobnost bez razmaka.<\/li>\n<li>Dvoslojni sustav udobnosti: Okvir od pjene visoke gusto\u0107e osigurava \u010dvrstu potporu, a prekriven je pli\u0161anim PP pamukom za meko\u0107u poput oblaka. Prozra\u010dna korduro tkanina dodaje luksuz svojim bar\u0161unastim dodirom.<\/li>\n<li>\u0160tedi prostor u punoj veli\u010dini: Rasklapa se u prostrani krevet pune veli\u010dine (122 x 204 cm); sklapa se u sofu s niskim naslonom (122 x 94 x 76 cm). Dizajn bez nogu prianja uz pod, idealan za male prostore.<\/li>\n<li>Bilo da se radi o gostima koji preno\u0107e, garsonjerama ili dje\u010djim sobama, ova sklopiva sofa na razvla\u010denje je vi\u0161enamjenski i \u0161tedi prostor. Izvrsno za sobe za goste, spavaonice i male prostore.<\/li>\n<li>Zaobljeni rubovi za sigurnost + moderne krivulje nadopunjuju svaki dekor. Duboko sjedalo od 94 cm nudi okru\u017euju\u0107u udobnost.<\/li>\n<\/ul>","protected":false},"featured_media":10558,"comment_status":"open","ping_status":"closed","template":"","meta":[],"product_brand":[],"product_cat":[228],"product_tag":[],"class_list":{"0":"post-10581","1":"product","2":"type-product","3":"status-publish","4":"has-post-thumbnail","6":"product_cat-cushions","8":"first","9":"instock","10":"sold-individually","11":"shipping-taxable","12":"purchasable","13":"product-type-simple"},"_links":{"self":[{"href":"https:\/\/www.largepillow.com\/hr\/wp-json\/wp\/v2\/product\/10581","targetHints":{"allow":["GET"]}}],"collection":[{"href":"https:\/\/www.largepillow.com\/hr\/wp-json\/wp\/v2\/product"}],"about":[{"href":"https:\/\/www.largepillow.com\/hr\/wp-json\/wp\/v2\/types\/product"}],"replies":[{"embeddable":true,"href":"https:\/\/www.largepillow.com\/hr\/wp-json\/wp\/v2\/comments?post=10581"}],"wp:featuredmedia":[{"embeddable":true,"href":"https:\/\/www.largepillow.com\/hr\/wp-json\/wp\/v2\/media\/10558"}],"wp:attachment":[{"href":"https:\/\/www.largepillow.com\/hr\/wp-json\/wp\/v2\/media?parent=10581"}],"wp:term":[{"taxonomy":"product_brand","embeddable":true,"href":"https:\/\/www.largepillow.com\/hr\/wp-json\/wp\/v2\/product_brand?post=10581"},{"taxonomy":"product_cat","embeddable":true,"href":"https:\/\/www.largepillow.com\/hr\/wp-json\/wp\/v2\/product_cat?post=10581"},{"taxonomy":"product_tag","embeddable":true,"href":"https:\/\/www.largepillow.com\/hr\/wp-json\/wp\/v2\/product_tag?post=10581"}],"curies":[{"name":"wp","href":"https:\/\/api.w.org\/{rel}","templated":true}]}}