{"id":1062,"date":"2022-09-19T02:13:56","date_gmt":"2022-09-19T02:13:56","guid":{"rendered":"https:\/\/www.largepillow.com\/product\/triangle-wedge-bolster"},"modified":"2025-09-19T02:32:11","modified_gmt":"2025-09-19T02:32:11","slug":"jastuk-za-tijelo-kreveta-2","status":"publish","type":"product","link":"https:\/\/www.largepillow.com\/hr\/product\/bed-body-cushion","title":{"rendered":"Jastuk za tijelo kreveta"},"content":{"rendered":"<p>Prona\u0111ite savr\u0161enu potporu za \u010ditanje i odmaranje uz jastuk za tijelo kreveta<\/p>\n<p>Priu\u0161tite si luksuznu udobnost i potporu za \u010ditanje, rad ili opu\u0161tanje u krevetu uz jastuk za tijelo kreveta. Ovaj pa\u017eljivo dizajnirani pravokutni jastuk mo\u017ee se postaviti pod bilo kojim kutom iza le\u0111a, ramena ili nogu kako bi pru\u017eio personaliziranu razinu mekog, ali potpornog podmetanja. <\/p>\n<p>Izra\u0111en od bujnog, bar\u0161unasto glatkog poliesterskog bar\u0161una i obilno ispunjen otpornim mikro poliesterskim vlaknima, jastuk za tijelo kreveta isti\u010de se od uobi\u010dajenih jastuka za naslon svojim trodimenzionalnim prugastim uzorkom i ukrasnim gumbima od tkanine du\u017e prednje strane. Potpuno oblo\u017eeni rubovi i izdr\u017eljivi dvosmjerni patentni zatvara\u010d osiguravaju da jastuk zadr\u017ei svoj oblik tijekom godina svakodnevne upotrebe. <\/p>\n<p>Sa \u0161est dostupnih veli\u010dina, mo\u017eete prona\u0107i savr\u0161enu veli\u010dinu za svoj krevet, prozorsko sjedalo, sofu ili bilo gdje gdje \u017eelite potporu za le\u0111a i ugodnu udobnost. Kupci ga vole koristiti za:<\/p>\n<p>\u2013 \u010citanje, rad na prijenosnom ra\u010dunalu ili pregledavanje ure\u0111aja u krevetu<br \/>\n\u2013 Gledanje televizije ili igranje videoigara u uspravnom polo\u017eaju<br \/>\n\u2013 Pru\u017eanje lumbalne potpore tijekom trudno\u0107e<br \/>\n\u2013 Pomo\u0107 u oporavku nakon operacije<br \/>\n\u2013 Vje\u017ebanje joga poza i istezanja<br \/>\n\u2013 Udobno dojenje<\/p>\n<p>Kao \u0161to je rekao jedan zadovoljni kupac: \u201cOvaj jastuk je izuzetno mekan i udoban. Volim ga koristiti na krevetu kako bih udobno sjedio dok \u010ditam ili radim na prijenosnom ra\u010dunalu. Dobro podupire donji dio le\u0111a, a da nije previ\u0161e \u010dvrst. Bar\u0161unasta tkanina izgleda i osje\u0107a se puno skuplje nego \u0161to jest. Toplo preporu\u010dujem ovaj jastuk!\u201d<\/p>\n<p>Svojim jednostavnim, ali elegantnim dizajnom, jastuk za krevet tako\u0111er predstavlja atraktivan dekorativni dodatak va\u0161oj spava\u0107oj sobi ili bilo kojoj sobi kada se ne koristi. Dostupan u bujnom sivom bar\u0161unu, daje da\u0161ak profinjenosti.<\/p>\n<p>Za iznimnu udobnost i potporu tijekom va\u0161ih omiljenih aktivnosti u uspravnom polo\u017eaju, po\u010dastite se jastukom za tijelo ve\u0107 danas!<\/p>","protected":false},"excerpt":{"rendered":"<ul>\n<li><strong>SAVR\u0160EN JASTUK ZA \u010cITANJE:<\/strong> S pravokutnim jastukom, ovaj udobni jastuk za \u010ditanje uz krevet savr\u0161eno funkcionira kao mekana potpora za le\u0111a kao lumbalni jastuk kada sjedite na krevetu za \u010ditanje, gledanje televizije, pregledavanje telefona, surfanje tabletom, igranje videoigara, vje\u017ebanje joge, dojenje i odmor nakon operacije.<\/li>\n<li><strong>UDOBAN JASTUK ZA TIJELO:<\/strong> Kao veliki jastuk za tijelo, zamjenjuje sve uobi\u010dajene jastuke za krevet ili lumbalni dio, stvara vi\u0161e polo\u017eaja kao jastuk za pozicioniranje za potporu le\u0111ima, ramenima, kralje\u017enici, trbuhu, nogama i omogu\u0107uje opu\u0161tanje mi\u0161i\u0107a. Poti\u010de poravnanje kralje\u017enice za svakog spava\u010da, bez obzira trebate li tapecirani jastuk za krevet ili veliki jastuk za potporu le\u0111a, ako vam je samo potrebno vi\u0161e ili manje izdubljenja. Mo\u017eete ga koristiti i kao jastuk za trudnice koji pru\u017ea potporu razli\u010ditim dijelovima tijela i ubla\u017eava trudni\u010dke bolove.<\/li>\n<li><strong>IZVORNO DIZAJNIRANO S VISOKOKVALITETNIM MATERIJALIMA:<\/strong> Pravokutni jastuk za \u010ditanje dolazi s trodimenzionalnim prugama, gumbima od tkanine i potpuno porubljenim rubovima, \u0161to ga \u010dini vrlo prepoznatljivim me\u0111u svim ostalim uobi\u010dajenim jastucima za naslon. Iako je ukrasni jastuk za naslon mekan, i dalje zadr\u017eava svoj potporni oblik iskori\u0161tavaju\u0107i u potpunosti prednosti otpornog i fleksibilnog mikro poliesterskog punjenja. Dvosmjerni patentni zatvara\u010d na no\u0107nom jastuku vrlo je jak i izdr\u017eljiv za dugotrajnu upotrebu.<\/li>\n<li><strong>PREKRASAN NO\u0106NI DEKORATIVNI JASTUK:<\/strong> Ako vam je potrebno brzo i jednostavno uzglavlje, ovaj jastuk za \u010ditanje s tapeciranim uzglavljem mo\u017ee se koristiti kao alternativna zamjena, a istovremeno mo\u017ee biti i prekrasan ukras za krevet. Njegov elegantan dizajn dodat \u0107e privla\u010dan izgled va\u0161oj spava\u0107oj sobi. Svojim atraktivnim izgledom, ovaj originalni jastuk za naslon kreveta podesiv je za spava\u0107u sobu, hotel, bolnicu, sjedalo do prozora, kau\u010d, sofu, dnevni krevet, krevet na kat, krevet u studentskom domu, krevet na platformi.<\/li>\n<li><strong>UKLONJIVA NAVLAKA ZA LUMBALNI DIO I LAKO SE PRANJE:<\/strong> Navlaku za jastuk za \u010ditanje mo\u017eete jednostavno skinuti otvaranjem patentnog zatvara\u010da i otkop\u010davanjem gumba te je oprati u perilici rublja.<\/li>\n<li><strong>Tkanina:<\/strong> Bar\u0161un (100% poliester).<\/li>\n<li><strong>Veli\u010dina:<\/strong> 100x50x8cm (3 gumba), 120x50x8cm (4 gumba), 140x50x8cm (4 gumba), 160x50x8cm (5 gumba), 180x50x8cm (6 gumba), 200x50x8cm (7 gumba)<\/li>\n<\/ul>","protected":false},"featured_media":1045,"comment_status":"open","ping_status":"closed","template":"","meta":[],"product_brand":[],"product_cat":[28],"product_tag":[77,124,142,115,79,144,118,59,153,152,120],"class_list":{"0":"post-1062","1":"product","2":"type-product","3":"status-publish","4":"has-post-thumbnail","6":"product_cat-large-body-pillow","7":"product_tag-bed-rest-pillow","8":"product_tag-bedside-decorative-pillow","9":"product_tag-bedside-reading-pillow","10":"product_tag-comfortable-body-pillow","11":"product_tag-lumbar-pillow","12":"product_tag-positioner-pillow","13":"product_tag-pregnancy-pillow","14":"product_tag-reading-pillow","15":"product_tag-removable-lumbar-pillow-cover","16":"product_tag-upholstery-headboard-reading-pillow","17":"product_tag-velvet-pillow","19":"first","20":"instock","21":"featured","22":"shipping-taxable","23":"purchasable","24":"product-type-variable"},"_links":{"self":[{"href":"https:\/\/www.largepillow.com\/hr\/wp-json\/wp\/v2\/product\/1062","targetHints":{"allow":["GET"]}}],"collection":[{"href":"https:\/\/www.largepillow.com\/hr\/wp-json\/wp\/v2\/product"}],"about":[{"href":"https:\/\/www.largepillow.com\/hr\/wp-json\/wp\/v2\/types\/product"}],"replies":[{"embeddable":true,"href":"https:\/\/www.largepillow.com\/hr\/wp-json\/wp\/v2\/comments?post=1062"}],"wp:featuredmedia":[{"embeddable":true,"href":"https:\/\/www.largepillow.com\/hr\/wp-json\/wp\/v2\/media\/1045"}],"wp:attachment":[{"href":"https:\/\/www.largepillow.com\/hr\/wp-json\/wp\/v2\/media?parent=1062"}],"wp:term":[{"taxonomy":"product_brand","embeddable":true,"href":"https:\/\/www.largepillow.com\/hr\/wp-json\/wp\/v2\/product_brand?post=1062"},{"taxonomy":"product_cat","embeddable":true,"href":"https:\/\/www.largepillow.com\/hr\/wp-json\/wp\/v2\/product_cat?post=1062"},{"taxonomy":"product_tag","embeddable":true,"href":"https:\/\/www.largepillow.com\/hr\/wp-json\/wp\/v2\/product_tag?post=1062"}],"curies":[{"name":"wp","href":"https:\/\/api.w.org\/{rel}","templated":true}]}}