{"id":10731,"date":"2025-07-31T09:54:14","date_gmt":"2025-07-31T09:54:14","guid":{"rendered":"https:\/\/www.largepillow.com\/product\/oversized-curved-chaise-lounge-sofa-sleeper-for-living-room"},"modified":"2025-08-13T01:58:41","modified_gmt":"2025-08-13T01:58:41","slug":"predimenzionirana-zakrivljena-lezaljka-s-razvlacenjem-za-dnevni-boravak","status":"publish","type":"product","link":"https:\/\/www.largepillow.com\/hr\/product\/oversized-curved-chaise-lounge-sofa-sleeper-for-living-room","title":{"rendered":"Predimenzionirana zakrivljena sofa na razvla\u010denje za dnevni boravak"},"content":{"rendered":"[zc_getpagecontent mb=&#8221;mb_aplus&#8221; apid=&#8221;141&#8243;]\n","protected":false},"excerpt":{"rendered":"<ul>\n<li>Iznimno velika udobnost: S dimenzijama 160 cm * 128 cm * 64 cm, ova predimenzionirana le\u017ealjka udobno prima 2-3 osobe. Ergonomski dizajn luka podr\u017eava prirodnu krivulju va\u0161eg tijela, nude\u0107i vrhunsku udobnost pod vi\u0161e kutova naginjanja - savr\u0161eno za odmaranje, drijemanje ili zajedni\u010dko opu\u0161tanje.<\/li>\n<li>Pli\u0161ana podr\u0161ka susre\u0107e dugotrajnost: Izra\u0111ena s \u010dvrstom pjenastom bazom i prekrivena ultra mekim jastukom od poliesterskih vlakana, ova naslonja\u010da posti\u017ee savr\u0161enu mje\u0161avinu \u010dvrste podr\u0161ke i meko\u0107e poput oblaka. U\u017eivajte u luksuznom iskustvu sjedenja koje opu\u0161ta va\u0161e tijelo.<\/li>\n<li>Vi\u0161enamjenski za svaki prostor: Trebate li udobnu sofu u dnevnoj sobi, fotelju na razvla\u010denje za spava\u0107u sobu ili mjesto za opu\u0161tanje za filmske ve\u010deri, ova svestrana sofa prilago\u0111ava se va\u0161em na\u010dinu \u017eivota. Idealna za \u010ditanje, igranje ili provo\u0111enje kvalitetnog vremena s obitelji i prijateljima.<\/li>\n<li>Odvojivi i vi\u0161enamjenski jastuci za sofu: Dizajnirani s fleksibilno\u0161\u0107u na umu, ekstra debeli jastuci i podloga su odvojeni i odvojivi. Koristite mekane jastuke kao podne prostirke ili dodatna mjesta za sjedenje po potrebi \u2013 savr\u0161eno za goste ili spontana prespavanja.<\/li>\n<li>Jednostavno sastavljanje i odr\u017eavanje: Dolazi vakuumski pakirano u 3 pakiranja s 4 pjenasta okvira i debelim jastucima. Samo pustite da se pjena \u0161iri 24-72 sata, jednostavno sastavite pomo\u0107u na\u0161eg vodi\u010da i u\u017eivajte. Uklonjiva navlaka s patentnim zatvara\u010dem periva je u perilici rublja za jednostavno \u010di\u0161\u0107enje.<\/li>\n<\/ul>","protected":false},"featured_media":10708,"comment_status":"open","ping_status":"closed","template":"","meta":[],"product_brand":[],"product_cat":[228],"product_tag":[],"class_list":{"0":"post-10731","1":"product","2":"type-product","3":"status-publish","4":"has-post-thumbnail","6":"product_cat-cushions","8":"first","9":"instock","10":"sold-individually","11":"shipping-taxable","12":"purchasable","13":"product-type-simple"},"_links":{"self":[{"href":"https:\/\/www.largepillow.com\/hr\/wp-json\/wp\/v2\/product\/10731","targetHints":{"allow":["GET"]}}],"collection":[{"href":"https:\/\/www.largepillow.com\/hr\/wp-json\/wp\/v2\/product"}],"about":[{"href":"https:\/\/www.largepillow.com\/hr\/wp-json\/wp\/v2\/types\/product"}],"replies":[{"embeddable":true,"href":"https:\/\/www.largepillow.com\/hr\/wp-json\/wp\/v2\/comments?post=10731"}],"wp:featuredmedia":[{"embeddable":true,"href":"https:\/\/www.largepillow.com\/hr\/wp-json\/wp\/v2\/media\/10708"}],"wp:attachment":[{"href":"https:\/\/www.largepillow.com\/hr\/wp-json\/wp\/v2\/media?parent=10731"}],"wp:term":[{"taxonomy":"product_brand","embeddable":true,"href":"https:\/\/www.largepillow.com\/hr\/wp-json\/wp\/v2\/product_brand?post=10731"},{"taxonomy":"product_cat","embeddable":true,"href":"https:\/\/www.largepillow.com\/hr\/wp-json\/wp\/v2\/product_cat?post=10731"},{"taxonomy":"product_tag","embeddable":true,"href":"https:\/\/www.largepillow.com\/hr\/wp-json\/wp\/v2\/product_tag?post=10731"}],"curies":[{"name":"wp","href":"https:\/\/api.w.org\/{rel}","templated":true}]}}