{"id":1083,"date":"2022-09-19T02:22:31","date_gmt":"2022-09-19T02:22:31","guid":{"rendered":"https:\/\/www.largepillow.com\/product\/triangular-positioning-support-pillow"},"modified":"2025-09-19T02:32:21","modified_gmt":"2025-09-19T02:32:21","slug":"jastuk-za-jacanje-tijela","status":"publish","type":"product","link":"https:\/\/www.largepillow.com\/hr\/product\/body-bolster-pillow","title":{"rendered":"Jastuk za tijelo"},"content":{"rendered":"<p>Jastuk za tijelo \u2013 savr\u0161eno rje\u0161enje za sve va\u0161e potrebe za udobno\u0161\u0107u. Tra\u017eite li udoban jastuk za \u010ditanje ili veliki jastuk za tijelo, jastuk za tijelo imat \u0107e rje\u0161enje za vas. S jastukom pravokutnog oblika i mekom potporom za le\u0111a, mo\u017eete satima sjediti u krevetu bez ikakve nelagode. <\/p>\n<p>Jedan zadovoljni kupac odu\u0161evljeno ka\u017ee: \u201cOvaj jastuk mi je promijenio sve! Prije sam se borila s bolovima u le\u0111ima dok sam le\u017eala, ali otkad sam po\u010dela koristiti jastuk za tijelo, bol mi se znatno smanjila. Toliko je udoban i pru\u017ea dobru potporu da ne mogu zamisliti da se vratim svojim starim jastucima.\u201d<\/p>\n<p>Izra\u0111en od visokokvalitetnih materijala, ovaj jastuk je dizajniran da zadr\u017ei svoj oblik i pru\u017ei najbolju potporu va\u0161em tijelu. Punjenje od mikro poliesterskih vlakana je istovremeno elasti\u010dno i fleksibilno, daju\u0107i vam savr\u0161enu koli\u010dinu potpore za va\u0161e specifi\u010dne potrebe.<\/p>\n<p>I to nije sve \u2013 prekrasan dizajn ovog jastuka \u010dini ga savr\u0161enim dekorativnim dodatkom va\u0161oj spava\u0107oj sobi. Njegov elegantan izgled dodat \u0107e privla\u010dan dodir svakoj prostoriji. Jedan zadovoljni kupac izvje\u0161tava: \u201cKupila sam crni bar\u0161unasti jastuk i izgleda tako luksuzno na mom krevetu. Nije samo udoban, ve\u0107 i dodaje da\u0161ak elegancije mojoj sobi.\u201d<\/p>\n<p>\u0160tovi\u0161e, navlaka za jastuk se lako skida, tako da jastuk mo\u017ee ostati svje\u017e i \u010dist. Jednostavno otvorite patentni zatvara\u010d da biste skinuli navlaku i ubacite je u perilicu za jednostavno pranje.<\/p>\n<p>Dostupan u \u0161est razli\u010ditih veli\u010dina i \u010detiri boje, jastuk za tijelo za svakoga. Nemojte nam samo vjerovati na rije\u010d \u2013 isprobajte ga sami i iskusite udobnost i potporu jastuka za tijelo.<\/p>","protected":false},"excerpt":{"rendered":"<ul>\n<li><strong>SAVR\u0160EN JASTUK ZA \u010cITANJE:<\/strong> S pravokutnim jastukom, ovaj udobni jastuk za \u010ditanje uz krevet savr\u0161eno funkcionira kao mekana potpora za le\u0111a kao lumbalni jastuk kada sjedite na krevetu za \u010ditanje, gledanje televizije, pregledavanje telefona, surfanje tabletom, igranje videoigara, vje\u017ebanje joge, dojenje i odmor nakon operacije.<\/li>\n<li><strong>UDOBAN JASTUK ZA TIJELO:<\/strong> Kao veliki jastuk za tijelo, zamjenjuje sve uobi\u010dajene jastuke za krevet ili lumbalni dio, stvara vi\u0161e polo\u017eaja kao jastuk za pozicioniranje za potporu le\u0111ima, ramenima, kralje\u017enici, trbuhu, nogama i omogu\u0107uje opu\u0161tanje mi\u0161i\u0107a. Poti\u010de poravnanje kralje\u017enice za svakog spava\u010da, bez obzira trebate li tapecirani jastuk za krevet ili veliki jastuk za potporu le\u0111a, ako vam je samo potrebno vi\u0161e ili manje izdubljenja. Mo\u017eete ga koristiti i kao jastuk za trudnice koji pru\u017ea potporu razli\u010ditim dijelovima tijela i ubla\u017eava trudni\u010dke bolove.<\/li>\n<li><strong>IZVORNO DIZAJNIRANO S VISOKOKVALITETNIM MATERIJALIMA:<\/strong> Pravokutni jastuk za \u010ditanje dolazi s trodimenzionalnim prugama, gumbima od tkanine i potpuno porubljenim rubovima, \u0161to ga \u010dini vrlo prepoznatljivim me\u0111u svim ostalim uobi\u010dajenim jastucima za naslon. Iako je ukrasni jastuk za naslon mekan, i dalje zadr\u017eava svoj potporni oblik iskori\u0161tavaju\u0107i u potpunosti prednosti otpornog i fleksibilnog mikro poliesterskog punjenja. Dvosmjerni patentni zatvara\u010d na no\u0107nom jastuku vrlo je jak i izdr\u017eljiv za dugotrajnu upotrebu.<\/li>\n<li><strong>PREKRASAN NO\u0106NI DEKORATIVNI JASTUK:<\/strong> Ako vam je potrebno brzo i jednostavno uzglavlje, ovaj jastuk za \u010ditanje s tapeciranim uzglavljem mo\u017ee se koristiti kao alternativna zamjena, a istovremeno mo\u017ee biti i prekrasan ukras za krevet. Njegov elegantan dizajn dodat \u0107e privla\u010dan izgled va\u0161oj spava\u0107oj sobi. Svojim atraktivnim izgledom, ovaj originalni jastuk za naslon kreveta podesiv je za spava\u0107u sobu, hotel, bolnicu, sjedalo do prozora, kau\u010d, sofu, dnevni krevet, krevet na kat, krevet u studentskom domu, krevet na platformi.<\/li>\n<li><strong>UKLONJIVA NAVLAKA ZA LUMBALNI DIO I LAKO SE PRANJE:<\/strong> Navlaku za jastuk za \u010ditanje mo\u017eete jednostavno skinuti otvaranjem patentnog zatvara\u010da i otkop\u010davanjem gumba te je oprati u perilici rublja.<\/li>\n<li><strong>Tkanina:<\/strong> Bar\u0161un (100% poliester).<\/li>\n<li><strong>Veli\u010dina:<\/strong> 100x50x8cm (3 gumba), 120x50x8cm (4 gumba), 140x50x8cm (4 gumba), 160x50x8cm (5 gumba), 180x50x8cm (6 gumba), 200x50x8cm (7 gumba)<\/li>\n<\/ul>","protected":false},"featured_media":1069,"comment_status":"open","ping_status":"closed","template":"","meta":[],"product_brand":[],"product_cat":[28],"product_tag":[146,149,142,140,137,115,102,75,145,138,148,151,150,112,143,141,139,144,118,84,147],"class_list":{"0":"post-1083","1":"product","2":"type-product","3":"status-publish","4":"has-post-thumbnail","6":"product_cat-large-body-pillow","7":"product_tag-adjustable-bedroom-pillow","8":"product_tag-bedside-cushion","9":"product_tag-bedside-reading-pillow","10":"product_tag-body-bolster-pillow","11":"product_tag-bunk-bed-pillow","12":"product_tag-comfortable-body-pillow","13":"product_tag-couch-pillow","14":"product_tag-daybed-pillow","15":"product_tag-decorative-pillow","16":"product_tag-dorm-bed-pillow","17":"product_tag-gaming-pillow","18":"product_tag-hospital-pillow","19":"product_tag-hotel-pillow","20":"product_tag-lumbar-support-pillow","21":"product_tag-multifunctional-pillow","22":"product_tag-perfect-reading-pillow","23":"product_tag-platform-bed-pillow","24":"product_tag-positioner-pillow","25":"product_tag-pregnancy-pillow","26":"product_tag-sofa-pillow","27":"product_tag-yoga-pillow","29":"first","30":"instock","31":"shipping-taxable","32":"purchasable","33":"product-type-variable"},"_links":{"self":[{"href":"https:\/\/www.largepillow.com\/hr\/wp-json\/wp\/v2\/product\/1083","targetHints":{"allow":["GET"]}}],"collection":[{"href":"https:\/\/www.largepillow.com\/hr\/wp-json\/wp\/v2\/product"}],"about":[{"href":"https:\/\/www.largepillow.com\/hr\/wp-json\/wp\/v2\/types\/product"}],"replies":[{"embeddable":true,"href":"https:\/\/www.largepillow.com\/hr\/wp-json\/wp\/v2\/comments?post=1083"}],"wp:featuredmedia":[{"embeddable":true,"href":"https:\/\/www.largepillow.com\/hr\/wp-json\/wp\/v2\/media\/1069"}],"wp:attachment":[{"href":"https:\/\/www.largepillow.com\/hr\/wp-json\/wp\/v2\/media?parent=1083"}],"wp:term":[{"taxonomy":"product_brand","embeddable":true,"href":"https:\/\/www.largepillow.com\/hr\/wp-json\/wp\/v2\/product_brand?post=1083"},{"taxonomy":"product_cat","embeddable":true,"href":"https:\/\/www.largepillow.com\/hr\/wp-json\/wp\/v2\/product_cat?post=1083"},{"taxonomy":"product_tag","embeddable":true,"href":"https:\/\/www.largepillow.com\/hr\/wp-json\/wp\/v2\/product_tag?post=1083"}],"curies":[{"name":"wp","href":"https:\/\/api.w.org\/{rel}","templated":true}]}}