{"id":11770,"date":"2025-08-19T12:04:29","date_gmt":"2025-08-19T12:04:29","guid":{"rendered":"https:\/\/www.largepillow.com\/product\/side-sleeper-pillow-modular-body-pillow-h-shaped-ergonomic-wedge-pillow"},"modified":"2026-02-03T21:17:01","modified_gmt":"2026-02-03T21:17:01","slug":"jastuk-za-spavanje-na-boku-modularni-jastuk-za-tijelo-ergonomski-klinasti-jastuk-u-obliku-slova-h","status":"publish","type":"product","link":"https:\/\/www.largepillow.com\/hr\/product\/side-sleeper-pillow-modular-body-pillow-h-shaped-ergonomic-wedge-pillow","title":{"rendered":"Jastuk za bo\u010dno spavanje, modularni jastuk za tijelo, ergonomski klinasti jastuk u obliku slova H"},"content":{"rendered":"[zc_getpagecontent mb=&#8221;mb_aplus&#8221; apid=&#8221;142&#8243;]\n","protected":false},"excerpt":{"rendered":"<ul>\n<li>Modularni dizajn u obliku slova H 4 u 1 \u2013 Uklju\u010duje klinastu bazu, jastuk za vrat i dva bo\u010dna jastuka. Koristite zajedno ili odvojeno kako biste prilagodili svoj polo\u017eaj spavanja i potrebama tijela.<\/li>\n<li>Otvoreni dizajn za slobodu ruku \u2013 Nije potreban tunel za ruke. Omogu\u0107uje slobodno kretanje ruku prilikom okretanja, smanjuju\u0107i pritisak na ramena i pobolj\u0161avaju\u0107i udobnost spavanja na boku.<\/li>\n<li>Potpuna podr\u0161ka za ubla\u017eavanje boli \u2013 Ergonomska struktura podupire vrat, le\u0111a, struk i noge. Poma\u017ee u ubla\u017eavanju boli uzrokovane GERB-om, refluksom kiseline, hrkanjem i lo\u0161im dr\u017eanjem.<\/li>\n<li>Periva navlaka i kvalitetno punjenje \u2013 Dolazi s uklonjivom navlakom koja se mo\u017ee prati u perilici rublja. Unutarnje punjenje je mekano, ali pru\u017ea dobru potporu; unutarnje jezgre su odvojive za jednostavno \u010di\u0161\u0107enje.<\/li>\n<li>Ergonomsko rje\u0161enje za spavanje \u2013 Dizajnirano za spavanje na boku i le\u0111ima. Podesivi \u010di\u010dak remeni i preklopna klinasta baza nude fleksibilnu potporu za bolji san.<\/li>\n<\/ul>","protected":false},"featured_media":11762,"comment_status":"open","ping_status":"closed","template":"","meta":[],"product_brand":[],"product_cat":[228],"product_tag":[],"class_list":{"0":"post-11770","1":"product","2":"type-product","3":"status-publish","4":"has-post-thumbnail","6":"product_cat-cushions","8":"first","9":"outofstock","10":"sold-individually","11":"shipping-taxable","12":"purchasable","13":"product-type-simple"},"_links":{"self":[{"href":"https:\/\/www.largepillow.com\/hr\/wp-json\/wp\/v2\/product\/11770","targetHints":{"allow":["GET"]}}],"collection":[{"href":"https:\/\/www.largepillow.com\/hr\/wp-json\/wp\/v2\/product"}],"about":[{"href":"https:\/\/www.largepillow.com\/hr\/wp-json\/wp\/v2\/types\/product"}],"replies":[{"embeddable":true,"href":"https:\/\/www.largepillow.com\/hr\/wp-json\/wp\/v2\/comments?post=11770"}],"wp:featuredmedia":[{"embeddable":true,"href":"https:\/\/www.largepillow.com\/hr\/wp-json\/wp\/v2\/media\/11762"}],"wp:attachment":[{"href":"https:\/\/www.largepillow.com\/hr\/wp-json\/wp\/v2\/media?parent=11770"}],"wp:term":[{"taxonomy":"product_brand","embeddable":true,"href":"https:\/\/www.largepillow.com\/hr\/wp-json\/wp\/v2\/product_brand?post=11770"},{"taxonomy":"product_cat","embeddable":true,"href":"https:\/\/www.largepillow.com\/hr\/wp-json\/wp\/v2\/product_cat?post=11770"},{"taxonomy":"product_tag","embeddable":true,"href":"https:\/\/www.largepillow.com\/hr\/wp-json\/wp\/v2\/product_tag?post=11770"}],"curies":[{"name":"wp","href":"https:\/\/api.w.org\/{rel}","templated":true}]}}