{"id":1209,"date":"2022-09-19T03:31:40","date_gmt":"2022-09-19T03:31:40","guid":{"rendered":"https:\/\/www.largepillow.com\/product\/back-support-pillow"},"modified":"2025-12-11T13:44:46","modified_gmt":"2025-12-11T13:44:46","slug":"veliki-jastuk-za-krevet-2","status":"publish","type":"product","link":"https:\/\/www.largepillow.com\/hr\/product\/large-bed-bolster-pillow","title":{"rendered":"Jastuk za veliki krevet"},"content":{"rendered":"<p>Prona\u0111ite savr\u0161eni jastuk za \u010ditanje s velikim jastukom za krevet<\/p>\n<p>Ako volite \u010ditati, gledati televiziju ili raditi u krevetu, ali vam je potrebna dodatna potpora za le\u0111a, veliki jastuk za krevet savr\u0161eno je rje\u0161enje. Ovaj pravokutni jastuk pru\u017ea podesivu lumbalnu potporu tako da mo\u017eete udobno sjediti naslonjeni u krevetu. <\/p>\n<p>Izra\u0111en od mekog, otpornog punjenja od mikro poliesterskih vlakana, jastuk zadr\u017eava svoj oblik dok se prilago\u0111ava va\u0161em tijelu. Dvosmjerni patentni zatvara\u010d tako\u0111er olak\u0161ava skidanje i pranje bar\u0161unaste navlake u perilici rubova. S u\u0161ivenim gumbima i uredno porubljenim rubovima, ovaj jastuk daje jednostavnu eleganciju svakom ure\u0111enju spava\u0107e sobe. <\/p>\n<p>Kupci vole koristiti ovaj svestrani jastuk na vi\u0161e na\u010dina:<\/p>\n<p>\u201cIzvorno sam ga kupila kao jastuk za \u010ditanje, ali toliko je udoban da ga na kraju koristim \u010dak i kada ne \u010ditam. Savr\u0161en je jastuk za naslon, bilo da radim na laptopu u krevetu ili se samo opu\u0161tam gledaju\u0107i televiziju.\u201d<\/p>\n<p>\u201cKao jastuk za trudnice, bio je dovoljno podesiv da mi podupire le\u0111a ili se uvu\u010de pod trbuh. A sada kada dojim, jo\u0161 uvijek je koristan kada se nasloni iza mene dok sjedim u krevetu.\u201d  <\/p>\n<p>\u201cOvo je odli\u010dan jastuk za lumbalnu potporu nakon operacije. Mogu podesiti nagib i ostaje iza mojih le\u0111a dok se oporavljam.\u201d<\/p>\n<p>Sa \u0161est dostupnih veli\u010dina, sigurno \u0107ete prona\u0107i savr\u0161enu dimenziju za svoje potrebe. Cijene se kre\u0107u od $XX.XX do $XX.XX ovisno o veli\u010dini. Unesite bezbri\u017enu udobnost i stil u svoju spava\u0107u sobu uz svestranu potporu velikog jastuka za krevet.<\/p>","protected":false},"excerpt":{"rendered":"<ul>\n<li><strong>SAVR\u0160EN JASTUK ZA \u010cITANJE:<\/strong> S pravokutnim jastukom, ovaj udobni jastuk za \u010ditanje uz krevet savr\u0161eno funkcionira kao mekana potpora za le\u0111a kao lumbalni jastuk kada sjedite na krevetu za \u010ditanje, gledanje televizije, pregledavanje telefona, surfanje tabletom, igranje videoigara, vje\u017ebanje joge, dojenje i odmor nakon operacije.<\/li>\n<li><strong>UDOBAN JASTUK ZA TIJELO:<\/strong> Kao veliki jastuk za tijelo, zamjenjuje sve uobi\u010dajene jastuke za krevet ili lumbalni dio, stvara vi\u0161e polo\u017eaja kao jastuk za pozicioniranje za potporu le\u0111ima, ramenima, kralje\u017enici, trbuhu, nogama i omogu\u0107uje opu\u0161tanje mi\u0161i\u0107a. Poti\u010de poravnanje kralje\u017enice za svakog spava\u010da, bez obzira trebate li tapecirani jastuk za krevet ili veliki jastuk za potporu le\u0111a, ako vam je samo potrebno vi\u0161e ili manje izdubljenja. Mo\u017eete ga koristiti i kao jastuk za trudnice koji pru\u017ea potporu razli\u010ditim dijelovima tijela i ubla\u017eava trudni\u010dke bolove.<\/li>\n<li><strong>IZVORNO DIZAJNIRANO S VISOKOKVALITETNIM MATERIJALIMA:<\/strong> Pravokutni jastuk za \u010ditanje dolazi s trodimenzionalnim prugama, gumbima od tkanine i potpuno porubljenim rubovima, \u0161to ga \u010dini vrlo prepoznatljivim me\u0111u svim ostalim uobi\u010dajenim jastucima za naslon. Iako je ukrasni jastuk za naslon mekan, i dalje zadr\u017eava svoj potporni oblik iskori\u0161tavaju\u0107i u potpunosti prednosti otpornog i fleksibilnog mikro poliesterskog punjenja. Dvosmjerni patentni zatvara\u010d na no\u0107nom jastuku vrlo je jak i izdr\u017eljiv za dugotrajnu upotrebu.<\/li>\n<li><strong>PREKRASAN NO\u0106NI DEKORATIVNI JASTUK:<\/strong> Ako vam je potrebno brzo i jednostavno uzglavlje, ovaj jastuk za \u010ditanje s tapeciranim uzglavljem mo\u017ee se koristiti kao alternativna zamjena, a istovremeno mo\u017ee biti i prekrasan ukras za krevet. Njegov elegantan dizajn dodat \u0107e privla\u010dan izgled va\u0161oj spava\u0107oj sobi. Svojim atraktivnim izgledom, ovaj originalni jastuk za naslon kreveta podesiv je za spava\u0107u sobu, hotel, bolnicu, sjedalo do prozora, kau\u010d, sofu, dnevni krevet, krevet na kat, krevet u studentskom domu, krevet na platformi.<\/li>\n<li><strong>UKLONJIVA NAVLAKA ZA LUMBALNI DIO I LAKO SE PRANJE:<\/strong> Navlaku za jastuk za \u010ditanje mo\u017eete jednostavno skinuti otvaranjem patentnog zatvara\u010da i otkop\u010davanjem gumba te je oprati u perilici rublja.<\/li>\n<li><strong>Tkanina:<\/strong> Bar\u0161un (100% poliester).<\/li>\n<li><strong>Veli\u010dina:<\/strong> 100x50x8cm (3 gumba), 120x50x8cm (4 gumba), 140x50x8cm (4 gumba), 160x50x8cm (5 gumba), 180x50x8cm (6 gumba), 200x50x8cm (7 gumba)<\/li>\n<\/ul>","protected":false},"featured_media":1194,"comment_status":"open","ping_status":"closed","template":"","meta":[],"product_brand":[],"product_cat":[28],"product_tag":[117,60,116,115,114,79,118,59,119,120],"class_list":{"0":"post-1209","1":"product","2":"type-product","3":"status-publish","4":"has-post-thumbnail","6":"product_cat-large-body-pillow","7":"product_tag-back-support-cushion","8":"product_tag-backrest-pillow","9":"product_tag-bed-rest","10":"product_tag-comfortable-body-pillow","11":"product_tag-large-bed-bolster-pillow","12":"product_tag-lumbar-pillow","13":"product_tag-pregnancy-pillow","14":"product_tag-reading-pillow","15":"product_tag-rectangular-reading-pillow","16":"product_tag-velvet-pillow","18":"first","19":"instock","20":"featured","21":"shipping-taxable","22":"purchasable","23":"product-type-variable"},"_links":{"self":[{"href":"https:\/\/www.largepillow.com\/hr\/wp-json\/wp\/v2\/product\/1209","targetHints":{"allow":["GET"]}}],"collection":[{"href":"https:\/\/www.largepillow.com\/hr\/wp-json\/wp\/v2\/product"}],"about":[{"href":"https:\/\/www.largepillow.com\/hr\/wp-json\/wp\/v2\/types\/product"}],"replies":[{"embeddable":true,"href":"https:\/\/www.largepillow.com\/hr\/wp-json\/wp\/v2\/comments?post=1209"}],"wp:featuredmedia":[{"embeddable":true,"href":"https:\/\/www.largepillow.com\/hr\/wp-json\/wp\/v2\/media\/1194"}],"wp:attachment":[{"href":"https:\/\/www.largepillow.com\/hr\/wp-json\/wp\/v2\/media?parent=1209"}],"wp:term":[{"taxonomy":"product_brand","embeddable":true,"href":"https:\/\/www.largepillow.com\/hr\/wp-json\/wp\/v2\/product_brand?post=1209"},{"taxonomy":"product_cat","embeddable":true,"href":"https:\/\/www.largepillow.com\/hr\/wp-json\/wp\/v2\/product_cat?post=1209"},{"taxonomy":"product_tag","embeddable":true,"href":"https:\/\/www.largepillow.com\/hr\/wp-json\/wp\/v2\/product_tag?post=1209"}],"curies":[{"name":"wp","href":"https:\/\/api.w.org\/{rel}","templated":true}]}}