{"id":1238,"date":"2022-09-19T05:36:36","date_gmt":"2022-09-19T05:36:36","guid":{"rendered":"https:\/\/www.largepillow.com\/product\/back-cushion-for-sofa"},"modified":"2026-02-06T13:51:15","modified_gmt":"2026-02-06T13:51:15","slug":"jastuk-za-odmor-u-krevetu-2","status":"publish","type":"product","link":"https:\/\/www.largepillow.com\/hr\/product\/bedrest-pillow","title":{"rendered":"Jastuk za krevet"},"content":{"rendered":"<p>Prepustite se udobnosti i potpori uz na\u0161 jastuk za krevet<\/p>\n<p>Tra\u017eite savr\u0161en jastuk za opu\u0161tanje i dobrobit? Ne tra\u017eite dalje od na\u0161eg vrhunskog jastuka za krevet, pa\u017eljivo dizajniranog kako bi pru\u017eio neusporedivu potporu i udobnost.<\/p>\n<p>Neusporediva kvaliteta i udobnost<\/p>\n<p>Izra\u0111en s iznimnom precizno\u0161\u0107u, na\u0161 jastuk za krevet punjen je vrhunskim poliesterskim vlaknima koja se besprijekorno prilago\u0111avaju va\u0161em tijelu, osiguravaju\u0107i nepokolebljivu potporu le\u0111ima i mekan osje\u0107aj. Omotan luksuzno mekom bar\u0161unastom tkaninom, otporan je na deformacije i grudanje, obe\u0107avaju\u0107i dugotrajnu udobnost.<\/p>\n<p>Svestrano pode\u0161avanje i prakti\u010dnost<\/p>\n<p>S podesivim dizajnom, na\u0161 jastuk dolazi opremljen malim jastukom u obliku valjka koji se mo\u017ee strate\u0161ki postaviti za ciljanu potporu. Odr\u017eavajte kralje\u017enicu u ravnom polo\u017eaju i sprije\u010dite pogrbljenost kako biste odr\u017eali zdravo dr\u017eanje. Osim toga, uklonjiva i periva navlaka za jastuk dodaje dodatni sloj higijene i jednostavnosti odr\u017eavanja. Za dodatnu prakti\u010dnost, dva prakti\u010dna bo\u010dna d\u017eepa pru\u017eaju pohranu za male potrep\u0161tine, dr\u017ee\u0107i va\u0161e omiljene predmete nadohvat ruke.<\/p>\n<p>Znanstvena podr\u0161ka za le\u0111a<\/p>\n<p>Ergonomski dizajniran, na\u0161 jastuk za odmor pru\u017ea neusporedivu potporu le\u0111ima, ubla\u017eava bol u lumbalnom i vratnom dijelu le\u0111a, poti\u010de pravilno dr\u017eanje i sprje\u010dava nelagodu od dugotrajnog sjedenja ili le\u017eanja.<\/p>\n<p>Vi\u0161enamjenska udobnost<\/p>\n<p>Svestran i prilagodljiv, na\u0161 jastuk za krevet nadilazi granice spava\u0107e sobe. Idealan je dodatak sofama, dnevnim le\u017eajevima, foteljama i kau\u010dima, omogu\u0107uju\u0107i vam vrhunsku udobnost i potporu kralje\u017enici u bilo kojem okru\u017eenju. Bilo da \u010ditate zanimljiv roman, gledate svoje omiljene serije ili se jednostavno opu\u0161tate nakon dugog dana, na\u0161 jastuk jam\u010di pomla\u0111uju\u0107e iskustvo.<\/p>\n<p>Preporuke kupaca<\/p>\n<p>\u201cOvaj trokutasti jastuk je super udoban. Nizozemska bar\u0161unasta tkanina je tako mekana na ko\u017ei, a cilindri\u010dni jastuk je savr\u0161en za potporu vratu.\u201d \u2013 Zadovoljni kupac<\/p>\n<p>\u201cObo\u017eavam prostrane d\u017eepove sa strane. U njima mi telefon, bilje\u017enica i ostale bitne stvari stoje organizirano i pri ruci.\u201d \u2013 Odu\u0161evljena korisnica<\/p>\n<p>Tehni\u010dki podaci<\/p>\n<p>* Tkanina: 100% poliesterski bar\u0161un<br \/>\n* Dimenzije: 60x50x22 cm<\/p>\n<p>Investirajte u vrhunsko rje\u0161enje za opu\u0161tanje i potporu ve\u0107 danas s na\u0161im iznimnim jastukom za odmor. Njegova vrhunska udobnost, svestranost i izdr\u017eljivost revolucionirat \u0107e va\u0161 dom i pobolj\u0161ati va\u0161u dobrobit.<\/p>","protected":false},"excerpt":{"rendered":"<ul>\n<li><strong>Kvalificirani klinasti jastuk:<\/strong> Ovaj jastuk s klinom punjen je vrhunskim poliesterskim vlaknima kako bi pru\u017eio stabilnu potporu le\u0111ima i udoban osje\u0107aj dok \u010ditate, odmarate se, gledate televiziju na krevetu ili kau\u010du. Visokokvalitetna bar\u0161unasta tkanina vrlo je mekana na dodir, izdr\u017eljiva i nije lako deformirati se ili skupljati.<\/li>\n<li><strong>Podesivi klinasti jastuk:<\/strong> Jastuk za dekoraciju dolazi s malim jastukom s okretnim utorom. Mo\u017ee se podesiti po potrebi. Poma\u017ee vam da le\u0111a budu ravna kako se ne biste pogrbili. Navlaka jastuka za \u010ditanje se mo\u017ee skinuti i prati. Sa strane se nalaze 2 mala d\u017eepa za pohranu sitnih predmeta, poput olovke, mobitela, daljinskog upravlja\u010da za TV itd.<\/li>\n<li><strong>Izvrsna podr\u0161ka za le\u0111a:<\/strong> Veliki potporni jastuk u skladu je s ergonomskim dizajnom, koji mo\u017ee pru\u017eiti znanstvenu potporu le\u0111ima i pobolj\u0161ati dr\u017eanje pri sjedenju. Ovaj jastuk za sofu pru\u017ea udobnu potporu za struk, le\u0111a i vrat. Tako\u0111er mo\u017ee sprije\u010diti i ubla\u017eiti bolesti lumbalnog i cervikalnog dijela te ubla\u017eiti bolove u le\u0111ima.<\/li>\n<li><strong>\u0160irok raspon upotrebe:<\/strong> Klinasti jastuk mo\u017ee se koristiti u razne svrhe, \u0161to ga \u010dini vrlo prikladnim za kori\u0161tenje na krevetu, kau\u010du na razvla\u010denje, fotelji i kau\u010du. Savr\u0161en poklon za vas, prijatelje ili obitelj.<\/li>\n<li><strong>Jednostavno za \u010di\u0161\u0107enje:<\/strong> Ovaj jastuk za potporu ima dizajn s patentnim zatvara\u010dem kako bi se navlaka lako mogla ukloniti i prati u perilici rublja.<\/li>\n<li><strong>Tkanina:<\/strong> Bar\u0161un (100% poliester).<\/li>\n<li><strong>Veli\u010dina:<\/strong>\u00a060x50x22 cm.<\/li>\n<\/ul>","protected":false},"featured_media":1228,"comment_status":"open","ping_status":"closed","template":"","meta":[],"product_brand":[],"product_cat":[29],"product_tag":[66,60,111,101,112,59,107,71,65],"class_list":{"0":"post-1238","1":"product","2":"type-product","3":"status-publish","4":"has-post-thumbnail","6":"product_cat-large-reading-pillow","7":"product_tag-back-support-pillow","8":"product_tag-backrest-pillow","9":"product_tag-bedrest-pillow","10":"product_tag-chair-cushion","11":"product_tag-lumbar-support-pillow","12":"product_tag-reading-pillow","13":"product_tag-sofa-cushion","14":"product_tag-tv-pillow","15":"product_tag-wedge-pillow","17":"first","18":"instock","19":"shipping-taxable","20":"purchasable","21":"product-type-simple"},"_links":{"self":[{"href":"https:\/\/www.largepillow.com\/hr\/wp-json\/wp\/v2\/product\/1238","targetHints":{"allow":["GET"]}}],"collection":[{"href":"https:\/\/www.largepillow.com\/hr\/wp-json\/wp\/v2\/product"}],"about":[{"href":"https:\/\/www.largepillow.com\/hr\/wp-json\/wp\/v2\/types\/product"}],"replies":[{"embeddable":true,"href":"https:\/\/www.largepillow.com\/hr\/wp-json\/wp\/v2\/comments?post=1238"}],"wp:featuredmedia":[{"embeddable":true,"href":"https:\/\/www.largepillow.com\/hr\/wp-json\/wp\/v2\/media\/1228"}],"wp:attachment":[{"href":"https:\/\/www.largepillow.com\/hr\/wp-json\/wp\/v2\/media?parent=1238"}],"wp:term":[{"taxonomy":"product_brand","embeddable":true,"href":"https:\/\/www.largepillow.com\/hr\/wp-json\/wp\/v2\/product_brand?post=1238"},{"taxonomy":"product_cat","embeddable":true,"href":"https:\/\/www.largepillow.com\/hr\/wp-json\/wp\/v2\/product_cat?post=1238"},{"taxonomy":"product_tag","embeddable":true,"href":"https:\/\/www.largepillow.com\/hr\/wp-json\/wp\/v2\/product_tag?post=1238"}],"curies":[{"name":"wp","href":"https:\/\/api.w.org\/{rel}","templated":true}]}}