{"id":1249,"date":"2022-09-19T05:36:49","date_gmt":"2022-09-19T05:36:49","guid":{"rendered":"https:\/\/www.largepillow.com\/product\/back-cushion-for-bed"},"modified":"2025-06-07T09:27:52","modified_gmt":"2025-06-07T09:27:52","slug":"jastuk-za-citanje","status":"publish","type":"product","link":"https:\/\/www.largepillow.com\/hr\/product\/reading-cushion","title":{"rendered":"Jastuk za \u010ditanje"},"content":{"rendered":"<p>Jastuk za \u010ditanje \u2013 va\u0161 novi omiljeni dodatak va\u0161em ugodnom kutku za \u010ditanje!<\/p>\n<p>Ovaj udobni i potporni klinasti jastuk izra\u0111en je od vrhunskog poliesterskog punjenja i visokokvalitetne bar\u0161unaste tkanine, \u0161to osigurava mekano, izdr\u017eljivo i udobno iskustvo. Savr\u0161en je za pru\u017eanje stabilne potpore le\u0111ima dok \u010ditate, odmarate se ili gledate televiziju na krevetu ili kau\u010du.<\/p>\n<p>Jastuk za \u010ditanje je podesivi klinasti jastuk, opremljen malim jastukom koji se mo\u017ee postaviti gdje god vam je potreban. Poma\u017ee u odr\u017eavanju ravnih le\u0111a kako se ne biste pogrbili i dovodi do pobolj\u0161anog dr\u017eanja i ugodnijeg iskustva. Navlaka jastuka se mo\u017ee skinuti i prati, a sa strane se nalaze dva mala d\u017eepa za pohranu malih predmeta poput telefona ili daljinskog upravlja\u010da.<\/p>\n<p>Ovaj jastuk je ergonomski dizajniran kako bi pru\u017eio izvrsnu potporu le\u0111ima, \u0161to mo\u017ee sprije\u010diti i ubla\u017eiti bolesti lumbalnog i cervikalnog dijela te ubla\u017eiti bolove u le\u0111ima. Veliki potporni jastuk u skladu je s ergonomskim dizajnom, pru\u017eaju\u0107i udobnu potporu za struk, le\u0111a i vrat.<\/p>\n<p>Jastuk za \u010ditanje je svestran, \u0161to ga \u010dini savr\u0161enim za kori\u0161tenje na krevetu, kau\u010du na razvla\u010denje, fotelji ili kau\u010du. Izvrstan je poklon za vas, prijatelje ili obitelj.<\/p>\n<p>Ovaj jastuk za potporu jednostavan je za \u010di\u0161\u0107enje i ima dizajn s patentnim zatvara\u010dem koji omogu\u0107uje lako skidanje i pranje u perilici rublja.<\/p>\n<p>Ne vjerujte nam samo na rije\u010d, evo nekih komentara na\u0161ih zadovoljnih kupaca:<\/p>\n<p>\u201cObo\u017eavam svoj jastuk za \u010ditanje! Poma\u017ee mi da sjedim uspravno i sprje\u010dava me da se pogrbim dok \u010ditam. D\u017eepovi su savr\u0161eni za pohranu telefona ili daljinskog upravlja\u010da.\u201d \u2013 Emily.<\/p>\n<p>\u201cBa\u0161munata tkanina je tako mekana, a jastuk pru\u017ea izvrsnu potporu. Svima koji tra\u017ee ugodno iskustvo \u010ditanja toplo preporu\u010dujem jastuk za \u010ditanje.\u201d \u2013 Jack.<\/p>\n<p>\u201cOvo je potpuno promijenilo moje iskustvo \u010ditanja. Tako je udobno, a podr\u0161ka koju pru\u017ea mojim le\u0111ima je nevjerojatna. Jako sam sretna \u0161to sam prona\u0161la ovaj proizvod!\u201d \u2013 Sarah.<\/p>\n<p>\u0160to \u010dekate? Nabavite jastuk za \u010ditanje i podignite svoje iskustvo \u010ditanja na vi\u0161u razinu!<\/p>","protected":false},"excerpt":{"rendered":"<ul>\n<li><strong>Kvalificirani klinasti jastuk:<\/strong> Ovaj jastuk s klinom punjen je vrhunskim poliesterskim vlaknima kako bi pru\u017eio stabilnu potporu le\u0111ima i udoban osje\u0107aj dok \u010ditate, odmarate se, gledate televiziju na krevetu ili kau\u010du. Visokokvalitetna bar\u0161unasta tkanina vrlo je mekana na dodir, izdr\u017eljiva i nije lako deformirati se ili skupljati.<\/li>\n<li><strong>Podesivi klinasti jastuk:<\/strong> Jastuk za dekoraciju dolazi s malim jastukom s okretnim utorom. Mo\u017ee se podesiti po potrebi. Poma\u017ee vam da le\u0111a budu ravna kako se ne biste pogrbili. Navlaka jastuka za \u010ditanje se mo\u017ee skinuti i prati. Sa strane se nalaze 2 mala d\u017eepa za pohranu sitnih predmeta, poput olovke, mobitela, daljinskog upravlja\u010da za TV itd.<\/li>\n<li><strong>Izvrsna podr\u0161ka za le\u0111a:<\/strong> Veliki potporni jastuk u skladu je s ergonomskim dizajnom, koji mo\u017ee pru\u017eiti znanstvenu potporu le\u0111ima i pobolj\u0161ati dr\u017eanje pri sjedenju. Ovaj jastuk za sofu pru\u017ea udobnu potporu za struk, le\u0111a i vrat. Tako\u0111er mo\u017ee sprije\u010diti i ubla\u017eiti bolesti lumbalnog i cervikalnog dijela te ubla\u017eiti bolove u le\u0111ima.<\/li>\n<li><strong>\u0160irok raspon upotrebe:<\/strong> Klinasti jastuk mo\u017ee se koristiti u razne svrhe, \u0161to ga \u010dini vrlo prikladnim za kori\u0161tenje na krevetu, kau\u010du na razvla\u010denje, fotelji i kau\u010du. Savr\u0161en poklon za vas, prijatelje ili obitelj.<\/li>\n<li><strong>Jednostavno za \u010di\u0161\u0107enje:<\/strong> Ovaj jastuk za potporu ima dizajn s patentnim zatvara\u010dem kako bi se navlaka lako mogla ukloniti i prati u perilici rublja.<\/li>\n<li><strong>Tkanina:<\/strong> Bar\u0161un (100% poliester).<\/li>\n<li><strong>Veli\u010dina:<\/strong>\u00a060x50x22 cm.<\/li>\n<\/ul>","protected":false},"featured_media":1239,"comment_status":"open","ping_status":"closed","template":"","meta":[],"product_brand":[],"product_cat":[29],"product_tag":[92,60,108,101,110,109,106,59,107,65],"class_list":{"0":"post-1249","1":"product","2":"type-product","3":"status-publish","4":"has-post-thumbnail","6":"product_cat-large-reading-pillow","7":"product_tag-adjustable-wedge-pillow","8":"product_tag-backrest-pillow","9":"product_tag-bed-cushion","10":"product_tag-chair-cushion","11":"product_tag-couch-cushion","12":"product_tag-daybed-cushion","13":"product_tag-reading-cushion","14":"product_tag-reading-pillow","15":"product_tag-sofa-cushion","16":"product_tag-wedge-pillow","18":"first","19":"outofstock","20":"shipping-taxable","21":"purchasable","22":"product-type-simple"},"_links":{"self":[{"href":"https:\/\/www.largepillow.com\/hr\/wp-json\/wp\/v2\/product\/1249","targetHints":{"allow":["GET"]}}],"collection":[{"href":"https:\/\/www.largepillow.com\/hr\/wp-json\/wp\/v2\/product"}],"about":[{"href":"https:\/\/www.largepillow.com\/hr\/wp-json\/wp\/v2\/types\/product"}],"replies":[{"embeddable":true,"href":"https:\/\/www.largepillow.com\/hr\/wp-json\/wp\/v2\/comments?post=1249"}],"wp:featuredmedia":[{"embeddable":true,"href":"https:\/\/www.largepillow.com\/hr\/wp-json\/wp\/v2\/media\/1239"}],"wp:attachment":[{"href":"https:\/\/www.largepillow.com\/hr\/wp-json\/wp\/v2\/media?parent=1249"}],"wp:term":[{"taxonomy":"product_brand","embeddable":true,"href":"https:\/\/www.largepillow.com\/hr\/wp-json\/wp\/v2\/product_brand?post=1249"},{"taxonomy":"product_cat","embeddable":true,"href":"https:\/\/www.largepillow.com\/hr\/wp-json\/wp\/v2\/product_cat?post=1249"},{"taxonomy":"product_tag","embeddable":true,"href":"https:\/\/www.largepillow.com\/hr\/wp-json\/wp\/v2\/product_tag?post=1249"}],"curies":[{"name":"wp","href":"https:\/\/api.w.org\/{rel}","templated":true}]}}