{"id":1298,"date":"2022-09-19T05:37:48","date_gmt":"2022-09-19T05:37:48","guid":{"rendered":"https:\/\/www.largepillow.com\/product\/wedge-reading-pillow"},"modified":"2025-12-02T18:57:13","modified_gmt":"2025-12-02T18:57:13","slug":"klin-za-citanje-u-krevetu","status":"publish","type":"product","link":"https:\/\/www.largepillow.com\/hr\/product\/bed-rest-reading-wedge","title":{"rendered":"Klina za \u010ditanje u krevetu"},"content":{"rendered":"<p>Opustite se u udobnosti s jastukom za \u010ditanje Bed Rest<\/p>\n<p>Ako volite \u010ditati ili gledati TV u krevetu, ali patite od nelagode u le\u0111ima, jastuk za \u010ditanje Bed Rest savr\u0161eno je rje\u0161enje. Ovaj ergonomski dizajnirani jastuk pru\u017ea izvrsnu lumbalnu potporu kako bi ubla\u017eio bolove u le\u0111ima i pomogao vam u odr\u017eavanju dobrog dr\u017eanja tijekom odmora.  <\/p>\n<p>Izra\u0111en od mekog, kvalitetnog lana i poliestera, prostrani klinasti jastuk dimenzija 60x50x22 cm prilago\u0111ava se oblinama va\u0161eg tijela. Podesivi jastuk u obliku valjka omogu\u0107uje vam prilagodbu potpore ciljanim podru\u010djima kojima je potrebno olak\u0161anje, poput donjeg dijela le\u0111a ili vrata. Dva bo\u010dna d\u017eepa pru\u017eaju prakti\u010dno spremanje predmeta poput telefona, daljinskog upravlja\u010da ili knjiga dok se opu\u0161tate.<\/p>\n<p>Kupci vole ovaj svestrani i potporni jastuk:<\/p>\n<p>\u201cOvaj jastuk pru\u017ea vrlo dobru potporu za \u010ditanje ili rad na prijenosnom ra\u010dunalu u krevetu. Udoban je i \u010dini se vrlo izdr\u017eljivim.\u201d<\/p>\n<p>\u201cImao sam operaciju le\u0111a i lije\u010dnik mi je preporu\u010dio kori\u0161tenje ovoga. Pru\u017ea taman pravu koli\u010dinu nagiba bez uzrokovanja ikakvih bolnih to\u010daka.\u201d <\/p>\n<p>\u201cNabavio sam ovo za svoje starije roditelje kako bi im pomogao da udobnije sjede. Odu\u0161evljeni su i ka\u017eu da im je stvarno pomoglo kod problema s le\u0111ima.\u201d<\/p>\n<p>S ergonomskim dizajnom usmjerenim na potporu le\u0111ima i udobnost, ovaj kvalitetni klinasti jastuk savr\u0161en je pratitelj za \u010ditanje i opu\u0161tanje. Uklonjiva i periva navlaka omogu\u0107uje jednostavno odr\u017eavanje. <\/p>\n<p>Poklonite udoban odmor uz jastuk za \u010ditanje Bed Rest. Idealan za vas ili voljene osobe koje pate od nelagode u donjem dijelu le\u0111a ili vrata, sigurno \u0107e postati omiljeni dio vremena opu\u0161tanja.<\/p>","protected":false},"excerpt":{"rendered":"<ul>\n<li><strong>Kvalificirani klinasti jastuk:<\/strong> Ovaj jastuk s klinom punjen je vrhunskim poliesterskim vlaknima kako bi pru\u017eio stabilnu potporu le\u0111ima i udoban osje\u0107aj dok \u010ditate, odmarate se, gledate televiziju na krevetu ili kau\u010du. Visokokvalitetna lanena tkanina vrlo je mekana na dodir, izdr\u017eljiva i nije lako deformirati se ili skupljati.<\/li>\n<li><strong>Podesivi klinasti jastuk:<\/strong> Jastuk za dekoraciju dolazi s malim jastukom s okretnim utorom. Mo\u017ee se podesiti po potrebi. Poma\u017ee vam da le\u0111a budu ravna kako se ne biste pogrbili. Navlaka jastuka za \u010ditanje se mo\u017ee skinuti i prati. Sa strane se nalaze 2 mala d\u017eepa za pohranu sitnih predmeta, poput olovke, mobitela, daljinskog upravlja\u010da za TV itd.<\/li>\n<li><strong>Izvrsna podr\u0161ka za le\u0111a:<\/strong> Veliki potporni jastuk u skladu je s ergonomskim dizajnom, koji mo\u017ee pru\u017eiti znanstvenu potporu le\u0111ima i pobolj\u0161ati dr\u017eanje pri sjedenju. Ovaj jastuk za sofu pru\u017ea udobnu potporu za struk, le\u0111a i vrat. Tako\u0111er mo\u017ee sprije\u010diti i ubla\u017eiti bolesti lumbalnog i cervikalnog dijela te ubla\u017eiti bolove u le\u0111ima.<\/li>\n<li><strong>\u0160irok raspon upotrebe:<\/strong> Klinasti jastuk mo\u017ee se koristiti u razne svrhe, \u0161to ga \u010dini vrlo prikladnim za kori\u0161tenje na krevetu, kau\u010du na razvla\u010denje, fotelji i kau\u010du. Savr\u0161en poklon za vas, prijatelje ili obitelj.<\/li>\n<li><strong>Jednostavno za \u010di\u0161\u0107enje:<\/strong> Ovaj jastuk za potporu ima dizajn s patentnim zatvara\u010dem kako bi se navlaka lako mogla ukloniti i prati u perilici rublja.<\/li>\n<li><strong>Tkanina:<\/strong>\u00a0Mje\u0161avina poliestera i lana.<\/li>\n<li><strong>Veli\u010dina:<\/strong>\u00a060x50x22 cm.<\/li>\n<\/ul>","protected":false},"featured_media":1287,"comment_status":"open","ping_status":"closed","template":"","meta":[],"product_brand":[],"product_cat":[29],"product_tag":[92,60,88,91,96,94,89,59,93,95,90],"class_list":{"0":"post-1298","1":"product","2":"type-product","3":"status-publish","4":"has-post-thumbnail","6":"product_cat-large-reading-pillow","7":"product_tag-adjustable-wedge-pillow","8":"product_tag-backrest-pillow","9":"product_tag-bed-rest-reading-wedge","10":"product_tag-comfortable-reading","11":"product_tag-cushions-for-sofa","12":"product_tag-excellent-back-support","13":"product_tag-qualified-wedge-pillow","14":"product_tag-reading-pillow","15":"product_tag-roll-bolster-pillow","16":"product_tag-scientific-back-support","17":"product_tag-stable-back-support","19":"first","20":"outofstock","21":"featured","22":"shipping-taxable","23":"purchasable","24":"product-type-simple"},"_links":{"self":[{"href":"https:\/\/www.largepillow.com\/hr\/wp-json\/wp\/v2\/product\/1298","targetHints":{"allow":["GET"]}}],"collection":[{"href":"https:\/\/www.largepillow.com\/hr\/wp-json\/wp\/v2\/product"}],"about":[{"href":"https:\/\/www.largepillow.com\/hr\/wp-json\/wp\/v2\/types\/product"}],"replies":[{"embeddable":true,"href":"https:\/\/www.largepillow.com\/hr\/wp-json\/wp\/v2\/comments?post=1298"}],"wp:featuredmedia":[{"embeddable":true,"href":"https:\/\/www.largepillow.com\/hr\/wp-json\/wp\/v2\/media\/1287"}],"wp:attachment":[{"href":"https:\/\/www.largepillow.com\/hr\/wp-json\/wp\/v2\/media?parent=1298"}],"wp:term":[{"taxonomy":"product_brand","embeddable":true,"href":"https:\/\/www.largepillow.com\/hr\/wp-json\/wp\/v2\/product_brand?post=1298"},{"taxonomy":"product_cat","embeddable":true,"href":"https:\/\/www.largepillow.com\/hr\/wp-json\/wp\/v2\/product_cat?post=1298"},{"taxonomy":"product_tag","embeddable":true,"href":"https:\/\/www.largepillow.com\/hr\/wp-json\/wp\/v2\/product_tag?post=1298"}],"curies":[{"name":"wp","href":"https:\/\/api.w.org\/{rel}","templated":true}]}}