{"id":1315,"date":"2022-09-19T06:01:52","date_gmt":"2022-09-19T06:01:52","guid":{"rendered":"https:\/\/www.largepillow.com\/product\/bed-wedge-pillows-for-reading"},"modified":"2025-09-13T10:51:53","modified_gmt":"2025-09-13T10:51:53","slug":"jastuk-za-citanje-u-krilu","status":"publish","type":"product","link":"https:\/\/www.largepillow.com\/hr\/product\/lap-pillow-for-reading","title":{"rendered":"Jastuk za \u010ditanje u krilu"},"content":{"rendered":"<p>Predstavljamo vam vrhunskog pratitelja za \u010ditanje: ergonomski jastuk za krilo<\/p>\n<p>Jeste li strastveni \u010ditatelj koji \u010desto osje\u0107a nelagodu dok \u010dita u krevetu? Predstavljamo inovativni jastuk za \u010ditanje, dizajniran za pobolj\u0161anje va\u0161eg iskustva \u010ditanja uz neusporedivu udobnost i potporu.<\/p>\n<p>Ergonomski dizajn za optimalno dr\u017eanje<\/p>\n<p>Ovaj ergonomski izra\u0111en jastuk savr\u0161eno se prilago\u0111ava va\u0161em tijelu, osiguravaju\u0107i idealno dr\u017eanje za \u010ditanje. Recite zbogom bolovima u donjem i gornjem dijelu le\u0111a, problemima s vratom i ramenima koji vas mogu mu\u010diti zbog nepravilnog dr\u017eanja.<\/p>\n<p>Vrhunski materijali za udobnost i izdr\u017eljivost<\/p>\n<p>Navlaka za jastuk pomno je izra\u0111ena od visokokvalitetnog platna, poznatog po svojoj iznimnoj izdr\u017eljivosti i prozra\u010dnosti. Njegove \u017eive boje, postignute reaktivnom tehnologijom tiska i bojenja, ostat \u0107e \u017eive godinama koje dolaze. Unutarnja jezgra ispunjena je vrhunskim visokoelasti\u010dnim poliesterskim vlaknima, pru\u017eaju\u0107i mekan, ali potporni jastuk koji se ne\u0107e s vremenom uru\u0161iti.<\/p>\n<p>Vi\u0161enamjenski za razne potrebe<\/p>\n<p>Osim iznimne potpore pri \u010ditanju, ovaj svestrani jastuk mo\u017ee ubla\u017eiti i medicinska stanja poput hrkanja i refluksa kiseline. Nudi udobnu povr\u0161inu za trudnice kako bi mogle odr\u017eavati bo\u010dni polo\u017eaj spavanja ili se mo\u017ee koristiti kao lumbalni jastuk za smanjenje pritiska na le\u0111a. Njegova svestranost prote\u017ee se izvan spava\u0107e sobe, \u0161to ga \u010dini idealnim suputnikom za sofe, igraonice, vrtni namje\u0161taj i jo\u0161 mnogo toga.<\/p>\n<p>Upe\u010datljivi otisci za da\u0161ak stila<\/p>\n<p>Dodajte da\u0161ak elegancije svojoj spava\u0107oj sobi uz prekrasne printeve na jastuku za krilo. Birajte izme\u0111u umiruju\u0107e \u201c\u0161umske glazbe\u201d, retro \u201cstarih novina\u201d, \u0161armantnog \u201cplavog leptira\u201d ili o\u010daravaju\u0107e \u201ckarte deva\u201d. Postoji dizajn koji odgovara svakoj osobnosti i ure\u0111enju.<\/p>\n<p>Prakti\u010dne zna\u010dajke za jednostavno kori\u0161tenje<\/p>\n<p>Navlaka za jastuk se mo\u017ee bez napora skinuti i zamijeniti pomo\u0107u nevidljivog metalnog patentnog zatvara\u010da. Mogu\u0107nost pranja u perilici rublja osigurava da va\u0161 jastuk ostane svje\u017e i higijenski. Prakti\u010dan bo\u010dni d\u017eep pru\u017ea prikladan prostor za pohranu telefona, nao\u010dala ili drugih sitnica.<\/p>\n<p>Iskustva kupaca<\/p>\n<p>\u201cKao iskusna \u010ditateljica, ne mogu vjerovati da sam toliko dugo bila bez ovog jastuka. Kao ostvarenje sna, pru\u017ea potporu i udobnost za sate bla\u017eenog \u010ditanja.\u201d<\/p>\n<p>\u201cPlatno mi je prekrasno na ko\u017ei, a print je jednostavno prekrasan. Nije samo funkcionalno, ve\u0107 i dodaje da\u0161ak stila mojoj spava\u0107oj sobi.\u201d<\/p>\n<p>Dimenzije: 60x20x50cm<\/p>\n<p>Investirajte u bolje iskustvo \u010ditanja s jastukom za \u010ditanje. Njegov ergonomski dizajn, vrhunski materijali, vi\u0161enamjenska priroda i upe\u010datljivi otisci pretvorit \u0107e va\u0161e vrijeme \u010ditanja u uistinu ugodno i ugodno iskustvo. Naru\u010dite svoj ve\u0107 danas i podignite svoje iskustvo \u010ditanja na nove visine!<\/p>","protected":false},"excerpt":{"rendered":"<ul>\n<li><strong>Ergonomski jastuk:<\/strong>\u00a0Ako vi i va\u0161i prijatelji volite \u010ditati u krevetu, ali imate razne neugodnosti zbog nepravilnog dr\u017eanja: bolove u donjem i gornjem dijelu le\u0111a, probleme s vratom i ramenima itd., onda upotrijebite ovaj ergonomski jastuk koji \u0107e vam pomo\u0107i da \u010ditate u ergonomskom polo\u017eaju. Ovaj jastuk za \u010ditanje nije samo mekan i udoban, ve\u0107 je i dovoljno \u010dvrst da pru\u017ei ubla\u017eavanje i potporu.<\/li>\n<li><strong>Visokokvalitetni materijali:<\/strong>\u00a0Navlaka za jastuk u obliku klina izra\u0111ena je od visokokvalitetnog platna, koje je \u010dvrsto i izdr\u017eljivo te ima vrlo dobru propusnost zraka; koristi reaktivnu tehnologiju tiska i bojenja koja ne blijedi; unutarnja jezgra ispunjena je visokokvalitetnim visokoelasti\u010dnim poliesterskim vlaknima, koje mo\u017ee odr\u017eati stabilan oblik bez uru\u0161avanja.<\/li>\n<li><strong>Vi\u0161enamjenska upotreba:<\/strong>\u00a0Ovaj zakrivljeni jastuk mo\u017ee dr\u017eati odre\u0111ene dijelove tijela podignutima. Stoga poma\u017ee u ubla\u017eavanju odre\u0111enih zdravstvenih stanja, poput hrkanja ili refluksa kiseline. Osim toga, mo\u017ee pomo\u0107i trudnicama da izbjegnu okretanje i odr\u017eavaju bo\u010dni polo\u017eaj spavanja ili ga koristiti kao lumbalni jastuk za smanjenje lumbalnog pritiska. Osim \u0161to se ovaj jastuk za naslon mo\u017ee koristiti na krevetu, mo\u017ee se koristiti i na sofi, na podu dje\u010djeg igrali\u0161ta, vanjskom vrtnom namje\u0161taju.<\/li>\n<li><strong>Izvrstan dizajn tiska:<\/strong>\u00a0Ova serija jastuka za pozicioniranje ukra\u0161ena je jarkim bojama kako bi dodala sjaj va\u0161oj spava\u0107oj sobi. Pastoralni stil &quot;\u0161umska glazba&quot;, retro stil &quot;stare novine&quot;, knji\u017eevni stil &quot;plavi leptir&quot;, realisti\u010dni stil &quot;karta deve&quot;, sigurno \u0107ete prona\u0107i boju koja odgovara va\u0161oj osobnosti. Ovo je dobar jastuk za \u010ditanje za dje\u010dake i djevoj\u010dice ili odrasle. Ovo je tako\u0111er odli\u010dan poklon za djecu koja vole \u010ditati i u\u010dinit \u0107e njihovu sobu hladnijom.<\/li>\n<li><strong>Odvojiva navlaka za jastuk:<\/strong>\u00a0Navlaka za jastuk, koja ima nevidljivi metalni patentni zatvara\u010d, lako se skida i postavlja na jastuk; lako se \u010disti i prikladna je za pranje u perilici rublja; prakti\u010dni bo\u010dni d\u017eep mo\u017ee u bilo kojem trenutku dr\u017eati male predmete poput mobitela i nao\u010dala.<\/li>\n<li><strong>Veli\u010dina:<\/strong>\u00a060x20x50cm.<\/li>\n<\/ul>","protected":false},"featured_media":1308,"comment_status":"open","ping_status":"closed","template":"","meta":[],"product_brand":[],"product_cat":[29],"product_tag":[60,81,86,78,85,79,80,59,65],"class_list":{"0":"post-1315","1":"product","2":"type-product","3":"status-publish","4":"has-post-thumbnail","6":"product_cat-large-reading-pillow","7":"product_tag-backrest-pillow","8":"product_tag-curved-shape-pillow","9":"product_tag-detachable-pillow-cover","10":"product_tag-ergonomic-pillow","11":"product_tag-lap-pillow-for-reading","12":"product_tag-lumbar-pillow","13":"product_tag-positioning-pillow","14":"product_tag-reading-pillow","15":"product_tag-wedge-pillow","17":"first","18":"instock","19":"featured","20":"shipping-taxable","21":"purchasable","22":"product-type-simple"},"_links":{"self":[{"href":"https:\/\/www.largepillow.com\/hr\/wp-json\/wp\/v2\/product\/1315","targetHints":{"allow":["GET"]}}],"collection":[{"href":"https:\/\/www.largepillow.com\/hr\/wp-json\/wp\/v2\/product"}],"about":[{"href":"https:\/\/www.largepillow.com\/hr\/wp-json\/wp\/v2\/types\/product"}],"replies":[{"embeddable":true,"href":"https:\/\/www.largepillow.com\/hr\/wp-json\/wp\/v2\/comments?post=1315"}],"wp:featuredmedia":[{"embeddable":true,"href":"https:\/\/www.largepillow.com\/hr\/wp-json\/wp\/v2\/media\/1308"}],"wp:attachment":[{"href":"https:\/\/www.largepillow.com\/hr\/wp-json\/wp\/v2\/media?parent=1315"}],"wp:term":[{"taxonomy":"product_brand","embeddable":true,"href":"https:\/\/www.largepillow.com\/hr\/wp-json\/wp\/v2\/product_brand?post=1315"},{"taxonomy":"product_cat","embeddable":true,"href":"https:\/\/www.largepillow.com\/hr\/wp-json\/wp\/v2\/product_cat?post=1315"},{"taxonomy":"product_tag","embeddable":true,"href":"https:\/\/www.largepillow.com\/hr\/wp-json\/wp\/v2\/product_tag?post=1315"}],"curies":[{"name":"wp","href":"https:\/\/api.w.org\/{rel}","templated":true}]}}