{"id":1323,"date":"2022-09-19T06:02:03","date_gmt":"2022-09-19T06:02:03","guid":{"rendered":"https:\/\/www.largepillow.com\/product\/reading-wedges"},"modified":"2024-10-03T16:31:26","modified_gmt":"2024-10-03T16:31:26","slug":"klinovi-za-citanje","status":"publish","type":"product","link":"https:\/\/www.largepillow.com\/hr\/product\/reading-wedges\/","title":{"rendered":"Klinovi za \u010ditanje"},"content":{"rendered":"<p>Jeste li knji\u0161ki moljac koji u\u017eiva u \u010ditanju u krevetu, ali pati od nelagode i boli zbog lo\u0161eg dr\u017eanja? Ako jeste, imamo savr\u0161eno rje\u0161enje za vas \u2013 klinove za \u010ditanje!<\/p>\n<p>Ovaj ergonomski jastuk dizajniran je kako bi pru\u017eio potporu i ubla\u017eio tegobe donjem i gornjem dijelu le\u0111a, vratu i ramenima, osiguravaju\u0107i vam ergonomsko dr\u017eanje pri \u010ditanju u krevetu. Jastuk je mekan i udoban, a istovremeno dovoljno \u010dvrst da zadr\u017ei svoj oblik i pru\u017ei odgovaraju\u0107u potporu.<\/p>\n<p>Navlaka za jastuk u obliku klina izra\u0111ena je od visokokvalitetnog platna koje je izdr\u017eljivo i ima izvrsnu propusnost zraka. Unutarnja jezgra ispunjena je visokoelasti\u010dnim poliesterskim vlaknima, \u0161to osigurava da se jastuk ne skuplja i da zadr\u017eava svoj oblik. Navlaka za jastuk se tako\u0111er mo\u017ee skinuti i prati u perilici rublja, \u0161to je \u010dini lakom za \u010di\u0161\u0107enje i odr\u017eavanje.<\/p>\n<p>Zakrivljeni oblik jastuka \u010dini ga idealnim za odr\u017eavanje odre\u0111enih dijelova tijela podignutima, \u0161to ga \u010dini korisnim u ubla\u017eavanju zdravstvenih stanja poput hrkanja ili refluksa kiseline. Trudnice ga mogu koristiti za odr\u017eavanje bo\u010dnog polo\u017eaja spavanja ili kao lumbalni jastuk za smanjenje lumbalnog pritiska. Mo\u017eete ga koristiti i na kau\u010du ili podu, \u0161to ga \u010dini vi\u0161enamjenskim.<\/p>\n<p>Klinovi za \u010ditanje dolaze u raznim dizajnima, uklju\u010duju\u0107i \u201e\u0161umsku glazbu\u201c, \u201estare novine\u201c, \u201eplavog leptira\u201c i \u201ekartu deve\u201c. S ovim \u017eivim bojama mo\u017eete prona\u0107i onaj koji odra\u017eava va\u0161u osobnost i dodaje malo \u0161arma va\u0161oj spava\u0107oj sobi. Savr\u0161en je jastuk za \u010ditanje za odrasle, dje\u010dake i djevoj\u010dice, \u0161to ga \u010dini izvrsnim poklonom za djecu koja vole \u010ditati.<\/p>\n<p>Nemojte nam samo vjerovati na rije\u010d; evo nekih komentara na\u0161ih kupaca:<\/p>\n<p>\u201eObo\u017eavam svoje klinove za \u010ditanje; pomogli su mi ubla\u017eiti bolove u le\u0111ima dok sam \u010ditala u krevetu.\u201c<\/p>\n<p>\u201eDizajn jastuka je izvrstan, a boje dodaju da\u0161ak elegancije mojoj sobi.\u201c<\/p>\n<p>\u201eKlinovi za \u010ditanje su vi\u0161enamjenski i koristim ih i kao naslon dok sjedim na kau\u010du.\u201c<\/p>\n<p>\u201eOdvojiva navlaka za jastuk je revolucionarna jer mi olak\u0161ava odr\u017eavanje \u010disto\u0107e jastuka.\u201c<\/p>\n<p>Zaklju\u010dno, klinovi za \u010ditanje savr\u0161eni su za knji\u0161ke moljace koji u\u017eivaju u \u010ditanju u krevetu. Udobni su, \u010dvrsti i vi\u0161enamjenski, \u0161to ih \u010dini neophodnim. Nabavite svoj ve\u0107 danas i recite zbogom bolovima u le\u0111ima i nelagodi dok \u010ditate u krevetu.<\/p>","protected":false},"excerpt":{"rendered":"<ul>\n<li><strong>Ergonomski jastuk:<\/strong>\u00a0Ako vi i va\u0161i prijatelji volite \u010ditati u krevetu, ali imate razne neugodnosti zbog nepravilnog dr\u017eanja: bolove u donjem i gornjem dijelu le\u0111a, probleme s vratom i ramenima itd., onda upotrijebite ovaj ergonomski jastuk koji \u0107e vam pomo\u0107i da \u010ditate u ergonomskom polo\u017eaju. Ovaj jastuk za \u010ditanje nije samo mekan i udoban, ve\u0107 je i dovoljno \u010dvrst da pru\u017ei ubla\u017eavanje i potporu.<\/li>\n<li><strong>Visokokvalitetni materijali:<\/strong>\u00a0Navlaka za jastuk u obliku klina izra\u0111ena je od visokokvalitetnog platna, koje je \u010dvrsto i izdr\u017eljivo te ima vrlo dobru propusnost zraka; koristi reaktivnu tehnologiju tiska i bojenja koja ne blijedi; unutarnja jezgra ispunjena je visokokvalitetnim visokoelasti\u010dnim poliesterskim vlaknima, koje mo\u017ee odr\u017eati stabilan oblik bez uru\u0161avanja.<\/li>\n<li><strong>Vi\u0161enamjenska upotreba:<\/strong>\u00a0Ovaj zakrivljeni jastuk mo\u017ee dr\u017eati odre\u0111ene dijelove tijela podignutima. Stoga poma\u017ee u ubla\u017eavanju odre\u0111enih zdravstvenih stanja, poput hrkanja ili refluksa kiseline. Osim toga, mo\u017ee pomo\u0107i trudnicama da izbjegnu okretanje i odr\u017eavaju bo\u010dni polo\u017eaj spavanja ili ga koristiti kao lumbalni jastuk za smanjenje lumbalnog pritiska. Osim \u0161to se ovaj jastuk za naslon mo\u017ee koristiti na krevetu, mo\u017ee se koristiti i na sofi, na podu dje\u010djeg igrali\u0161ta, vanjskom vrtnom namje\u0161taju.<\/li>\n<li><strong>Izvrstan dizajn tiska:<\/strong>\u00a0Ova serija jastuka za pozicioniranje ukra\u0161ena je jarkim bojama kako bi dodala sjaj va\u0161oj spava\u0107oj sobi. Pastoralni stil &quot;\u0161umska glazba&quot;, retro stil &quot;stare novine&quot;, knji\u017eevni stil &quot;plavi leptir&quot;, realisti\u010dni stil &quot;karta deve&quot;, sigurno \u0107ete prona\u0107i boju koja odgovara va\u0161oj osobnosti. Ovo je dobar jastuk za \u010ditanje za dje\u010dake i djevoj\u010dice ili odrasle. Ovo je tako\u0111er odli\u010dan poklon za djecu koja vole \u010ditati i u\u010dinit \u0107e njihovu sobu hladnijom.<\/li>\n<li><strong>Odvojiva navlaka za jastuk:<\/strong>\u00a0Navlaka za jastuk, koja ima nevidljivi metalni patentni zatvara\u010d, lako se skida i postavlja na jastuk; lako se \u010disti i prikladna je za pranje u perilici rublja; prakti\u010dni bo\u010dni d\u017eep mo\u017ee u bilo kojem trenutku dr\u017eati male predmete poput mobitela i nao\u010dala.<\/li>\n<li><strong>Veli\u010dina:<\/strong>\u00a060x20x50cm.<\/li>\n<\/ul>","protected":false},"featured_media":1316,"comment_status":"open","ping_status":"closed","template":"","meta":[],"product_brand":[],"product_cat":[29],"product_tag":[60,81,78,79,59,83,84],"class_list":{"0":"post-1323","1":"product","2":"type-product","3":"status-publish","4":"has-post-thumbnail","6":"product_cat-large-reading-pillow","7":"product_tag-backrest-pillow","8":"product_tag-curved-shape-pillow","9":"product_tag-ergonomic-pillow","10":"product_tag-lumbar-pillow","11":"product_tag-reading-pillow","12":"product_tag-reading-wedges","13":"product_tag-sofa-pillow","15":"first","16":"instock","17":"featured","18":"shipping-taxable","19":"purchasable","20":"product-type-simple"},"_links":{"self":[{"href":"https:\/\/www.largepillow.com\/hr\/wp-json\/wp\/v2\/product\/1323","targetHints":{"allow":["GET"]}}],"collection":[{"href":"https:\/\/www.largepillow.com\/hr\/wp-json\/wp\/v2\/product"}],"about":[{"href":"https:\/\/www.largepillow.com\/hr\/wp-json\/wp\/v2\/types\/product"}],"replies":[{"embeddable":true,"href":"https:\/\/www.largepillow.com\/hr\/wp-json\/wp\/v2\/comments?post=1323"}],"wp:featuredmedia":[{"embeddable":true,"href":"https:\/\/www.largepillow.com\/hr\/wp-json\/wp\/v2\/media\/1316"}],"wp:attachment":[{"href":"https:\/\/www.largepillow.com\/hr\/wp-json\/wp\/v2\/media?parent=1323"}],"wp:term":[{"taxonomy":"product_brand","embeddable":true,"href":"https:\/\/www.largepillow.com\/hr\/wp-json\/wp\/v2\/product_brand?post=1323"},{"taxonomy":"product_cat","embeddable":true,"href":"https:\/\/www.largepillow.com\/hr\/wp-json\/wp\/v2\/product_cat?post=1323"},{"taxonomy":"product_tag","embeddable":true,"href":"https:\/\/www.largepillow.com\/hr\/wp-json\/wp\/v2\/product_tag?post=1323"}],"curies":[{"name":"radni list","href":"https:\/\/api.w.org\/{rel}","templated":true}]}}