{"id":1415,"date":"2022-09-20T02:47:33","date_gmt":"2022-09-20T02:47:33","guid":{"rendered":"https:\/\/www.largepillow.com\/product\/huge-rock-pillows-living-stones-pillows-pebble-pillows-living-pillows-pre-filled-christmas-present-light-gray-9001"},"modified":"2024-11-13T23:31:08","modified_gmt":"2024-11-13T23:31:08","slug":"kameni-jastuci-2","status":"publish","type":"product","link":"https:\/\/www.largepillow.com\/hr\/product\/stone-pillows","title":{"rendered":"Kameni jastuci"},"content":{"rendered":"[zc_getpagecontent mb=&#8221;mb_aplus&#8221; apid=&#8221;21&#8243;]\n","protected":false},"excerpt":{"rendered":"<ul>\n<li><strong>Verisimilar 3D vanjski jastuk:<\/strong> Na prvi pogled, nikada ne\u0107ete pomisliti da je to samo dekorativni jastuk. Kroz genijalan dizajn, savr\u0161eno smo kombinirali udoban jastuk i &quot;kamen&quot;. Oblik elipse i vitka krivulja \u010dine ih da izgledaju kao pravo kamenje. Mije\u0161anje i uskla\u0111ivanje tamnih i svijetlih boja mo\u017ee dodati bogate vizualne promjene va\u0161oj sobi i u\u010diniti je zabavnom. Ovi \u017eivopisni dekorativni jastuci \u010dine na\u0161 dom zanimljivim mjestom.<\/li>\n<li><strong>Dekorativni jastuci za razli\u010dite prigode:<\/strong> Na\u0161i jastuci mogu se koristiti kao ukras kako bi zadovoljili va\u0161e razli\u010dite potrebe u nekoliko navrata. Stavite ih u zatvorenom prostoru kako biste prostoriji dali prirodan okus. Stavite ih vani u vrt, na terasu, bazen itd. Mo\u017eete se vratiti pravoj, savr\u0161enoj integraciji i osje\u0107ati se ugodno; Koriste se za ukra\u0161avanje dje\u010dje sobe, mogu stvoriti igrali\u0161te.<\/li>\n<li><strong>Vi\u0161enamjenski kreativni jastuci:<\/strong> Na\u0161i pli\u0161ani jastuci ne mogu se koristiti samo kao ukrasni jastuci u bilo kojem kutu interijera \/ vanjski jastuci za vanjsku upotrebu, ve\u0107 se mogu koristiti i kao dje\u010dje igra\u010dke, tako da se djeca mogu igrati s njima po volji i izra\u017eavati svoje osje\u0107aje u igri. Veliki jastuci za kau\u010d tako\u0111er se mogu koristiti kao kreativna sjedala, kao i mali jastuci za sofu. Dekorativni jastuci razli\u010ditih oblika tako\u0111er su dobar izbor za foto rekvizite.<\/li>\n<li><strong>Visokokvalitetni jastuk od simulacijskog kamena:<\/strong> Odabrane super mekane kratke bar\u0161unaste tkanine, mekane i udobne. Dekorativni jastuci s punjenjem (poliestersko punjenje) koje je pahuljasto i mekano te ima dobru elasti\u010dnost. Dizajn s nevidljivim patentnim zatvara\u010dem tako\u0111er olak\u0161ava rastavljanje jastu\u010dnice. S reaktivnom tehnologijom tiska i bojenja, od odabira materijala do fiksiranja boje, uklanjanja i oblikovanja do gotovog proizvoda, svaki korak se strogo provodi.<\/li>\n<li><strong>Paket i veli\u010dina:<\/strong> Svako pakiranje sadr\u017ei 1 set od 6 razli\u010ditih veli\u010dina jastuka za vanjsku upotrebu, koji su dizajnirani u nepravilnim ovalnim oblicima kako bi vi\u0161e nalikovali kamenju. Veli\u010dine su: 100\u00d750 \/ 50\u00d735 \/ 50\u00d725 \/ 35\u00d723 \/ 30\u00d715 \/ 18x10cm.<\/li>\n<\/ul>","protected":false},"featured_media":1406,"comment_status":"open","ping_status":"closed","template":"","meta":[],"product_brand":[],"product_cat":[30],"product_tag":[58,57,53,56,52,54,51,55,50],"class_list":{"0":"post-1415","1":"product","2":"type-product","3":"status-publish","4":"has-post-thumbnail","6":"product_cat-large-rock-pillow","7":"product_tag-floor-cushion","8":"product_tag-floor-pillow","9":"product_tag-livingstones","10":"product_tag-pebble-cushion","11":"product_tag-pebble-pillow","12":"product_tag-rock-cushion","13":"product_tag-rock-pillow","14":"product_tag-stone-cushion","15":"product_tag-stone-pillow","17":"first","18":"instock","19":"featured","20":"shipping-taxable","21":"purchasable","22":"product-type-variable","23":"has-default-attributes"},"_links":{"self":[{"href":"https:\/\/www.largepillow.com\/hr\/wp-json\/wp\/v2\/product\/1415","targetHints":{"allow":["GET"]}}],"collection":[{"href":"https:\/\/www.largepillow.com\/hr\/wp-json\/wp\/v2\/product"}],"about":[{"href":"https:\/\/www.largepillow.com\/hr\/wp-json\/wp\/v2\/types\/product"}],"replies":[{"embeddable":true,"href":"https:\/\/www.largepillow.com\/hr\/wp-json\/wp\/v2\/comments?post=1415"}],"wp:featuredmedia":[{"embeddable":true,"href":"https:\/\/www.largepillow.com\/hr\/wp-json\/wp\/v2\/media\/1406"}],"wp:attachment":[{"href":"https:\/\/www.largepillow.com\/hr\/wp-json\/wp\/v2\/media?parent=1415"}],"wp:term":[{"taxonomy":"product_brand","embeddable":true,"href":"https:\/\/www.largepillow.com\/hr\/wp-json\/wp\/v2\/product_brand?post=1415"},{"taxonomy":"product_cat","embeddable":true,"href":"https:\/\/www.largepillow.com\/hr\/wp-json\/wp\/v2\/product_cat?post=1415"},{"taxonomy":"product_tag","embeddable":true,"href":"https:\/\/www.largepillow.com\/hr\/wp-json\/wp\/v2\/product_tag?post=1415"}],"curies":[{"name":"wp","href":"https:\/\/api.w.org\/{rel}","templated":true}]}}