{"id":15372,"date":"2025-11-08T12:38:12","date_gmt":"2025-11-08T12:38:12","guid":{"rendered":"https:\/\/www.largepillow.com\/product\/ergonomic-reading-pillow-with-arm-rest-for-back-neck-shoulder-support"},"modified":"2025-11-09T08:50:23","modified_gmt":"2025-11-09T08:50:23","slug":"ergonomski-jastuk-za-citanje-s-naslonom-za-ruke-za-potporu-vrata-i-ramena","status":"publish","type":"product","link":"https:\/\/www.largepillow.com\/hr\/product\/ergonomic-reading-pillow-with-arm-rest-for-back-neck-shoulder-support","title":{"rendered":"Ergonomski jastuk za \u010ditanje s naslonom za ruke za potporu le\u0111a, vrata i ramena"},"content":{"rendered":"[zc_getpagecontent mb=&#8221;mb_aplus&#8221; apid=&#8221;148&#8243;]\n","protected":false},"excerpt":{"rendered":"<ul>\n<li>Napredna verzija u obliku slova H: Jastuk za spavanje na boku u obliku slova H lak\u0161i je i fleksibilniji od jastuka u obliku slova U, a zadr\u017eava svoje glavne prednosti. Rje\u0161ava problem disanja jastuka u obliku slova U, koji se ne mogu pode\u0161avati, a osim toga ima i manja ograni\u010denja visine, pa odgovara svim korisnicima bez obzira na visinu ili tip tijela.<\/li>\n<li>3 u 1 sustav jastuka za bo\u010dno spavanje: Kombinira klinastu podlogu, jastuk u obliku slova H i fleksibilni jastuk, klinasti jastuk podi\u017ee gornji dio le\u0111a kako bi se borio protiv refluksa kiseline, jastuk u obliku slova H osigurava stabilnu potporu tijekom no\u0107i, ubla\u017eavaju\u0107i bolove u ramenima, vratu i le\u0111ima, 3 u 1 mo\u017ee u\u010dinkovito prilagoditi dr\u017eanje cijelog tijela i optimizirati va\u0161 obrazac spavanja.<\/li>\n<li>Iznimno udoban jastuk za krevet: Pru\u017ea savr\u0161enu ravnote\u017eu ergonomije i personalizirane udobnosti, potporu za le\u0111a, bok, ramena i trbuh, poma\u017eu\u0107i vam da dobijete bla\u017een no\u0107ni san kakav zaslu\u017eujete.<\/li>\n<li>Navlaka koja se mo\u017ee prati u perilici: Proizvod ima odvojivi i perivi dizajn koji se lako skida, \u0161to omogu\u0107uje jednostavno uklanjanje pra\u0161ine i mrlja, odr\u017eavaju\u0107i proizvod \u010distim.<\/li>\n<\/ul>","protected":false},"featured_media":15392,"comment_status":"open","ping_status":"closed","template":"","meta":[],"product_brand":[],"product_cat":[228],"product_tag":[],"class_list":{"0":"post-15372","1":"product","2":"type-product","3":"status-publish","4":"has-post-thumbnail","6":"product_cat-cushions","8":"first","9":"instock","10":"sold-individually","11":"shipping-taxable","12":"purchasable","13":"product-type-variable","14":"has-default-attributes"},"_links":{"self":[{"href":"https:\/\/www.largepillow.com\/hr\/wp-json\/wp\/v2\/product\/15372","targetHints":{"allow":["GET"]}}],"collection":[{"href":"https:\/\/www.largepillow.com\/hr\/wp-json\/wp\/v2\/product"}],"about":[{"href":"https:\/\/www.largepillow.com\/hr\/wp-json\/wp\/v2\/types\/product"}],"replies":[{"embeddable":true,"href":"https:\/\/www.largepillow.com\/hr\/wp-json\/wp\/v2\/comments?post=15372"}],"wp:featuredmedia":[{"embeddable":true,"href":"https:\/\/www.largepillow.com\/hr\/wp-json\/wp\/v2\/media\/15392"}],"wp:attachment":[{"href":"https:\/\/www.largepillow.com\/hr\/wp-json\/wp\/v2\/media?parent=15372"}],"wp:term":[{"taxonomy":"product_brand","embeddable":true,"href":"https:\/\/www.largepillow.com\/hr\/wp-json\/wp\/v2\/product_brand?post=15372"},{"taxonomy":"product_cat","embeddable":true,"href":"https:\/\/www.largepillow.com\/hr\/wp-json\/wp\/v2\/product_cat?post=15372"},{"taxonomy":"product_tag","embeddable":true,"href":"https:\/\/www.largepillow.com\/hr\/wp-json\/wp\/v2\/product_tag?post=15372"}],"curies":[{"name":"wp","href":"https:\/\/api.w.org\/{rel}","templated":true}]}}