{"id":156,"date":"2022-09-15T06:26:18","date_gmt":"2022-09-15T06:26:18","guid":{"rendered":"https:\/\/www.largepillow.com\/product\/daybed-wedge-pillow"},"modified":"2025-11-05T02:15:25","modified_gmt":"2025-11-05T02:15:25","slug":"jastuk-za-krevet-5","status":"publish","type":"product","link":"https:\/\/www.largepillow.com\/hr\/product\/bed-bolster-pillow","title":{"rendered":"Jastuk za krevet"},"content":{"rendered":"<p>Otkrijte vrhunsku udobnost s jastukom za krevet<\/p>\n<p>Umorni ste od muke da se udobno smjestite u krevetu dok \u010ditate ili gledate televiziju? Predstavljamo vam revolucionarni jastuk za krevet, vi\u0161enamjenski jastuk 3 u 1 koji opu\u0161tanje prije spavanja podi\u017ee na nove visine. <\/p>\n<p>Izra\u0111en od vrhunskih materijala, ovaj trokutasti jastuk nudi ergonomsku lumbalnu potporu koja se savr\u0161eno prilago\u0111ava va\u0161im le\u0111ima i struku. Prozra\u010dna poliesterska navlaka i elasti\u010dni unutarnji jastuk pru\u017eaju upravo pravu koli\u010dinu elasti\u010dnosti za sate udobnosti bez napetosti. <\/p>\n<p>Kupci vole koliko je jastuk za krevet svestran:<\/p>\n<p>\u201cKorostim svoj uspravni naslon kao naslon dok sjedim u krevetu. To je puno bolje nego mu\u010diti se s ravnim jastucima koji stalno klize dolje.\u201d<\/p>\n<p>\u201cOvaj klinasti jastuk je nevjerojatan. Spavam na boku i stavljanje pod noge u\u010dinilo je \u010duda za moje bolove u le\u0111ima.\u201d  <\/p>\n<p>\u201cVolim ga koristiti kao mali jastu\u010di\u0107 za kau\u010d. Savr\u0161ene je veli\u010dine da se moja k\u0107i i ja sklup\u010damo i zajedno \u010ditamo.\u201d<\/p>\n<p>S veli\u010dinama od 45 cm do prostranih 200 cm, jastuk za krevet mo\u017ee se koristiti za sve, od osobne upotrebe do spavanja s partnerom. Prakti\u010dni bo\u010dni d\u017eepovi pru\u017eaju vam mjesto za pohranu knjiga, daljinskih upravlja\u010da, telefona i jo\u0161 mnogo toga, dok se navlaka s patentnim zatvara\u010dem mo\u017ee lako prati. <\/p>\n<p>Podignite svoju opu\u0161tenost uz jedan jastuk koji mo\u017ee sve. Donesite ku\u0107i jastuk za krevet i otkrijte vrhunsku udobnost ve\u0107 danas!<\/p>","protected":false},"excerpt":{"rendered":"<ul>\n<li><strong>Vrhunska udobnost:<\/strong> Ovaj jastuk za uzglavlje nudi izvrsnu udobnost zahvaljuju\u0107i svom trokutastom obliku. Jastuk za potporu kreveta lijepo pristaje le\u0111ima i struku, smanjuju\u0107i pritisak na lumbalni dio\/le\u0111a. Ovaj klinasti jastuk za \u010ditanje mo\u017ee vam pomo\u0107i da ostanete bez napetosti u krevetu ili na kau\u010du, \u0161to je idealno za no\u0107ne ptice, knji\u0161ke moljke i gledanje televizije u krevetu. Ovaj ekstra veliki jastuk za podupiranje jedini je klinasti jastuk za uzglavlje koji mo\u017ee primiti dvije osobe.<\/li>\n<li><strong>Veliki jastuk za podupiranje 3 u 1:<\/strong> Jastuk mo\u017eete koristiti uspravno kao jastuk za uzglavlje kreveta za sjedenje u krevetu ili ga polo\u017eiti ravno na krevet kako biste ga koristili kao veliki klinasti jastuk kada spavate na le\u0111ima ili boku, ili kao jastuk za noge za podizanje nogu. Ako \u017eelite veliki jastuk za uzglavlje koji pru\u017ea potporu i vama i va\u0161em supru\u017eniku, to je izvrsna alternativa.<\/li>\n<li><strong>Vi\u0161enamjenski dizajn:<\/strong> Neki ljudi koriste veliki trokutasti jastuk kao jastuk za uzglavlje kreveta, dok ga drugi koriste kao jastuk za odbojnik, a mo\u017ee biti i jastuk za naslon kau\u010da ili dnevnog le\u017eaja. Elegantan je i funkcionalan, \u0161to ga \u010dini izvrsnim dodatkom svakoj spava\u0107oj sobi.<\/li>\n<li><strong>Vrhunska izrada:<\/strong> Jastu\u010dnica je izgleda korduroja, a sastav je 100% poliester. Na\u0161 jastuk za uzglavlje je prozra\u010dan i dovoljno udoban da zadr\u017ei svoj oblik i ne gubi ga s vremenom. Bo\u010dni d\u017eep sa svake strane omogu\u0107uje vam da ubacite knjigu ili telefon.<\/li>\n<li><strong>Lako se pere:<\/strong> Navlaka za jastuk za \u010ditanje pri\u010dvr\u0161\u0107ena je na jastuk gumbima i lako se skida jednostavnim patentnim zatvara\u010dem. To olak\u0161ava \u010di\u0161\u0107enje. Samo skinite navlaku i brzo operite u perilici rublja kako bi va\u0161 jastuk izgledao kao nov.<\/li>\n<li><strong>Veli\u010dina:<\/strong> 45 cm (D45 x \u016020 x V50 | 0 gumba), 60 cm (D60 x \u016020 x V50 | 0 gumba), 80 cm (D80 x \u016020 x V50 | 2 gumba), 100 cm (D100 x \u016020 x V50 | 3 gumba), 120 cm (D120 x \u016020 x V50 | 4 gumba), 140 cm (D140 x \u016020 x V50 | 4 gumba), 160 cm (D160 x \u016020 x V50 | 5 gumba), 180 cm (D180 x \u016020 x V50 | 6 gumba), 200 cm (D200 x \u016020 x V50 | 7 gumba).<\/li>\n<\/ul>","protected":false},"featured_media":137,"comment_status":"open","ping_status":"closed","template":"","meta":[],"product_brand":[],"product_cat":[15],"product_tag":[66,225,195,206,218,102,75,168,154,199,163,59],"class_list":{"0":"post-156","1":"product","2":"type-product","3":"status-publish","4":"has-post-thumbnail","6":"product_cat-large-wedge-pillow","7":"product_tag-back-support-pillow","8":"product_tag-bed-bolster-pillow","9":"product_tag-brown-pillow","10":"product_tag-bumper-pillow","11":"product_tag-corduroy-pillow","12":"product_tag-couch-pillow","13":"product_tag-daybed-pillow","14":"product_tag-headboard-pillow","15":"product_tag-large-body-pillow","16":"product_tag-large-wedge-pillow","17":"product_tag-leg-pillow","18":"product_tag-reading-pillow","20":"first","21":"instock","22":"featured","23":"shipping-taxable","24":"purchasable","25":"product-type-variable"},"_links":{"self":[{"href":"https:\/\/www.largepillow.com\/hr\/wp-json\/wp\/v2\/product\/156","targetHints":{"allow":["GET"]}}],"collection":[{"href":"https:\/\/www.largepillow.com\/hr\/wp-json\/wp\/v2\/product"}],"about":[{"href":"https:\/\/www.largepillow.com\/hr\/wp-json\/wp\/v2\/types\/product"}],"replies":[{"embeddable":true,"href":"https:\/\/www.largepillow.com\/hr\/wp-json\/wp\/v2\/comments?post=156"}],"wp:featuredmedia":[{"embeddable":true,"href":"https:\/\/www.largepillow.com\/hr\/wp-json\/wp\/v2\/media\/137"}],"wp:attachment":[{"href":"https:\/\/www.largepillow.com\/hr\/wp-json\/wp\/v2\/media?parent=156"}],"wp:term":[{"taxonomy":"product_brand","embeddable":true,"href":"https:\/\/www.largepillow.com\/hr\/wp-json\/wp\/v2\/product_brand?post=156"},{"taxonomy":"product_cat","embeddable":true,"href":"https:\/\/www.largepillow.com\/hr\/wp-json\/wp\/v2\/product_cat?post=156"},{"taxonomy":"product_tag","embeddable":true,"href":"https:\/\/www.largepillow.com\/hr\/wp-json\/wp\/v2\/product_tag?post=156"}],"curies":[{"name":"wp","href":"https:\/\/api.w.org\/{rel}","templated":true}]}}