{"id":16499,"date":"2026-02-08T03:20:01","date_gmt":"2026-02-08T03:20:01","guid":{"rendered":"https:\/\/www.largepillow.com\/product\/stylish-pouf-ottoman-footrest-multi-functional-marble-patterns-dark-green-marble"},"modified":"2026-02-11T02:58:28","modified_gmt":"2026-02-11T02:58:28","slug":"stylish-pouf-ottoman-footrest-multi-functional-marble-patterns-dark-green-marble","status":"publish","type":"product","link":"https:\/\/www.largepillow.com\/hr\/product\/stylish-pouf-ottoman-footrest-multi-functional-marble-patterns-dark-green-marble","title":{"rendered":"Stylish Pouf Ottoman Footrest &#8211; Multi-Functional &amp; Marble Patterns (Dark Green Marble)"},"content":{"rendered":"<p>Preobrazite svoj \u017eivotni prostor ovim svestranim i elegantnim tabureom u obliku kocke koji slu\u017ei i kao funkcionalni tabure i kao dekorativni detalj. S prekrasnim uzorcima koji stvaraju luksuznu, prirodnu estetiku, ovaj tabure mjeri 55*55*40 cm (22 x 22 x 17 in\u010da) - savr\u0161en je za bilo koji ambijent prostorije. Dizajn kocke prikazuje zamr\u0161ene vrtlo\u017ene uzorke u bogatim sme\u0111im i zlatnim tonovima, \u010dine\u0107i svaki komad jedinstveno prepoznatljivim. Izra\u0111en od visokokvalitetne pjenaste podloge, pru\u017ea udobnu potporu bilo da se koristi kao oslonac za noge, dodatno sjedalo ili bo\u010dni stoli\u0107. Moderan dizajn bez napora nadopunjuje razli\u010dite stilove interijera, od suvremenog do rustikalnog. Zna\u010dajna veli\u010dina \u010dini ga idealnim izborom za prakti\u010dnu upotrebu i kao upe\u010datljiv komad u ure\u0111enju va\u0161eg doma. Dostupan je u raznim uzorcima, s mogu\u0107nostima prilago\u0111enih dizajna koji odgovaraju va\u0161im specifi\u010dnim estetskim potrebama. Svestrana visina i \u010dvrsta konstrukcija osiguravaju da ovaj tabure mo\u017ee poslu\u017eiti u vi\u0161e namjena, od prakti\u010dnog oslonca za noge do improviziranog stoli\u0107a za kavu ili dodatnog sjedala prilikom ugo\u0161\u0107avanja gostiju.<\/p>","protected":false},"excerpt":{"rendered":"<ul>\n<li>Svestran dizajn: Moderni otoman u obliku kocke koji slu\u017ei kao tabure, dodatno sjedalo ili dekorativni element s upe\u010datljivim uzorkom godova.<\/li>\n<li>Premium veli\u010dina: Dimenzije 55*55*40 cm (22 x 22 x 17 in\u010da), idealno za dnevne sobe, spava\u0107e sobe ili bilo koji prostor kojem je potrebna elegantna funkcionalnost.<\/li>\n<li>Prilago\u0111ene opcije: Dostupno u raznim uzorcima s mogu\u0107no\u0161\u0107u privatnih prilago\u0111enih uzoraka koji odgovaraju va\u0161im jedinstvenim potrebama ure\u0111enja interijera.<\/li>\n<li>Udobna podr\u0161ka: Izra\u0111ena s visokokvalitetnim pjenastim punjenjem za optimalnu udobnost i izdr\u017eljivost uz zadr\u017eavanje oblika.<\/li>\n<li>Upe\u010datljiv komad: Prepoznatljiv uzorak u tonovima stvara privla\u010dan naglasak za ure\u0111enje bilo koje sobe.<\/li>\n<\/ul>","protected":false},"featured_media":16492,"comment_status":"open","ping_status":"closed","template":"","meta":[],"product_brand":[],"product_cat":[228],"product_tag":[],"class_list":{"0":"post-16499","1":"product","2":"type-product","3":"status-publish","4":"has-post-thumbnail","6":"product_cat-cushions","8":"first","9":"instock","10":"shipping-taxable","11":"purchasable","12":"product-type-simple"},"_links":{"self":[{"href":"https:\/\/www.largepillow.com\/hr\/wp-json\/wp\/v2\/product\/16499","targetHints":{"allow":["GET"]}}],"collection":[{"href":"https:\/\/www.largepillow.com\/hr\/wp-json\/wp\/v2\/product"}],"about":[{"href":"https:\/\/www.largepillow.com\/hr\/wp-json\/wp\/v2\/types\/product"}],"replies":[{"embeddable":true,"href":"https:\/\/www.largepillow.com\/hr\/wp-json\/wp\/v2\/comments?post=16499"}],"wp:featuredmedia":[{"embeddable":true,"href":"https:\/\/www.largepillow.com\/hr\/wp-json\/wp\/v2\/media\/16492"}],"wp:attachment":[{"href":"https:\/\/www.largepillow.com\/hr\/wp-json\/wp\/v2\/media?parent=16499"}],"wp:term":[{"taxonomy":"product_brand","embeddable":true,"href":"https:\/\/www.largepillow.com\/hr\/wp-json\/wp\/v2\/product_brand?post=16499"},{"taxonomy":"product_cat","embeddable":true,"href":"https:\/\/www.largepillow.com\/hr\/wp-json\/wp\/v2\/product_cat?post=16499"},{"taxonomy":"product_tag","embeddable":true,"href":"https:\/\/www.largepillow.com\/hr\/wp-json\/wp\/v2\/product_tag?post=16499"}],"curies":[{"name":"wp","href":"https:\/\/api.w.org\/{rel}","templated":true}]}}