{"id":16515,"date":"2026-02-08T03:29:28","date_gmt":"2026-02-08T03:29:28","guid":{"rendered":"https:\/\/www.largepillow.com\/product\/versatile-ottoman-foot-stool-modern-cube-pouf-for-home-decor-seating-yellow-wood-grain"},"modified":"2026-02-11T02:58:28","modified_gmt":"2026-02-11T02:58:28","slug":"versatile-ottoman-foot-stool-modern-cube-pouf-for-home-decor-seating-yellow-wood-grain","status":"publish","type":"product","link":"https:\/\/www.largepillow.com\/hr\/product\/versatile-ottoman-foot-stool-modern-cube-pouf-for-home-decor-seating-yellow-wood-grain","title":{"rendered":"Svestrani otomanski tabure, moderni kockasti puf za ure\u0111enje doma i sjedenje (\u017euti drveni uzorak)"},"content":{"rendered":"<p>Dimenzije ovog modernog otomana u obliku kocke su otprilike 55*55*40 cm (22\u2033 D x 22\u2033 \u0160 x 17\u2033 V). Ovaj otoman u obliku kocke pru\u017ea vam realisti\u010dniji izgled. Ovaj otoman nije samo oslonac za noge, mo\u017eete ga koristiti kao sjedalo, stoli\u0107 za kavu, pomo\u0107ni stoli\u0107 ili no\u0107ni ormari\u0107, mo\u017ee unijeti ugodnu prakti\u010dnost u va\u0161 svakodnevni \u017eivot, \u010dine\u0107i ga vi\u0161enamjenskim ukrasnim komadom koji se prilago\u0111ava potrebama va\u0161eg \u017eivotnog prostora.<\/p>","protected":false},"excerpt":{"rendered":"<ul>\n<li>Svestran dizajn: Moderni otoman u obliku kocke koji slu\u017ei kao tabure, dodatno sjedalo ili dekorativni element s upe\u010datljivim uzorkom drva.<\/li>\n<li>Premium veli\u010dina: Dimenzije 55*55*40 cm (22 x 22 x 17 in\u010da), idealno za dnevne sobe, spava\u0107e sobe ili bilo koji prostor kojem je potrebna elegantna funkcionalnost.<\/li>\n<li>Udobna podr\u0161ka: Izra\u0111ena s visokokvalitetnim pjenastim punjenjem za optimalnu udobnost i izdr\u017eljivost uz zadr\u017eavanje oblika.<\/li>\n<li>Upe\u010datljiv komad: Prepoznatljiv uzorak drva u tamnim i svijetlim tonovima stvara privla\u010dan naglasak za ure\u0111enje bilo koje sobe.<\/li>\n<li>Multiple Colors Available in various patterns with option to match your unique interior design needs.<\/li>\n<\/ul>","protected":false},"featured_media":16508,"comment_status":"open","ping_status":"closed","template":"","meta":[],"product_brand":[],"product_cat":[228],"product_tag":[],"class_list":{"0":"post-16515","1":"product","2":"type-product","3":"status-publish","4":"has-post-thumbnail","6":"product_cat-cushions","8":"first","9":"instock","10":"shipping-taxable","11":"purchasable","12":"product-type-simple"},"_links":{"self":[{"href":"https:\/\/www.largepillow.com\/hr\/wp-json\/wp\/v2\/product\/16515","targetHints":{"allow":["GET"]}}],"collection":[{"href":"https:\/\/www.largepillow.com\/hr\/wp-json\/wp\/v2\/product"}],"about":[{"href":"https:\/\/www.largepillow.com\/hr\/wp-json\/wp\/v2\/types\/product"}],"replies":[{"embeddable":true,"href":"https:\/\/www.largepillow.com\/hr\/wp-json\/wp\/v2\/comments?post=16515"}],"wp:featuredmedia":[{"embeddable":true,"href":"https:\/\/www.largepillow.com\/hr\/wp-json\/wp\/v2\/media\/16508"}],"wp:attachment":[{"href":"https:\/\/www.largepillow.com\/hr\/wp-json\/wp\/v2\/media?parent=16515"}],"wp:term":[{"taxonomy":"product_brand","embeddable":true,"href":"https:\/\/www.largepillow.com\/hr\/wp-json\/wp\/v2\/product_brand?post=16515"},{"taxonomy":"product_cat","embeddable":true,"href":"https:\/\/www.largepillow.com\/hr\/wp-json\/wp\/v2\/product_cat?post=16515"},{"taxonomy":"product_tag","embeddable":true,"href":"https:\/\/www.largepillow.com\/hr\/wp-json\/wp\/v2\/product_tag?post=16515"}],"curies":[{"name":"wp","href":"https:\/\/api.w.org\/{rel}","templated":true}]}}