{"id":16552,"date":"2026-02-08T07:50:38","date_gmt":"2026-02-08T07:50:38","guid":{"rendered":"https:\/\/www.largepillow.com\/product\/convertible-modular-floor-sofa-floor-pillow-couch-lounge-chair-for-home"},"modified":"2026-02-11T02:58:33","modified_gmt":"2026-02-11T02:58:33","slug":"modularni-podni-kauc-s-podnim-jastukom-za-kauc-fotelja-za-dom","status":"publish","type":"product","link":"https:\/\/www.largepillow.com\/hr\/product\/convertible-modular-floor-sofa-floor-pillow-couch-lounge-chair-for-home","title":{"rendered":"Modularna podna sofa, kau\u010d s jastukom za pod, fotelja za dom"},"content":{"rendered":"[zc_getpagecontent mb=&#8221;mb_aplus&#8221; apid=&#8221;156&#8243;]\n","protected":false},"excerpt":{"rendered":"<ul>\n<li>Modularni i prostorno \u0161tedljiv dizajn: Ovaj set od 4 podnih sofa uklju\u010duje 2 velika jastuka za sjedenje i 2 naslona \u2013 okvir nije potreban! Slobodno ih kombinirajte kao podnu sofu uz zid, koristite ih kao velike podne jastuke ili ih preuredite u fotelju, kutnu sofu ili le\u017eerni kutak za sjedenje kako bi odgovarali va\u0161em prostoru. Savr\u0161en za male stanove, spavaonice ili ugodne kutke, \u0161tedi prostor uz maksimalnu udobnost.<\/li>\n<li>Inspiriran tostom, stvoren za udobnost: Crpe\u0107i inspiraciju iz meke, zlatne teksture svje\u017ee pe\u010denog tosta, ova podna sofa ima toplu be\u017e-zlatnu boju i ultra mekano punjenje. \u010cim sjednete, osje\u0107at \u0107ete se kao da tonete u oblak opu\u0161tanja \u2013 idealno za stvaranje mirne, ugodne atmosfere u bilo kojoj prostoriji.<\/li>\n<li>Reverzibilne boje i vrhunska tkanina: Dvobojne reverzibilne navlake (naran\u010dasta i be\u017e) izra\u0111ene su od mekog nizozemskog bar\u0161una, pru\u017eaju\u0107i dva elegantna izgleda i ugodan dodir koji \u0107e se uklopiti u va\u0161 dekor.<\/li>\n<li>Udobnost poput oblaka, potpora: Svaki jastuk je obilno prepunjen pahuljastim PP pamukom, nude\u0107i debelo, potporno punjenje i izvrstan oporavak. Bez obzira \u010ditate li, igrate li igrice, drijemate li ili se opu\u0161tate, ova podna sofa pru\u017ea vrhunsku udobnost u razini tla.<\/li>\n<li>Fleksibilno i prenosivo: Lagan dizajn sa skrivenim ru\u010dkama olak\u0161ava premje\u0161tanje i preure\u0111enje. Modularni jastuci poti\u010du kreativnost i fleksibilnost u va\u0161em \u017eivotnom prostoru.<\/li>\n<li>Jednostavno odr\u017eavanje i postavljanje: Dolazi s uklonjivim, perivim navlakama za jednostavno \u010di\u0161\u0107enje. Set se isporu\u010duje vakuumski pakiran u dva odvojena pakiranja; ostavite 24 \u2013 72 sata da se potpuno pro\u0161iri nakon raspakiranja kako biste do\u017eivjeli njegovu pravu meko\u0107u.<\/li>\n<\/ul>","protected":false},"featured_media":16535,"comment_status":"open","ping_status":"closed","template":"","meta":[],"product_brand":[],"product_cat":[228],"product_tag":[],"class_list":{"0":"post-16552","1":"product","2":"type-product","3":"status-publish","4":"has-post-thumbnail","6":"product_cat-cushions","8":"first","9":"outofstock","10":"sold-individually","11":"shipping-taxable","12":"purchasable","13":"product-type-simple"},"_links":{"self":[{"href":"https:\/\/www.largepillow.com\/hr\/wp-json\/wp\/v2\/product\/16552","targetHints":{"allow":["GET"]}}],"collection":[{"href":"https:\/\/www.largepillow.com\/hr\/wp-json\/wp\/v2\/product"}],"about":[{"href":"https:\/\/www.largepillow.com\/hr\/wp-json\/wp\/v2\/types\/product"}],"replies":[{"embeddable":true,"href":"https:\/\/www.largepillow.com\/hr\/wp-json\/wp\/v2\/comments?post=16552"}],"wp:featuredmedia":[{"embeddable":true,"href":"https:\/\/www.largepillow.com\/hr\/wp-json\/wp\/v2\/media\/16535"}],"wp:attachment":[{"href":"https:\/\/www.largepillow.com\/hr\/wp-json\/wp\/v2\/media?parent=16552"}],"wp:term":[{"taxonomy":"product_brand","embeddable":true,"href":"https:\/\/www.largepillow.com\/hr\/wp-json\/wp\/v2\/product_brand?post=16552"},{"taxonomy":"product_cat","embeddable":true,"href":"https:\/\/www.largepillow.com\/hr\/wp-json\/wp\/v2\/product_cat?post=16552"},{"taxonomy":"product_tag","embeddable":true,"href":"https:\/\/www.largepillow.com\/hr\/wp-json\/wp\/v2\/product_tag?post=16552"}],"curies":[{"name":"wp","href":"https:\/\/api.w.org\/{rel}","templated":true}]}}