{"id":185,"date":"2022-09-15T06:35:24","date_gmt":"2022-09-15T06:35:24","guid":{"rendered":"https:\/\/www.largepillow.com\/product\/triangle-bolster-pillow"},"modified":"2025-11-05T02:15:26","modified_gmt":"2025-11-05T02:15:26","slug":"trokutasti-jastuk","status":"publish","type":"product","link":"https:\/\/www.largepillow.com\/hr\/product\/triangular-pillow","title":{"rendered":"Trokutasti jastuk"},"content":{"rendered":"<p>Otkrijte vrhunsku udobnost uz svestrani trokutasti jastuk<\/p>\n<p>Prepustite se neusporedivoj udobnosti s inovativnim trokutastim jastukom, dizajniranim za podizanje va\u0161eg iskustva opu\u0161tanja i potpore.<\/p>\n<p>Neusporediva udobnost i podr\u0161ka<\/p>\n<p>Ergonomski trokutasti oblik ovog jastuka za uzglavlje savr\u0161eno se prilago\u0111ava va\u0161im le\u0111ima i struku, pru\u017eaju\u0107i iznimnu potporu i smanjuju\u0107i pritisak na lumbalni dio. Bez obzira jeste li satima u krevetu i \u010ditate, radite ili gledate televiziju, ovaj jastuk osigurava opu\u0161ten polo\u017eaj bez napetosti.<\/p>\n<p>Vi\u0161enamjenski dizajn 3 u 1<\/p>\n<p>Iskoristite svestranost trokutastog jastuka. Koristite ga uspravno kao potporno uzglavlje, postavite ga vodoravno za bolji san kao klinasti jastuk ili podignite noge za bolju cirkulaciju kao jastuk za noge. To je savr\u0161eno rje\u0161enje za parove koji tra\u017ee vrhunsku udobnost u krevetu.<\/p>\n<p>Elegantno i funkcionalno<\/p>\n<p>Elegantni izgled korduroja i mekani poliesterski sastav jastu\u010dnice odi\u0161u elegancijom, a istovremeno pru\u017eaju prozra\u010dnost i udobnost. Jastuk bez napora odr\u017eava svoj oblik, osiguravaju\u0107i dugotrajnu udobnost i potporu. Bo\u010dni d\u017eepovi sa svake strane prakti\u010dno smje\u0161taju va\u0161 telefon ili knjigu.<\/p>\n<p>Jednostavno odr\u017eavanje<\/p>\n<p>\u010ci\u0161\u0107enje trokutastog jastuka je vrlo jednostavno. Njegova uklonjiva navlaka ima patentni zatvara\u010d za jednostavno pranje. Jednostavno je uklonite i operite u perilici rublja za temeljito \u010di\u0161\u0107enje koje \u0107e va\u0161 jastuk odr\u017eati svje\u017eim i privla\u010dnim.<\/p>\n<p>Iskustva kupaca<\/p>\n<p>Nemojte nam samo vjerovati na rije\u010d. Evo \u0161to ka\u017eu zadovoljni kupci:<\/p>\n<p>\u201cOvaj jastuk je nevjerojatan! Koristim ga kao jastuk za uzglavlje kreveta, tako je mekan i pru\u017ea dobru potporu. Obo\u017eavam boju korduroja i savr\u0161en je dodatak mojoj spava\u0107oj sobi.\u201d<br \/>\n\u201cSpavam na boku, a ovaj jastuk mi je spasio \u017eivot. Dr\u017ei mi glavu i vrat u ravnini, a primijetila sam i ogromnu razliku u kvaliteti sna.\u201d<br \/>\n\u201cObo\u017eavam svestranost ovog jastuka. Koristim ga kao jastuk za uzglavlje tijekom dana, a zatim ga spljo\u0161tim i koristim kao klinasti jastuk za spavanje. Tako je udoban i prakti\u010dan.\u201d<\/p>\n<p>Podignite svoju udobnost i opu\u0161tanje ve\u0107 danas uz trokutasti jastuk. Njegova neusporediva svestranost, vrhunska izrada i kvaliteta koju su odobrili kupci \u010dine ga neizostavnim dodatkom svakoj spava\u0107oj sobi.<\/p>","protected":false},"excerpt":{"rendered":"<ul>\n<li><strong>Vrhunska udobnost:<\/strong> Ovaj jastuk za uzglavlje nudi izvrsnu udobnost zahvaljuju\u0107i svom trokutastom obliku. Jastuk za potporu kreveta lijepo pristaje le\u0111ima i struku, smanjuju\u0107i pritisak na lumbalni dio\/le\u0111a. Ovaj klinasti jastuk za \u010ditanje mo\u017ee vam pomo\u0107i da ostanete bez napetosti u krevetu ili na kau\u010du, \u0161to je idealno za no\u0107ne ptice, knji\u0161ke moljke i gledanje televizije u krevetu. Ovaj ekstra veliki jastuk za podupiranje jedini je klinasti jastuk za uzglavlje koji mo\u017ee primiti dvije osobe.<\/li>\n<li><strong>Veliki jastuk za podupiranje 3 u 1:<\/strong> Jastuk mo\u017eete koristiti uspravno kao jastuk za uzglavlje kreveta za sjedenje u krevetu ili ga polo\u017eiti ravno na krevet kako biste ga koristili kao veliki klinasti jastuk kada spavate na le\u0111ima ili boku, ili kao jastuk za noge za podizanje nogu. Ako \u017eelite veliki jastuk za uzglavlje koji pru\u017ea potporu i vama i va\u0161em supru\u017eniku, to je izvrsna alternativa.<\/li>\n<li><strong>Vi\u0161enamjenski dizajn:<\/strong> Neki ljudi koriste veliki trokutasti jastuk kao jastuk za uzglavlje kreveta, dok ga drugi koriste kao jastuk za odbojnik, a mo\u017ee biti i jastuk za naslon kau\u010da ili dnevnog le\u017eaja. Elegantan je i funkcionalan, \u0161to ga \u010dini izvrsnim dodatkom svakoj spava\u0107oj sobi.<\/li>\n<li><strong>Vrhunska izrada:<\/strong> Jastu\u010dnica je izgleda korduroja, a sastav je 100% poliester. Na\u0161 jastuk za uzglavlje je prozra\u010dan i dovoljno udoban da zadr\u017ei svoj oblik i ne gubi ga s vremenom. Bo\u010dni d\u017eep sa svake strane omogu\u0107uje vam da ubacite knjigu ili telefon.<\/li>\n<li><strong>Lako se pere:<\/strong> Navlaka za jastuk za \u010ditanje pri\u010dvr\u0161\u0107ena je na jastuk gumbima i lako se skida jednostavnim patentnim zatvara\u010dem. To olak\u0161ava \u010di\u0161\u0107enje. Samo skinite navlaku i brzo operite u perilici rublja kako bi va\u0161 jastuk izgledao kao nov.<\/li>\n<li><strong>Veli\u010dina:<\/strong> 45 cm (D45 x \u016020 x V50 | 0 gumba), 60 cm (D60 x \u016020 x V50 | 0 gumba), 80 cm (D80 x \u016020 x V50 | 2 gumba), 100 cm (D100 x \u016020 x V50 | 3 gumba), 120 cm (D120 x \u016020 x V50 | 4 gumba), 140 cm (D140 x \u016020 x V50 | 4 gumba), 160 cm (D160 x \u016020 x V50 | 5 gumba), 180 cm (D180 x \u016020 x V50 | 6 gumba), 200 cm (D200 x \u016020 x V50 | 7 gumba).<\/li>\n<\/ul>","protected":false},"featured_media":166,"comment_status":"open","ping_status":"closed","template":"","meta":[],"product_brand":[],"product_cat":[15],"product_tag":[205,204,206,218,207,209,223,199,163,68],"class_list":{"0":"post-185","1":"product","2":"type-product","3":"status-publish","4":"has-post-thumbnail","6":"product_cat-large-wedge-pillow","7":"product_tag-back-support-headboard-pillow","8":"product_tag-bed-support-cushion","9":"product_tag-bumper-pillow","10":"product_tag-corduroy-pillow","11":"product_tag-daybed-backrest-bolster-pillow","12":"product_tag-extra-large-bolster-pillow","13":"product_tag-large-bolster","14":"product_tag-large-wedge-pillow","15":"product_tag-leg-pillow","16":"product_tag-wedge-reading-pillow","18":"first","19":"instock","20":"featured","21":"shipping-taxable","22":"purchasable","23":"product-type-variable"},"_links":{"self":[{"href":"https:\/\/www.largepillow.com\/hr\/wp-json\/wp\/v2\/product\/185","targetHints":{"allow":["GET"]}}],"collection":[{"href":"https:\/\/www.largepillow.com\/hr\/wp-json\/wp\/v2\/product"}],"about":[{"href":"https:\/\/www.largepillow.com\/hr\/wp-json\/wp\/v2\/types\/product"}],"replies":[{"embeddable":true,"href":"https:\/\/www.largepillow.com\/hr\/wp-json\/wp\/v2\/comments?post=185"}],"wp:featuredmedia":[{"embeddable":true,"href":"https:\/\/www.largepillow.com\/hr\/wp-json\/wp\/v2\/media\/166"}],"wp:attachment":[{"href":"https:\/\/www.largepillow.com\/hr\/wp-json\/wp\/v2\/media?parent=185"}],"wp:term":[{"taxonomy":"product_brand","embeddable":true,"href":"https:\/\/www.largepillow.com\/hr\/wp-json\/wp\/v2\/product_brand?post=185"},{"taxonomy":"product_cat","embeddable":true,"href":"https:\/\/www.largepillow.com\/hr\/wp-json\/wp\/v2\/product_cat?post=185"},{"taxonomy":"product_tag","embeddable":true,"href":"https:\/\/www.largepillow.com\/hr\/wp-json\/wp\/v2\/product_tag?post=185"}],"curies":[{"name":"wp","href":"https:\/\/api.w.org\/{rel}","templated":true}]}}