{"id":290,"date":"2022-09-15T22:35:06","date_gmt":"2022-09-15T22:35:06","guid":{"rendered":"https:\/\/www.largepillow.com\/product\/daybed-bolster-pillow"},"modified":"2025-11-05T02:15:26","modified_gmt":"2025-11-05T02:15:26","slug":"trokutasti-klinasti-jastuk","status":"publish","type":"product","link":"https:\/\/www.largepillow.com\/hr\/product\/triangular-wedge-pillow","title":{"rendered":"Jastuk s trokutastim klinom"},"content":{"rendered":"<p>Otkrijte vrhunsku udobnost s trokutastim klinastim jastukom<\/p>\n<p>Umorni ste od naprezanja le\u0111a i vrata dok \u010ditate ili gledate televiziju u krevetu? Predstavljamo vam Trokutasti klinasti jastuk \u2013 vi\u0161enamjenski jastuk koji opu\u0161tanje prije spavanja podi\u017ee na vi\u0161u razinu. <\/p>\n<p>Izra\u0111en od vrhunskih materijala, ovaj veliki jastuk za no\u0161enje mo\u017ee se pohvaliti izvrsnom udobno\u0161\u0107u zahvaljuju\u0107i ergonomskom trokutastom dizajnu koji poravnava va\u0161a le\u0111a i struk. Prozra\u010dna poliesterska navlaka i punjenje koje zadr\u017eava oblik pru\u017eaju mekanu, ali \u010dvrstu potporu, bilo da sjedite uspravno ili le\u017eite.<\/p>\n<p>Kupci ga vole koristiti na razne na\u010dine:<\/p>\n<p>\u201cKorostim ga svake ve\u010deri kao jastuk za naslon. Bol u donjem dijelu le\u0111a mi se znatno smanjila!\u201d<\/p>\n<p>\u201cDovoljno je \u0161irok da se ja i moja supruga mo\u017eemo udobno nasloniti. Nema vi\u0161e naprezanja vrata!\u201d  <\/p>\n<p>\u201cStavljam ga ispod nogu kako bih si olak\u0161ala probleme s cirkulacijom. Tako je udobno!\u201d<\/p>\n<p>S devet dostupnih veli\u010dina, sigurno \u0107ete prona\u0107i onu koja odgovara va\u0161im potrebama. U\u017eivajte u personaliziranoj udobnosti i potpori za \u010ditanje, rad, gledanje emisija ili jednostavno opu\u0161tanje u krevetu s ovim 3-u-1 jastukom za uzglavlje s klinastim uzorkom.  <\/p>\n<p>Donesite multifunkcionalnu relaksaciju ku\u0107i ve\u0107 danas!<\/p>","protected":false},"excerpt":{"rendered":"<ul>\n<li><strong>Vrhunska udobnost:<\/strong> Ovaj jastuk za uzglavlje nudi izvrsnu udobnost zahvaljuju\u0107i svom trokutastom obliku. Jastuk za potporu kreveta lijepo pristaje le\u0111ima i struku, smanjuju\u0107i pritisak na lumbalni dio\/le\u0111a. Ovaj klinasti jastuk za \u010ditanje mo\u017ee vam pomo\u0107i da ostanete bez napetosti u krevetu ili na kau\u010du, \u0161to je idealno za no\u0107ne ptice, knji\u0161ke moljke i gledanje televizije u krevetu. Ovaj ekstra veliki jastuk za podupiranje jedini je klinasti jastuk za uzglavlje koji mo\u017ee primiti dvije osobe.<\/li>\n<li><strong>Veliki jastuk za podupiranje 3 u 1:<\/strong> Jastuk mo\u017eete koristiti uspravno kao jastuk za uzglavlje kreveta za sjedenje u krevetu ili ga polo\u017eiti ravno na krevet kako biste ga koristili kao veliki klinasti jastuk kada spavate na le\u0111ima ili boku, ili kao jastuk za noge za podizanje nogu. Ako \u017eelite veliki jastuk za uzglavlje koji pru\u017ea potporu i vama i va\u0161em supru\u017eniku, to je izvrsna alternativa.<\/li>\n<li><strong>Vi\u0161enamjenski dizajn:<\/strong> Neki ljudi koriste veliki trokutasti jastuk kao jastuk za uzglavlje kreveta, dok ga drugi koriste kao jastuk za odbojnik, a mo\u017ee biti i jastuk za naslon kau\u010da ili dnevnog le\u017eaja. Elegantan je i funkcionalan, \u0161to ga \u010dini izvrsnim dodatkom svakoj spava\u0107oj sobi.<\/li>\n<li><strong>Vrhunska izrada:<\/strong> Jastu\u010dnica je izgleda korduroja, a sastav je 100% poliester. Na\u0161 jastuk za uzglavlje je prozra\u010dan i dovoljno udoban da zadr\u017ei svoj oblik i ne gubi ga s vremenom. Bo\u010dni d\u017eep sa svake strane omogu\u0107uje vam da ubacite knjigu ili telefon.<\/li>\n<li><strong>Lako se pere:<\/strong> Navlaka za jastuk za \u010ditanje pri\u010dvr\u0161\u0107ena je na jastuk gumbima i lako se skida jednostavnim patentnim zatvara\u010dem. To olak\u0161ava \u010di\u0161\u0107enje. Samo skinite navlaku i brzo operite u perilici rublja kako bi va\u0161 jastuk izgledao kao nov.<\/li>\n<li><strong>Veli\u010dina:<\/strong> 45 cm (D45 x \u016020 x V50 | 0 gumba), 60 cm (D60 x \u016020 x V50 | 0 gumba), 80 cm (D80 x \u016020 x V50 | 2 gumba), 100 cm (D100 x \u016020 x V50 | 3 gumba), 120 cm (D120 x \u016020 x V50 | 4 gumba), 140 cm (D140 x \u016020 x V50 | 4 gumba), 160 cm (D160 x \u016020 x V50 | 5 gumba), 180 cm (D180 x \u016020 x V50 | 6 gumba), 200 cm (D200 x \u016020 x V50 | 7 gumba).<\/li>\n<\/ul>","protected":false},"featured_media":271,"comment_status":"open","ping_status":"closed","template":"","meta":[],"product_brand":[],"product_cat":[15],"product_tag":[205,204,206,218,217,209,168,223,199,112,224,68],"class_list":{"0":"post-290","1":"product","2":"type-product","3":"status-publish","4":"has-post-thumbnail","6":"product_cat-large-wedge-pillow","7":"product_tag-back-support-headboard-pillow","8":"product_tag-bed-support-cushion","9":"product_tag-bumper-pillow","10":"product_tag-corduroy-pillow","11":"product_tag-daybed-backrest","12":"product_tag-extra-large-bolster-pillow","13":"product_tag-headboard-pillow","14":"product_tag-large-bolster","15":"product_tag-large-wedge-pillow","16":"product_tag-lumbar-support-pillow","17":"product_tag-red-pillow","18":"product_tag-wedge-reading-pillow","20":"first","21":"instock","22":"shipping-taxable","23":"purchasable","24":"product-type-variable"},"_links":{"self":[{"href":"https:\/\/www.largepillow.com\/hr\/wp-json\/wp\/v2\/product\/290","targetHints":{"allow":["GET"]}}],"collection":[{"href":"https:\/\/www.largepillow.com\/hr\/wp-json\/wp\/v2\/product"}],"about":[{"href":"https:\/\/www.largepillow.com\/hr\/wp-json\/wp\/v2\/types\/product"}],"replies":[{"embeddable":true,"href":"https:\/\/www.largepillow.com\/hr\/wp-json\/wp\/v2\/comments?post=290"}],"wp:featuredmedia":[{"embeddable":true,"href":"https:\/\/www.largepillow.com\/hr\/wp-json\/wp\/v2\/media\/271"}],"wp:attachment":[{"href":"https:\/\/www.largepillow.com\/hr\/wp-json\/wp\/v2\/media?parent=290"}],"wp:term":[{"taxonomy":"product_brand","embeddable":true,"href":"https:\/\/www.largepillow.com\/hr\/wp-json\/wp\/v2\/product_brand?post=290"},{"taxonomy":"product_cat","embeddable":true,"href":"https:\/\/www.largepillow.com\/hr\/wp-json\/wp\/v2\/product_cat?post=290"},{"taxonomy":"product_tag","embeddable":true,"href":"https:\/\/www.largepillow.com\/hr\/wp-json\/wp\/v2\/product_tag?post=290"}],"curies":[{"name":"wp","href":"https:\/\/api.w.org\/{rel}","templated":true}]}}