{"id":318,"date":"2022-09-15T22:37:09","date_gmt":"2022-09-15T22:37:09","guid":{"rendered":"https:\/\/www.largepillow.com\/product\/bed-bolster-wedge"},"modified":"2025-11-05T02:15:26","modified_gmt":"2025-11-05T02:15:26","slug":"jastuk-za-leda-za-krevet","status":"publish","type":"product","link":"https:\/\/www.largepillow.com\/hr\/product\/back-pillow-for-bed","title":{"rendered":"Jastuk za le\u0111a za krevet"},"content":{"rendered":"<p>Jastuk za krevet \u2013 vrhunski dodatak za udobnost za one koji vole \u010ditati, raditi ili gledati TV u krevetu!<\/p>\n<p>Ovaj jastuk za uzglavlje dizajniran je s jedinstvenim trokutastim oblikom, nude\u0107i izvrsnu udobnost i potporu va\u0161im le\u0111ima i struku, smanjuju\u0107i pritisak na lumbalni dio. Savr\u0161en je za no\u0107ne ptice, knjigoljupce i sve koji vole opu\u0161tanje u krevetu.<\/p>\n<p>Ono \u0161to ovaj jastuk \u010dini jo\u0161 boljim je njegov vi\u0161enamjenski dizajn. Mo\u017eete ga koristiti kao jastuk za potporu le\u0111a dok sjedite u krevetu, polo\u017eiti ga vodoravno i koristiti kao veliki klinasti jastuk kada spavate na le\u0111ima ili boku, ili \u010dak podi\u0107i noge pomo\u0107u njega kao jastuk za noge! To je jedini klinasti uzglavni jastuk koji mo\u017ee primiti dvije osobe.<\/p>\n<p>Izra\u0111ena vrhunskom izradom, jastu\u010dnica je izgleda korduroja, a sastav je 100% poliester, \u0161to je \u010dini prozra\u010dnom i udobnom te zadr\u017eava oblik tijekom vremena. Bo\u010dni d\u017eep sa svake strane omogu\u0107uje vam da unutra ubacite knjigu ili telefon.<\/p>\n<p>\u010ci\u0161\u0107enje je jednostavno jer je navlaka jastuka za \u010ditanje pri\u010dvr\u0161\u0107ena za jastuk gumbima, \u0161to olak\u0161ava skidanje jednostavnim patentnim zatvara\u010dem. Samo skinite navlaku i brzo operite u perilici rublja kako bi va\u0161 jastuk izgledao kao nov.<\/p>\n<p>Kako bi se prilagodio razli\u010ditim veli\u010dinama kreveta, ovaj jastuk dolazi u raznim veli\u010dinama \u2013 45 cm, 60 cm, 80 cm, 100 cm, 120 cm, 140 cm, 160 cm, 180 cm i 200 cm.<\/p>\n<p>Ne vjerujte nam samo na rije\u010d, evo nekoliko recenzija zadovoljnih kupaca:<\/p>\n<p>\u201cKupila sam ljubi\u010dasti i prekrasan je! Materijal je mekan i udoban, a savr\u0161ene je veli\u010dine za moj queen size krevet. Koristim ga svaku ve\u010der za \u010ditanje prije spavanja, hvala!\u201d<\/p>\n<p>\u201cJastuk za le\u0111a je izvrsne kvalitete. Kupila sam ga za mu\u017ea i mene i savr\u0161eno nam oboma odgovara. Nije ni pretvrd ni premekan, a materijal je jako lijep. Toplo preporu\u010dujem ovaj proizvod!\u201d<\/p>\n<p>\u201cOvaj proizvod je nadma\u0161io moja o\u010dekivanja! Vrlo je udoban i koristan u pru\u017eanju potpore mojim le\u0111ima i nogama. Jastu\u010dnica s izgledom korduroja tako\u0111er dodaje da\u0161ak stila mom krevetu!\u201d<\/p>\n<p>Zaklju\u010dno, jastuk za le\u0111a za krevet je svestran i udoban dodatak koji ne\u0107ete htjeti propustiti. Pa za\u0161to \u010dekati? Naru\u010dite svoj ve\u0107 danas i u\u017eivajte u vrhunskoj udobnosti!<\/p>","protected":false},"excerpt":{"rendered":"<ul>\n<li><strong>Vrhunska udobnost:<\/strong> Ovaj jastuk za uzglavlje nudi izvrsnu udobnost zahvaljuju\u0107i svom trokutastom obliku. Jastuk za potporu kreveta lijepo pristaje le\u0111ima i struku, smanjuju\u0107i pritisak na lumbalni dio\/le\u0111a. Ovaj klinasti jastuk za \u010ditanje mo\u017ee vam pomo\u0107i da ostanete bez napetosti u krevetu ili na kau\u010du, \u0161to je idealno za no\u0107ne ptice, knji\u0161ke moljke i gledanje televizije u krevetu. Ovaj ekstra veliki jastuk za podupiranje jedini je klinasti jastuk za uzglavlje koji mo\u017ee primiti dvije osobe.<\/li>\n<li><strong>Veliki jastuk za podupiranje 3 u 1:<\/strong> Jastuk mo\u017eete koristiti uspravno kao jastuk za uzglavlje kreveta za sjedenje u krevetu ili ga polo\u017eiti ravno na krevet kako biste ga koristili kao veliki klinasti jastuk kada spavate na le\u0111ima ili boku, ili kao jastuk za noge za podizanje nogu. Ako \u017eelite veliki jastuk za uzglavlje koji pru\u017ea potporu i vama i va\u0161em supru\u017eniku, to je izvrsna alternativa.<\/li>\n<li><strong>Vi\u0161enamjenski dizajn:<\/strong> Neki ljudi koriste veliki trokutasti jastuk kao jastuk za uzglavlje kreveta, dok ga drugi koriste kao jastuk za odbojnik, a mo\u017ee biti i jastuk za naslon kau\u010da ili dnevnog le\u017eaja. Elegantan je i funkcionalan, \u0161to ga \u010dini izvrsnim dodatkom svakoj spava\u0107oj sobi.<\/li>\n<li><strong>Vrhunska izrada:<\/strong> Jastu\u010dnica je izgleda korduroja, a sastav je 100% poliester. Na\u0161 jastuk za uzglavlje je prozra\u010dan i dovoljno udoban da zadr\u017ei svoj oblik i ne gubi ga s vremenom. Bo\u010dni d\u017eep sa svake strane omogu\u0107uje vam da ubacite knjigu ili telefon.<\/li>\n<li><strong>Lako se pere:<\/strong> Navlaka za jastuk za \u010ditanje pri\u010dvr\u0161\u0107ena je na jastuk gumbima i lako se skida jednostavnim patentnim zatvara\u010dem. To olak\u0161ava \u010di\u0161\u0107enje. Samo skinite navlaku i brzo operite u perilici rublja kako bi va\u0161 jastuk izgledao kao nov.<\/li>\n<li><strong>Veli\u010dina:<\/strong> 45 cm (D45 x \u016020 x V50 | 0 gumba), 60 cm (D60 x \u016020 x V50 | 0 gumba), 80 cm (D80 x \u016020 x V50 | 2 gumba), 100 cm (D100 x \u016020 x V50 | 3 gumba), 120 cm (D120 x \u016020 x V50 | 4 gumba), 140 cm (D140 x \u016020 x V50 | 4 gumba), 160 cm (D160 x \u016020 x V50 | 5 gumba), 180 cm (D180 x \u016020 x V50 | 6 gumba), 200 cm (D200 x \u016020 x V50 | 7 gumba).<\/li>\n<\/ul>","protected":false},"featured_media":300,"comment_status":"open","ping_status":"closed","template":"","meta":[],"product_brand":[],"product_cat":[15],"product_tag":[219,205,204,222,206,218,221,217,209,168,132,199,163,112,190,220,68],"class_list":{"0":"post-318","1":"product","2":"type-product","3":"status-publish","4":"has-post-thumbnail","6":"product_cat-large-wedge-pillow","7":"product_tag-back-pillow-for-bed","8":"product_tag-back-support-headboard-pillow","9":"product_tag-bed-support-cushion","10":"product_tag-breathable-pillow","11":"product_tag-bumper-pillow","12":"product_tag-corduroy-pillow","13":"product_tag-couch-backrest","14":"product_tag-daybed-backrest","15":"product_tag-extra-large-bolster-pillow","16":"product_tag-headboard-pillow","17":"product_tag-large-bolster-pillow","18":"product_tag-large-wedge-pillow","19":"product_tag-leg-pillow","20":"product_tag-lumbar-support-pillow","21":"product_tag-purple-pillow","22":"product_tag-wedge-headboard-pillow","23":"product_tag-wedge-reading-pillow","25":"first","26":"instock","27":"featured","28":"shipping-taxable","29":"purchasable","30":"product-type-variable"},"_links":{"self":[{"href":"https:\/\/www.largepillow.com\/hr\/wp-json\/wp\/v2\/product\/318","targetHints":{"allow":["GET"]}}],"collection":[{"href":"https:\/\/www.largepillow.com\/hr\/wp-json\/wp\/v2\/product"}],"about":[{"href":"https:\/\/www.largepillow.com\/hr\/wp-json\/wp\/v2\/types\/product"}],"replies":[{"embeddable":true,"href":"https:\/\/www.largepillow.com\/hr\/wp-json\/wp\/v2\/comments?post=318"}],"wp:featuredmedia":[{"embeddable":true,"href":"https:\/\/www.largepillow.com\/hr\/wp-json\/wp\/v2\/media\/300"}],"wp:attachment":[{"href":"https:\/\/www.largepillow.com\/hr\/wp-json\/wp\/v2\/media?parent=318"}],"wp:term":[{"taxonomy":"product_brand","embeddable":true,"href":"https:\/\/www.largepillow.com\/hr\/wp-json\/wp\/v2\/product_brand?post=318"},{"taxonomy":"product_cat","embeddable":true,"href":"https:\/\/www.largepillow.com\/hr\/wp-json\/wp\/v2\/product_cat?post=318"},{"taxonomy":"product_tag","embeddable":true,"href":"https:\/\/www.largepillow.com\/hr\/wp-json\/wp\/v2\/product_tag?post=318"}],"curies":[{"name":"wp","href":"https:\/\/api.w.org\/{rel}","templated":true}]}}