{"id":3222,"date":"2024-07-22T04:17:50","date_gmt":"2024-07-22T04:17:50","guid":{"rendered":"https:\/\/www.largepillow.com\/product\/car-seat-booster-seat-for-dogs-pet-travel-bed"},"modified":"2026-03-12T10:57:57","modified_gmt":"2026-03-12T10:57:57","slug":"autosjedalica-za-pse-putni-krevet-za-kucne-ljubimce","status":"publish","type":"product","link":"https:\/\/www.largepillow.com\/hr\/product\/car-seat-booster-seat-for-dogs-pet-travel-bed","title":{"rendered":"Autosjedalica za pse, putni krevet za ku\u0107ne ljubimce"},"content":{"rendered":"[zc_getpagecontent mb=&#8221;mb_aplus&#8221; apid=&#8221;37&#8243;]\n","protected":false},"excerpt":{"rendered":"<ul>\n<li><strong>Visokokvalitetni materijal<\/strong>Izra\u0111en od visokokvalitetnog pamu\u010dnog lana, prozra\u010dan i udoban, otporan na ugrize, izdr\u017eljiv i jednostavan za \u010di\u0161\u0107enje. Punjen vrhunskim poliesterom, visokokvalitetnom elasti\u010dno\u0161\u0107u, koji \u0107e pru\u017eiti \u010dvrstu potporu uz udobnost i meko\u0107u. Zadr\u017eava oblik i \u010dvrsto\u0107u za dugotrajnu upotrebu.<\/li>\n<li><strong>Vi\u0161enamjenska autosjedalica za pse<\/strong>Podesiva kop\u010da autosjedalice za pse mo\u017ee se koristiti i kao remen za ruku, \u0161to je prakti\u010dno za no\u0161enje na otvorenom, mo\u017ee se koristiti i kao krevet za pse kod ku\u0107e; mo\u017ee se koristiti i na sofi kako bi se za\u0161titila od o\u0161te\u0107enja od strane pasa.<\/li>\n<li><strong>Jednostavno za instalaciju<\/strong>Autosjedalica za pse male veli\u010dine dolazi s trakom za naslon sjedala, samo pri\u010dvrstite traku za naslon na stra\u017enju stranu prednjeg sjedala i podesite duljinu remena. Autosjedalica za pse srednje veli\u010dine mo\u017ee se postaviti tako da se dvije podesive prijenosne ru\u010dke objese na prednje i stra\u017enje sjedalo automobila, \u0161to je prikladno za razli\u010dite tipove automobila. Neklizaju\u0107a podloga sprje\u010dava klizanje autosjedalice u automobilu, pru\u017eaju\u0107i sigurnije okru\u017eenje za ku\u0107ne ljubimce.<\/li>\n<li><strong>Dimenzije sjedala<\/strong>Mala: 52 cm (duljina) x 52 cm (\u0161irina) x 42 cm (visina), Velika: 76 cm (duljina) x 52 cm (\u0161irina) x 39 cm (visina). Autosjedalica za pse veli\u010dine S prikladna je za prednja sjedala automobila. Autosjedalica za pse veli\u010dine L prikladna je za ugradnju na stra\u017enje sjedalo svih vrsta automobila. Autosjedalica za pse opremljena je sigurnosnim pojasevima kako bi se osigurala sigurnost va\u0161eg ljubimca i ne brinite da \u0107e vas ljubimac ometati tijekom vo\u017enje.<\/li>\n<li><strong>Jednostavno za \u010di\u0161\u0107enje<\/strong>Ova autosjedalica za ku\u0107ne ljubimce je potpuno odvojiva, ima nevidljive patentne zatvara\u010de na 4 ugla, samo otvorite patentni zatvara\u010d i izvadite PP pamuk, stavite navlaku za autosjedalicu u perilicu rublja radi \u010di\u0161\u0107enja; tako\u0111er mo\u017eete koristiti usisava\u010d za \u010di\u0161\u0107enje povr\u0161inskih ne\u010disto\u0107a ili dlaka s boostera za ku\u0107ne ljubimce tijekom svakodnevnog \u010di\u0161\u0107enja.<\/li>\n<li><strong>Topli savjeti<\/strong>Autosjedalica za pse vakuumski je pakirana za transport, tako da je punilo dodano vi\u0161e kako bi se odr\u017eao oblik sjedalice i osigurala njezina trajnost i funkcionalnost. Ako smatrate da je punilo autosjedalice za pse previ\u0161e za ku\u0107ne ljubimce, mo\u017eete sami ukloniti dio punila kako biste postigli \u017eeljenu razinu udobnosti za svog ljubimca. Nakon raspakiranja pri\u010dekajte 24-48 sati da se vrati u prvobitnu debljinu i oblik.<\/li>\n<\/ul>","protected":false},"featured_media":3569,"comment_status":"open","ping_status":"closed","template":"","meta":[],"product_brand":[],"product_cat":[227],"product_tag":[],"class_list":{"0":"post-3222","1":"product","2":"type-product","3":"status-publish","4":"has-post-thumbnail","6":"product_cat-pet-supplies","8":"first","9":"instock","10":"shipping-taxable","11":"purchasable","12":"product-type-variable","13":"has-default-attributes"},"_links":{"self":[{"href":"https:\/\/www.largepillow.com\/hr\/wp-json\/wp\/v2\/product\/3222","targetHints":{"allow":["GET"]}}],"collection":[{"href":"https:\/\/www.largepillow.com\/hr\/wp-json\/wp\/v2\/product"}],"about":[{"href":"https:\/\/www.largepillow.com\/hr\/wp-json\/wp\/v2\/types\/product"}],"replies":[{"embeddable":true,"href":"https:\/\/www.largepillow.com\/hr\/wp-json\/wp\/v2\/comments?post=3222"}],"wp:featuredmedia":[{"embeddable":true,"href":"https:\/\/www.largepillow.com\/hr\/wp-json\/wp\/v2\/media\/3569"}],"wp:attachment":[{"href":"https:\/\/www.largepillow.com\/hr\/wp-json\/wp\/v2\/media?parent=3222"}],"wp:term":[{"taxonomy":"product_brand","embeddable":true,"href":"https:\/\/www.largepillow.com\/hr\/wp-json\/wp\/v2\/product_brand?post=3222"},{"taxonomy":"product_cat","embeddable":true,"href":"https:\/\/www.largepillow.com\/hr\/wp-json\/wp\/v2\/product_cat?post=3222"},{"taxonomy":"product_tag","embeddable":true,"href":"https:\/\/www.largepillow.com\/hr\/wp-json\/wp\/v2\/product_tag?post=3222"}],"curies":[{"name":"wp","href":"https:\/\/api.w.org\/{rel}","templated":true}]}}