{"id":3259,"date":"2024-07-22T11:53:44","date_gmt":"2024-07-22T11:53:44","guid":{"rendered":"https:\/\/www.largepillow.com\/product\/face-down-pillow-prone-pillow-positioner-for-side-sleeping"},"modified":"2026-02-23T16:08:35","modified_gmt":"2026-02-23T16:08:35","slug":"pozicioniranje-jastuka-licem-prema-dolje-za-spavanje-na-boku","status":"publish","type":"product","link":"https:\/\/www.largepillow.com\/hr\/product\/face-down-pillow-prone-pillow-positioner-for-side-sleeping","title":{"rendered":"Pozicioner jastuka za spavanje licem prema dolje"},"content":{"rendered":"[zc_getpagecontent mb=&#8221;mb_aplus&#8221; apid=&#8221;140&#8243;]\n","protected":false},"excerpt":{"rendered":"<ul>\n<li><strong>Jedinstveni dizajn:<\/strong> Do\u017eivite inovativni dizajn na\u0161eg odvojivog jastuka s licem prema dolje. Pa\u017eljivo je izra\u0111en u skladu s ergonomskim principima, pru\u017eaju\u0107i optimalnu za\u0161titu za o\u010di, potporu za vrat i osiguravaju\u0107i miran i pomla\u0111uju\u0107i san.<\/li>\n<li><strong>Svestrani jastuk:<\/strong> Bilo da ste u uredu, tra\u017eite opu\u0161tanje uz masa\u017eu ili jednostavno \u017eelite udoban san, na\u0161 jastuk je dizajniran da zadovolji va\u0161e raznolike potrebe. Nudi iznimnu svestranost i mo\u017ee se koristiti u vi\u0161e okru\u017eenja za razli\u010dite svrhe.<\/li>\n<li><strong>Materijali vrhunske kvalitete:<\/strong> Va\u0161a udobnost i dobrobit nam su prioritet. Na\u0161 jastuk izra\u0111en je od prozra\u010dne tkanine od bambusovih vlakana, poznate po iznimnoj prozra\u010dnosti i meko\u0107i ugodnoj za ko\u017eu. Mje\u0161avina poliesterskih vlakana i punjenja od pjene visoke gusto\u0107e pru\u017ea vrhunsku potporu va\u0161em vratu i glavi, osiguravaju\u0107i udoban i dobro poduprti polo\u017eaj za spavanje.<\/li>\n<li><strong>Prakti\u010dan dizajn patentnog zatvara\u010da:<\/strong> Razumijemo va\u017enost jednostavnog odr\u017eavanja. Na\u0161 jastuk ima prakti\u010dan dizajn patentnog zatvara\u010da koji omogu\u0107uje jednostavno rastavljanje i pranje. Odr\u017eavajte svoj jastuk \u010distim i svje\u017eim, osiguravaju\u0107i higijenu i dugotrajnost.<\/li>\n<\/ul>","protected":false},"featured_media":3244,"comment_status":"open","ping_status":"closed","template":"","meta":[],"product_brand":[],"product_cat":[228],"product_tag":[],"class_list":{"0":"post-3259","1":"product","2":"type-product","3":"status-publish","4":"has-post-thumbnail","6":"product_cat-cushions","8":"first","9":"instock","10":"featured","11":"sold-individually","12":"shipping-taxable","13":"purchasable","14":"product-type-simple"},"_links":{"self":[{"href":"https:\/\/www.largepillow.com\/hr\/wp-json\/wp\/v2\/product\/3259","targetHints":{"allow":["GET"]}}],"collection":[{"href":"https:\/\/www.largepillow.com\/hr\/wp-json\/wp\/v2\/product"}],"about":[{"href":"https:\/\/www.largepillow.com\/hr\/wp-json\/wp\/v2\/types\/product"}],"replies":[{"embeddable":true,"href":"https:\/\/www.largepillow.com\/hr\/wp-json\/wp\/v2\/comments?post=3259"}],"wp:featuredmedia":[{"embeddable":true,"href":"https:\/\/www.largepillow.com\/hr\/wp-json\/wp\/v2\/media\/3244"}],"wp:attachment":[{"href":"https:\/\/www.largepillow.com\/hr\/wp-json\/wp\/v2\/media?parent=3259"}],"wp:term":[{"taxonomy":"product_brand","embeddable":true,"href":"https:\/\/www.largepillow.com\/hr\/wp-json\/wp\/v2\/product_brand?post=3259"},{"taxonomy":"product_cat","embeddable":true,"href":"https:\/\/www.largepillow.com\/hr\/wp-json\/wp\/v2\/product_cat?post=3259"},{"taxonomy":"product_tag","embeddable":true,"href":"https:\/\/www.largepillow.com\/hr\/wp-json\/wp\/v2\/product_tag?post=3259"}],"curies":[{"name":"wp","href":"https:\/\/api.w.org\/{rel}","templated":true}]}}