{"id":3314,"date":"2024-07-23T00:29:50","date_gmt":"2024-07-23T00:29:50","guid":{"rendered":"https:\/\/www.largepillow.com\/product\/bed-wedge-pillow-set-for-surgery-recovery-neck-and-back-support"},"modified":"2024-12-22T22:37:56","modified_gmt":"2024-12-22T22:37:56","slug":"set-jastuka-za-krevet-s-klinom-za-potporu-vrata-i-leda-za-oporavak-od-operacije","status":"publish","type":"product","link":"https:\/\/www.largepillow.com\/hr\/product\/bed-wedge-pillow-set-for-surgery-recovery-neck-and-back-support","title":{"rendered":"Set jastuka za oporavak od operacije, potporu za vrat i le\u0111a"},"content":{"rendered":"","protected":false},"excerpt":{"rendered":"<ul>\n<li><strong>Prilagodljiva udobnost:<\/strong> Na\u0161 podesivi klinasti jastuk sastoji se od dva dijela spojena zakrivljenom povr\u0161inom, \u0161to vam omogu\u0107uje jednostavno pode\u0161avanje kuta nagiba \u017eeljenoj razini udobnosti. Recite zbogom ograni\u010denjima fiksnih kutova od 30 i 60 stupnjeva i prilagodite kut svojoj visini i potrebama.<\/li>\n<li><strong>Potpuna udobnost:<\/strong> Na\u0161 set jastuka za vrat i klinastog jastuka pru\u017ea potpunu potporu i udobnost za va\u0161 vrat i le\u0111a. Klinasti jastuk prilago\u0111ava se oblinama va\u0161eg tijela, dok jastuk za vrat pru\u017ea ciljanu potporu. Bo\u010dne strane klinastog jastuka imaju \u010di\u010dak na dvije razli\u010dite visine za jednostavno pode\u0161avanje naslona za glavu.<\/li>\n<li><strong>Naslon za ruke i jastuk za noge:<\/strong> Naslonite se na na\u0161 klinasti jastuk i naslonite ruke na jastuke naslona za ruke s obje strane te ih pustite da prirodno vise niz luk naslona za ruke, ba\u0161 kao da sjedite na krevetu koriste\u0107i naslonja\u010d. Dva naslona za ruke mogu se spojiti i \u010di\u010dkom kako bi se stvorio jastuk za noge za povi\u0161enu potporu.<\/li>\n<li><strong>Vi\u0161enamjenski klinasti jastuk:<\/strong> Njegov sklopivi dizajn omogu\u0107uje oko 12 na\u010dina kori\u0161tenja. Koristite ga kao visoki kut za potporu le\u0111ima dok \u010ditate ili radite ili odaberite postupni nagib za spavanje kako biste ubla\u017eili hrkanje, nelagodu nakon operacije i refluks kiseline.<\/li>\n<\/ul>","protected":false},"featured_media":3299,"comment_status":"open","ping_status":"closed","template":"","meta":[],"product_brand":[],"product_cat":[228],"product_tag":[],"class_list":{"0":"post-3314","1":"product","2":"type-product","3":"status-publish","4":"has-post-thumbnail","6":"product_cat-cushions","8":"first","9":"outofstock","10":"featured","11":"shipping-taxable","12":"purchasable","13":"product-type-simple"},"_links":{"self":[{"href":"https:\/\/www.largepillow.com\/hr\/wp-json\/wp\/v2\/product\/3314","targetHints":{"allow":["GET"]}}],"collection":[{"href":"https:\/\/www.largepillow.com\/hr\/wp-json\/wp\/v2\/product"}],"about":[{"href":"https:\/\/www.largepillow.com\/hr\/wp-json\/wp\/v2\/types\/product"}],"replies":[{"embeddable":true,"href":"https:\/\/www.largepillow.com\/hr\/wp-json\/wp\/v2\/comments?post=3314"}],"wp:featuredmedia":[{"embeddable":true,"href":"https:\/\/www.largepillow.com\/hr\/wp-json\/wp\/v2\/media\/3299"}],"wp:attachment":[{"href":"https:\/\/www.largepillow.com\/hr\/wp-json\/wp\/v2\/media?parent=3314"}],"wp:term":[{"taxonomy":"product_brand","embeddable":true,"href":"https:\/\/www.largepillow.com\/hr\/wp-json\/wp\/v2\/product_brand?post=3314"},{"taxonomy":"product_cat","embeddable":true,"href":"https:\/\/www.largepillow.com\/hr\/wp-json\/wp\/v2\/product_cat?post=3314"},{"taxonomy":"product_tag","embeddable":true,"href":"https:\/\/www.largepillow.com\/hr\/wp-json\/wp\/v2\/product_tag?post=3314"}],"curies":[{"name":"wp","href":"https:\/\/api.w.org\/{rel}","templated":true}]}}