{"id":3344,"date":"2024-07-23T00:52:32","date_gmt":"2024-07-23T00:52:32","guid":{"rendered":"https:\/\/www.largepillow.com\/product\/versatile-and-durable-travel-dog-crate-for-medium-dogs"},"modified":"2024-10-03T16:31:25","modified_gmt":"2024-10-03T16:31:25","slug":"svestrana-i-izdrzljiva-putna-transportna-kutija-za-pse-srednje-velicine","status":"publish","type":"product","link":"https:\/\/www.largepillow.com\/hr\/product\/versatile-and-durable-travel-dog-crate-for-medium-dogs\/","title":{"rendered":"Svestrana i izdr\u017eljiva putna transportna kutija za pse srednje veli\u010dine"},"content":{"rendered":"[zc_getpagecontent mb=&#8221;mb_aplus&#8221; apid=&#8221;62&#8243;]\n","protected":false},"excerpt":{"rendered":"<ul>\n<li>BRZO SASTAVLJANJE U 20 SEKUNDI: Na\u0161a travek tennel za srednje pse ima jednostavan, sve-u-jednom dizajn koji eliminira potrebu za kompliciranom ugradnjom. Recite zbogom frustraciji sastavljanja i u\u017eivajte u prakti\u010dnosti jednostavnog postavljanja i skladi\u0161tenja.<\/li>\n<li>SVESTRANI DIZAJN ZAVJESE: kavez za pse dizajniran je s funkcionalno\u0161\u0107u na umu, na\u0161 putni kavez za pse dolazi sa zavjesom koja se mo\u017ee prilagoditi razli\u010ditim godi\u0161njim dobima. Za\u0161titite svog ljubimca od hladnih vjetrova tijekom zime i smotajte ga za optimalnu ventilaciju i udobnost tijekom ljetnih mjeseci.<\/li>\n<li>VI\u0160ENAMJENSKA UPOTREBA: Ovaj sklopivi kavez za pse nevjerojatno je svestran i mo\u017ee poslu\u017eiti kao ugodan dom za va\u0161eg krznenog prijatelja, sigurna transportna torba za ku\u0107ne ljubimce za putovanja automobilom, udoban \u0161ator za porod ili prijenosno vanjsko skloni\u0161te za avanture. U\u017eivajte u prakti\u010dnosti i udobnosti koju donosi, gdje god da idete.<\/li>\n<li>VRHUNSKI MATERIJALI KVALITETE: Ovaj srednji kavez za pse, izra\u0111en od izdr\u017eljive, vodootporne oksfordske tkanine, na\u0161 sklopivi kavez za pse izra\u0111en je da izdr\u017ei razli\u010dite vremenske uvjete. Oja\u010dani kutovi osiguravaju dulji vijek trajanja proizvoda, dok protuklizno dno pru\u017ea dodatnu stabilnost i sigurnost.<\/li>\n<li>PRAKTI\u010cAN BO\u010cNI D\u017dEP: Vanjski dio pse\u0107eg boksa opremljen je prakti\u010dnim bo\u010dnim d\u017eepom koji vam omogu\u0107uje jednostavno no\u0161enje bo\u010dice s vodom, grickalica, igra\u010daka i drugih potrep\u0161tina va\u0161eg ljubimca tijekom putovanja na otvorenom. Ostanite organizirani i spremni za svaku avanturu uz ovaj promi\u0161ljeni dizajnerski element.<\/li>\n<\/ul>","protected":false},"featured_media":3331,"comment_status":"open","ping_status":"closed","template":"","meta":[],"product_brand":[],"product_cat":[227],"product_tag":[],"class_list":{"0":"post-3344","1":"product","2":"type-product","3":"status-publish","4":"has-post-thumbnail","6":"product_cat-pet-supplies","8":"first","9":"outofstock","10":"featured","11":"shipping-taxable","12":"purchasable","13":"product-type-simple"},"_links":{"self":[{"href":"https:\/\/www.largepillow.com\/hr\/wp-json\/wp\/v2\/product\/3344","targetHints":{"allow":["GET"]}}],"collection":[{"href":"https:\/\/www.largepillow.com\/hr\/wp-json\/wp\/v2\/product"}],"about":[{"href":"https:\/\/www.largepillow.com\/hr\/wp-json\/wp\/v2\/types\/product"}],"replies":[{"embeddable":true,"href":"https:\/\/www.largepillow.com\/hr\/wp-json\/wp\/v2\/comments?post=3344"}],"wp:featuredmedia":[{"embeddable":true,"href":"https:\/\/www.largepillow.com\/hr\/wp-json\/wp\/v2\/media\/3331"}],"wp:attachment":[{"href":"https:\/\/www.largepillow.com\/hr\/wp-json\/wp\/v2\/media?parent=3344"}],"wp:term":[{"taxonomy":"product_brand","embeddable":true,"href":"https:\/\/www.largepillow.com\/hr\/wp-json\/wp\/v2\/product_brand?post=3344"},{"taxonomy":"product_cat","embeddable":true,"href":"https:\/\/www.largepillow.com\/hr\/wp-json\/wp\/v2\/product_cat?post=3344"},{"taxonomy":"product_tag","embeddable":true,"href":"https:\/\/www.largepillow.com\/hr\/wp-json\/wp\/v2\/product_tag?post=3344"}],"curies":[{"name":"radni list","href":"https:\/\/api.w.org\/{rel}","templated":true}]}}