{"id":3388,"date":"2024-07-23T01:37:07","date_gmt":"2024-07-23T01:37:07","guid":{"rendered":"https:\/\/www.largepillow.com\/product\/portable-neck-pillow-clothes-stuffable-ideal-for-trips"},"modified":"2025-04-02T07:09:22","modified_gmt":"2025-04-02T07:09:22","slug":"prijenosni-jastuk-za-vrat-punjiv-idealan-za-putovanja","status":"publish","type":"product","link":"https:\/\/www.largepillow.com\/hr\/product\/portable-neck-pillow-clothes-stuffable-ideal-for-trips\/","title":{"rendered":"Prijenosni jastuk za vrat, u koji se mo\u017ee staviti odje\u0107a, idealan za putovanja"},"content":{"rendered":"[zc_getpagecontent mb=&#8221;mb_aplus&#8221; apid=&#8221;75&#8243;]\n","protected":false},"excerpt":{"rendered":"<ul>\n<li><strong>Nema naknada za dodatnu prtljagu:<\/strong> Na\u0161i punjivi putni jastuci za vrat dizajnirani su za no\u0161enje predmeta koji ne stanu u ru\u010dnu ili osobnu prtljagu, bez pla\u0107anja dodatnih naknada za predanu prtljagu do $70, na\u0161 svestrani suputnik omogu\u0107uje vam da izbjegnete skupe naknade za prtljagu. Spakirajte do 3 dana odje\u0107e i osnovnih potrep\u0161tina u ovaj punjivi jastuk za vrat i nikada se vi\u0161e ne morate brinuti o naknadama za vi\u0161ak prtljage.<\/li>\n<li><strong>Udoban materijal:<\/strong>\u00a0Pokrivamo vas udobnim i vrhunskim materijalom. Jastuk za vrat za putovanja izra\u0111en je od spu\u017evaste kompozitne tkanine i pru\u017ea vam udoban dodir za bla\u017eeno iskustvo putovanja. Mo\u017eete u\u017eivati u udobnoj potpori za vrat i lumbalni dio tijela u avionima, automobilima, vlakovima, pa \u010dak i kao prakti\u010dna torba za no\u0161enje na biciklima i motociklima!<\/li>\n<li><strong>Svestranost i u\u0161teda prostora:<\/strong> Na\u0161 putni jastuk za punjenje odje\u0107e dolazi s podesivim remenom koji se mo\u017ee nositi preko ramena ili oko vrata. Bez obzira kre\u0107ete li na vikend odmor, kampiranje ili povoljno putovanje zrakoplovom, na\u0161 putni jastuk s podesivom veli\u010dinom vrata i dodatnim remenom za rame pojednostavljuje pakiranje i istovremeno maksimizira prostor za prtljagu.<\/li>\n<li><strong>Dizajn s automatskim punjenjem:<\/strong> Na\u0161i jastuci za vrat koji se mogu puniti za putovanja opremljeni su skrivenim bo\u010dnim patentnim zatvara\u010dima, a otvor za punjenje je dovoljno \u0161irok da ga mo\u017eete napuniti odje\u0107om i tako maksimalno iskoristiti prostor u prtljazi. Jastuk ne zauzima previ\u0161e prostora, \u0161to olak\u0161ava uredno i precizno slaganje odje\u0107e u jastuke za vrat. Kada se ne koriste, mogu se sklopiti u ravnu torbicu koja se mo\u017ee staviti u torbicu, ruksak ili \u010dak d\u017eep.<\/li>\n<li><strong>Osnovne stvari za putovanje:<\/strong> Sve je usmjereno na prakti\u010dnost i udobnost, ovaj mekani putni jastuk prilago\u0111en je raznim putovanjima, bilo da se radi o spontanom vikend bijegu, impresivnom kampiranju, okrepljuju\u0107im planinarenjima ili povoljnom putovanju zrakoplovom. Na\u0161 jastuk za vrat za putovanja mo\u017ee zadovoljiti va\u0161e potrebe i najbolji je putni jastuk za putnike.<\/li>\n<\/ul>","protected":false},"featured_media":3380,"comment_status":"open","ping_status":"closed","template":"","meta":[],"product_brand":[],"product_cat":[228],"product_tag":[],"class_list":{"0":"post-3388","1":"product","2":"type-product","3":"status-publish","4":"has-post-thumbnail","6":"product_cat-cushions","8":"first","9":"instock","10":"shipping-taxable","11":"purchasable","12":"product-type-simple"},"_links":{"self":[{"href":"https:\/\/www.largepillow.com\/hr\/wp-json\/wp\/v2\/product\/3388","targetHints":{"allow":["GET"]}}],"collection":[{"href":"https:\/\/www.largepillow.com\/hr\/wp-json\/wp\/v2\/product"}],"about":[{"href":"https:\/\/www.largepillow.com\/hr\/wp-json\/wp\/v2\/types\/product"}],"replies":[{"embeddable":true,"href":"https:\/\/www.largepillow.com\/hr\/wp-json\/wp\/v2\/comments?post=3388"}],"wp:featuredmedia":[{"embeddable":true,"href":"https:\/\/www.largepillow.com\/hr\/wp-json\/wp\/v2\/media\/3380"}],"wp:attachment":[{"href":"https:\/\/www.largepillow.com\/hr\/wp-json\/wp\/v2\/media?parent=3388"}],"wp:term":[{"taxonomy":"product_brand","embeddable":true,"href":"https:\/\/www.largepillow.com\/hr\/wp-json\/wp\/v2\/product_brand?post=3388"},{"taxonomy":"product_cat","embeddable":true,"href":"https:\/\/www.largepillow.com\/hr\/wp-json\/wp\/v2\/product_cat?post=3388"},{"taxonomy":"product_tag","embeddable":true,"href":"https:\/\/www.largepillow.com\/hr\/wp-json\/wp\/v2\/product_tag?post=3388"}],"curies":[{"name":"radni list","href":"https:\/\/api.w.org\/{rel}","templated":true}]}}