{"id":3464,"date":"2024-07-25T03:03:31","date_gmt":"2024-07-25T03:03:31","guid":{"rendered":"https:\/\/www.largepillow.com\/product\/small-dog-car-seat-with-safety-belt-for-front-seat"},"modified":"2024-12-09T09:08:30","modified_gmt":"2024-12-09T09:08:30","slug":"autosjedalica-za-male-pse-sa-sigurnosnim-pojasom-za-prednje-sjedalo","status":"publish","type":"product","link":"https:\/\/www.largepillow.com\/hr\/product\/small-dog-car-seat-with-safety-belt-for-front-seat","title":{"rendered":"Autosjedalica za male pse sa sigurnosnim pojasom za prednje sjedalo"},"content":{"rendered":"[zc_getpagecontent mb=&#8221;mb_aplus&#8221; apid=&#8221;78&#8243;]\n","protected":false},"excerpt":{"rendered":"<ul>\n<li><strong>Vrhunska sigurnost i za\u0161tita:<\/strong> Na\u0161a vodootporna autosjedalica za pse u sredi\u0161njoj konzoli nudi 4-struki sigurnosni sustav za\u0161tite, osiguravaju\u0107i sigurnost va\u0161eg malog psa ili ma\u010dke tijekom vo\u017enje automobilom. S dvostrukim sigurnosnim pojasevima koji se mogu pri\u010dvrstiti na voza\u010devo sjedalo, pojasom za vezivanje ku\u0107nih ljubimaca, fiksnim remenima za stabilnost i protukliznom bazom, mo\u017eete biti mirni znaju\u0107i da je va\u0161 ljubimac sigurno na mjestu.<\/li>\n<li><strong>Dizajn protiv anksioznosti:<\/strong> Na\u0161a autosjedalica za pse u sredi\u0161njoj konzoli ima dizajn s patentnim zatvara\u010dem na vrhu koji stvara zatvorenu autosjedalicu za pse, u\u010dinkovito ubla\u017eavaju\u0107i anksioznost ku\u0107nih ljubimaca i kontroliraju\u0107i preaktivne ku\u0107ne ljubimce, \u010dime se pove\u0107ava sigurnost vo\u017enje. U me\u0111uvremenu, dizajn omogu\u0107uje da pse\u0107a glava ostane vidljiva, pru\u017eaju\u0107i \u0161ire vidno polje kako bi va\u0161 ljubimac mogao u\u017eivati u krajoliku.<\/li>\n<li><strong>Dizajnirano za male ku\u0107ne ljubimce:<\/strong> Posebno dizajnirana za male pse i ma\u010dke te\u017eine manje od 5,9 kg, ova autosjedalica pru\u017ea ugodan i komforan prostor za va\u0161eg krznenog prijatelja. Sprje\u010dava ih da lutaju po automobilu, smanjuje ometanja i osigurava njihovu sigurnost tijekom putovanja. Tako\u0111er slu\u017ei kao transporter za male ku\u0107ne ljubimce, pru\u017eaju\u0107i prakti\u010dnost i fleksibilnost prilikom putovanja s va\u0161im krznenim prijateljem.<\/li>\n<li><strong>Prakti\u010dan dizajn:<\/strong> Osim \u0161to funkcionira kao autosjedalica za pse u sredi\u0161njoj konzoli, mo\u017ee se koristiti i kao nosa\u010d za male ku\u0107ne ljubimce, nude\u0107i prakti\u010dnost i svestranost tijekom putovanja s va\u0161im krznenim prijateljem. D\u017eepovi s obje strane prakti\u010dni su za prakti\u010dno pohranjivanje pse\u0107e opreme.<\/li>\n<li><strong>Udoban materijal:<\/strong> Ova autosjedalica za pse u sredi\u0161njoj konzoli izra\u0111ena je od mekane tkanine od umjetne bru\u0161ene ko\u017ee, koja je istovremeno elegantna i udobna. Unutra\u0161njost je oblo\u017eena super toplom pli\u0161anom tkaninom. Nema metalnog okvira, nema sigurnosnog rizika.<\/li>\n<\/ul>","protected":false},"featured_media":3450,"comment_status":"open","ping_status":"closed","template":"","meta":[],"product_brand":[],"product_cat":[227],"product_tag":[],"class_list":{"0":"post-3464","1":"product","2":"type-product","3":"status-publish","4":"has-post-thumbnail","6":"product_cat-pet-supplies","8":"first","9":"instock","10":"shipping-taxable","11":"purchasable","12":"product-type-simple"},"_links":{"self":[{"href":"https:\/\/www.largepillow.com\/hr\/wp-json\/wp\/v2\/product\/3464","targetHints":{"allow":["GET"]}}],"collection":[{"href":"https:\/\/www.largepillow.com\/hr\/wp-json\/wp\/v2\/product"}],"about":[{"href":"https:\/\/www.largepillow.com\/hr\/wp-json\/wp\/v2\/types\/product"}],"replies":[{"embeddable":true,"href":"https:\/\/www.largepillow.com\/hr\/wp-json\/wp\/v2\/comments?post=3464"}],"wp:featuredmedia":[{"embeddable":true,"href":"https:\/\/www.largepillow.com\/hr\/wp-json\/wp\/v2\/media\/3450"}],"wp:attachment":[{"href":"https:\/\/www.largepillow.com\/hr\/wp-json\/wp\/v2\/media?parent=3464"}],"wp:term":[{"taxonomy":"product_brand","embeddable":true,"href":"https:\/\/www.largepillow.com\/hr\/wp-json\/wp\/v2\/product_brand?post=3464"},{"taxonomy":"product_cat","embeddable":true,"href":"https:\/\/www.largepillow.com\/hr\/wp-json\/wp\/v2\/product_cat?post=3464"},{"taxonomy":"product_tag","embeddable":true,"href":"https:\/\/www.largepillow.com\/hr\/wp-json\/wp\/v2\/product_tag?post=3464"}],"curies":[{"name":"wp","href":"https:\/\/api.w.org\/{rel}","templated":true}]}}