{"id":347,"date":"2022-09-15T22:38:34","date_gmt":"2022-09-15T22:38:34","guid":{"rendered":"https:\/\/www.largepillow.com\/product\/bolster-headboard"},"modified":"2025-11-05T02:15:26","modified_gmt":"2025-11-05T02:15:26","slug":"jastuk-za-potporu-leda-2","status":"publish","type":"product","link":"https:\/\/www.largepillow.com\/hr\/product\/back-support-cushion","title":{"rendered":"Jastuk za potporu le\u0111a"},"content":{"rendered":"<p>Jastuk za le\u0111a \u2013 vrhunski pru\u017eatelj udobnosti za va\u0161 krevet ili kau\u010d. Ako ste no\u0107na ptica, knji\u0161ki moljac ili jednostavno volite gledati svoje omiljene serije u krevetu, ovaj veliki jastuk za uzglavlje savr\u0161en je za vas. Ovaj jastuk za uzglavlje ima trokutasti oblik koji \u010dvrsto prianja uz va\u0161a le\u0111a i struk, pru\u017eaju\u0107i olak\u0161anje od pritiska u donjem dijelu le\u0111a i le\u0111ima. To je jedini jastuk za uzglavlje s klinastim uzorkom koji mo\u017ee primiti dvije osobe, \u0161to ga \u010dini izvrsnom alternativom za dva odvojena jastuka.<\/p>\n<p>Ali to nije sve \u2013 ovaj jastuk za potporu le\u0111a dizajniran je da bude vi\u0161enamjenski. Mo\u017eete ga koristiti kao jastuk za potporu uzglavlja dok sjedite u krevetu, polo\u017eiti ga ravno na krevet kako biste ga koristili kao veliki klinasti jastuk kada spavate na le\u0111ima ili boku, ili ga \u010dak koristiti kao jastuk za noge kako biste podigli noge. Izvrsna je alternativa za parove kojima je potreban veliki jastuk za uzglavlje koji pru\u017ea potporu za oboje.<\/p>\n<p>Izra\u0111ena vrhunskom izradom, jastu\u010dnica ovog jastuka za \u010ditanje ima izgled korduroja od 100% poliestera, \u0161to je \u010dini prozra\u010dnom i dovoljno udobnom da zadr\u017ei svoj oblik tijekom vremena. Bo\u010dni d\u017eep sa svake strane omogu\u0107uje vam da u nju ubacite knjigu ili telefon, dr\u017ee\u0107i ih pri ruci dok se opu\u0161tate.<\/p>\n<p>\u010ci\u0161\u0107enje ovog jastuka za le\u0111a tako\u0111er je vrlo jednostavno. Navlaka jastuka za \u010ditanje pri\u010dvr\u0161\u0107ena je za jastuk gumbima i mo\u017ee se lako ukloniti jednostavnim patentnim zatvara\u010dem, \u0161to ga \u010dini jednostavnim za odr\u017eavanje \u010disto\u0107e. Samo skinite navlaku i brzo operite u perilici rublja kako bi va\u0161 jastuk izgledao kao nov.<\/p>\n<p>Ovaj proizvod dolazi u raznim veli\u010dinama od 45 cm do 200 cm kako bi se prilagodio razli\u010ditim veli\u010dinama kreveta. Mo\u017eete odabrati onaj koji odgovara va\u0161im potrebama i \u017eeljama.<\/p>\n<p>Kupci koji su kupili ovaj proizvod su odu\u0161evljeni. Jedan je kupac komentirao da je jastuk \u201csavr\u0161en za \u010ditanje i gledanje televizije u krevetu\u201d, dok je drugi rekao: \u201ckvaliteta proizvoda je izvrsna - definitivno vrijedi kupnje.\u201d S visokom ocjenom zadovoljstva kupaca, ovaj jastuk za potporu le\u0111a neophodan je za svakoga tko voli opu\u0161tati se u krevetu ili na kau\u010du.<\/p>\n<p>Zaklju\u010dno, jastuk za potporu le\u0111a elegantan je i funkcionalan dodatak svakoj spava\u0107oj sobi. Pru\u017ea izvrsnu udobnost i potporu, vi\u0161enamjenski je, jednostavan za \u010di\u0161\u0107enje i dolazi u raznim veli\u010dinama kako bi se prilagodio razli\u010ditim veli\u010dinama kreveta. Ne \u010dekajte \u2013 nabavite svoj ve\u0107 danas i do\u017eivite vrhunsku udobnost u svom krevetu ili sofi!<\/p>","protected":false},"excerpt":{"rendered":"<ul>\n<li><strong>Vrhunska udobnost:<\/strong> Ovaj jastuk za uzglavlje nudi izvrsnu udobnost zahvaljuju\u0107i svom trokutastom obliku. Jastuk za potporu kreveta lijepo pristaje le\u0111ima i struku, smanjuju\u0107i pritisak na lumbalni dio\/le\u0111a. Ovaj klinasti jastuk za \u010ditanje mo\u017ee vam pomo\u0107i da ostanete bez napetosti u krevetu ili na kau\u010du, \u0161to je idealno za no\u0107ne ptice, knji\u0161ke moljke i gledanje televizije u krevetu. Ovaj ekstra veliki jastuk za podupiranje jedini je klinasti jastuk za uzglavlje koji mo\u017ee primiti dvije osobe.<\/li>\n<li><strong>Veliki jastuk za podupiranje 3 u 1:<\/strong> Jastuk mo\u017eete koristiti uspravno kao jastuk za uzglavlje kreveta za sjedenje u krevetu ili ga polo\u017eiti ravno na krevet kako biste ga koristili kao veliki klinasti jastuk kada spavate na le\u0111ima ili boku, ili kao jastuk za noge za podizanje nogu. Ako \u017eelite veliki jastuk za uzglavlje koji pru\u017ea potporu i vama i va\u0161em supru\u017eniku, to je izvrsna alternativa.<\/li>\n<li><strong>Vi\u0161enamjenski dizajn:<\/strong> Neki ljudi koriste veliki trokutasti jastuk kao jastuk za uzglavlje kreveta, dok ga drugi koriste kao jastuk za odbojnik, a mo\u017ee biti i jastuk za naslon kau\u010da ili dnevnog le\u017eaja. Elegantan je i funkcionalan, \u0161to ga \u010dini izvrsnim dodatkom svakoj spava\u0107oj sobi.<\/li>\n<li><strong>Vrhunska izrada:<\/strong> Jastu\u010dnica je izgleda korduroja, a sastav je 100% poliester. Na\u0161 jastuk za uzglavlje je prozra\u010dan i dovoljno udoban da zadr\u017ei svoj oblik i ne gubi ga s vremenom. Bo\u010dni d\u017eep sa svake strane omogu\u0107uje vam da ubacite knjigu ili telefon.<\/li>\n<li><strong>Lako se pere:<\/strong> Navlaka za jastuk za \u010ditanje pri\u010dvr\u0161\u0107ena je na jastuk gumbima i lako se skida jednostavnim patentnim zatvara\u010dem. To olak\u0161ava \u010di\u0161\u0107enje. Samo skinite navlaku i brzo operite u perilici rublja kako bi va\u0161 jastuk izgledao kao nov.<\/li>\n<li><strong>Veli\u010dina:<\/strong> 45 cm (D45 x \u016020 x V50 | 0 gumba), 60 cm (D60 x \u016020 x V50 | 0 gumba), 80 cm (D80 x \u016020 x V50 | 2 gumba), 100 cm (D100 x \u016020 x V50 | 3 gumba), 120 cm (D120 x \u016020 x V50 | 4 gumba), 140 cm (D140 x \u016020 x V50 | 4 gumba), 160 cm (D160 x \u016020 x V50 | 5 gumba), 180 cm (D180 x \u016020 x V50 | 6 gumba), 200 cm (D200 x \u016020 x V50 | 7 gumba).<\/li>\n<\/ul>","protected":false},"featured_media":328,"comment_status":"open","ping_status":"closed","template":"","meta":[],"product_brand":[],"product_cat":[15],"product_tag":[117,204,218,217,168,132,199,143,182,68],"class_list":{"0":"post-347","1":"product","2":"type-product","3":"status-publish","4":"has-post-thumbnail","6":"product_cat-large-wedge-pillow","7":"product_tag-back-support-cushion","8":"product_tag-bed-support-cushion","9":"product_tag-corduroy-pillow","10":"product_tag-daybed-backrest","11":"product_tag-headboard-pillow","12":"product_tag-large-bolster-pillow","13":"product_tag-large-wedge-pillow","14":"product_tag-multifunctional-pillow","15":"product_tag-triangle-back-pillow","16":"product_tag-wedge-reading-pillow","18":"first","19":"instock","20":"shipping-taxable","21":"purchasable","22":"product-type-variable"},"_links":{"self":[{"href":"https:\/\/www.largepillow.com\/hr\/wp-json\/wp\/v2\/product\/347","targetHints":{"allow":["GET"]}}],"collection":[{"href":"https:\/\/www.largepillow.com\/hr\/wp-json\/wp\/v2\/product"}],"about":[{"href":"https:\/\/www.largepillow.com\/hr\/wp-json\/wp\/v2\/types\/product"}],"replies":[{"embeddable":true,"href":"https:\/\/www.largepillow.com\/hr\/wp-json\/wp\/v2\/comments?post=347"}],"wp:featuredmedia":[{"embeddable":true,"href":"https:\/\/www.largepillow.com\/hr\/wp-json\/wp\/v2\/media\/328"}],"wp:attachment":[{"href":"https:\/\/www.largepillow.com\/hr\/wp-json\/wp\/v2\/media?parent=347"}],"wp:term":[{"taxonomy":"product_brand","embeddable":true,"href":"https:\/\/www.largepillow.com\/hr\/wp-json\/wp\/v2\/product_brand?post=347"},{"taxonomy":"product_cat","embeddable":true,"href":"https:\/\/www.largepillow.com\/hr\/wp-json\/wp\/v2\/product_cat?post=347"},{"taxonomy":"product_tag","embeddable":true,"href":"https:\/\/www.largepillow.com\/hr\/wp-json\/wp\/v2\/product_tag?post=347"}],"curies":[{"name":"wp","href":"https:\/\/api.w.org\/{rel}","templated":true}]}}