{"id":3481,"date":"2024-07-25T03:14:13","date_gmt":"2024-07-25T03:14:13","guid":{"rendered":"https:\/\/www.largepillow.com\/product\/oversized-floor-recliner-mat-for-gaming-reading-resting"},"modified":"2024-10-03T16:31:25","modified_gmt":"2024-10-03T16:31:25","slug":"predimenzionirana-podloga-za-lezanje-na-podu-za-igranje-citanje-i-odmaranje","status":"publish","type":"product","link":"https:\/\/www.largepillow.com\/hr\/product\/oversized-floor-recliner-mat-for-gaming-reading-resting\/","title":{"rendered":"Predimenzionirana podna prostirka za igranje, \u010ditanje i odmor"},"content":{"rendered":"[zc_getpagecontent mb=&#8221;mb_aplus&#8221; apid=&#8221;77&#8243;]\n","protected":false},"excerpt":{"rendered":"<ul>\n<li><strong>VRHUNSKA UDOBNOST:<\/strong> U\u017eivajte u neusporedivoj udobnosti s Muffin Grand sofom. S nadstre\u0161nicom od ze\u010djeg krzna i punjenjem od visokootporne pjene, ova sofa osigurava maksimalnu udobnost bez obzira sjedite li i \u010ditate knjigu, gledate televiziju ili se samo opu\u0161tate nakon napornog dana.<\/li>\n<li><strong>VRHUNSKA IZRADA:<\/strong> Ova kutna sofa ima nadstavak od ze\u010djeg krzna i punjenje od visokootporne pjene, kombiniraju\u0107i prakti\u010dnost i udobnost za luksuzno i izdr\u017eljivo iskustvo. Jednostavna je za rastavljanje i sastavljanje, osiguravaju\u0107i trajnu eleganciju u svakoj prostoriji.<\/li>\n<li><strong>STABILNA PODR\u0160KA:<\/strong> U\u017eivajte u mirnom opu\u0161tanju uz na\u0161u podnu sofu. Pjena visoke gusto\u0107e pru\u017ea izvrsnu potporu i ubla\u017eavanje koje prati obline tijela i ubla\u017eava pritisne to\u010dke. Stabilnost sklopive sofe osigurava sigurnost i pouzdanost, omogu\u0107uju\u0107i vam dugotrajnu udobnost i izdr\u017eljivost.<\/li>\n<li><strong>JEDINSTVEN DIZAJN I JEDNOSTAVNO \u010cI\u0160\u0106ENJE:<\/strong> Ova sofa nije samo udobna, ve\u0107 se i lako \u010disti. Nevidljivi patentni zatvara\u010d lako se skida i \u010disti, odr\u017eavaju\u0107i sofu urednom. Omogu\u0107uje vam udobno u\u017eivanje u slobodnom vremenu.<\/li>\n<li><strong>IDEALNA VELI\u010cINA ZA UDOBNOST:<\/strong> Na\u0161a sklopiva sofa ima dimenzije 280 x 99 cm, \u0161to je idealna veli\u010dina za naslonja\u010d, a lako se pohranjuje i \u0161tedi prostor.<\/li>\n<\/ul>","protected":false},"featured_media":3465,"comment_status":"open","ping_status":"closed","template":"","meta":[],"product_brand":[],"product_cat":[228],"product_tag":[],"class_list":{"0":"post-3481","1":"product","2":"type-product","3":"status-publish","4":"has-post-thumbnail","6":"product_cat-cushions","8":"first","9":"instock","10":"shipping-taxable","11":"purchasable","12":"product-type-simple"},"_links":{"self":[{"href":"https:\/\/www.largepillow.com\/hr\/wp-json\/wp\/v2\/product\/3481","targetHints":{"allow":["GET"]}}],"collection":[{"href":"https:\/\/www.largepillow.com\/hr\/wp-json\/wp\/v2\/product"}],"about":[{"href":"https:\/\/www.largepillow.com\/hr\/wp-json\/wp\/v2\/types\/product"}],"replies":[{"embeddable":true,"href":"https:\/\/www.largepillow.com\/hr\/wp-json\/wp\/v2\/comments?post=3481"}],"wp:featuredmedia":[{"embeddable":true,"href":"https:\/\/www.largepillow.com\/hr\/wp-json\/wp\/v2\/media\/3465"}],"wp:attachment":[{"href":"https:\/\/www.largepillow.com\/hr\/wp-json\/wp\/v2\/media?parent=3481"}],"wp:term":[{"taxonomy":"product_brand","embeddable":true,"href":"https:\/\/www.largepillow.com\/hr\/wp-json\/wp\/v2\/product_brand?post=3481"},{"taxonomy":"product_cat","embeddable":true,"href":"https:\/\/www.largepillow.com\/hr\/wp-json\/wp\/v2\/product_cat?post=3481"},{"taxonomy":"product_tag","embeddable":true,"href":"https:\/\/www.largepillow.com\/hr\/wp-json\/wp\/v2\/product_tag?post=3481"}],"curies":[{"name":"radni list","href":"https:\/\/api.w.org\/{rel}","templated":true}]}}