{"id":3508,"date":"2024-07-25T03:34:29","date_gmt":"2024-07-25T03:34:29","guid":{"rendered":"https:\/\/www.largepillow.com\/product\/large-folding-daybed-sofa-with-adjustable-headboard"},"modified":"2024-10-03T16:31:25","modified_gmt":"2024-10-03T16:31:25","slug":"velika-sklopiva-sofa-na-razvlacenje-s-podesivim-uzglavljem","status":"publish","type":"product","link":"https:\/\/www.largepillow.com\/hr\/product\/large-folding-daybed-sofa-with-adjustable-headboard","title":{"rendered":"Velika sklopiva sofa na razvla\u010denje s podesivim uzglavljem"},"content":{"rendered":"","protected":false},"excerpt":{"rendered":"<ul>\n<li>VRHUNSKA UDOBNOST: U\u017eivajte u neusporedivoj udobnosti s podesivim kau\u010dem na razvla\u010denje uz krevet. S navlakom od poliesterskog lana i punjenjem od visokootporne pjene, ovaj sklopivi kau\u010d osigurava maksimalnu udobnost, bilo da sjedite i opu\u0161tate se, gledate TV ili se odmarate nakon napornog dana.<\/li>\n<li>VRHUNSKA IZRADA: S navlakom od poliesterskog lana i punjenjem od visokootporne pjene, ova kutna sofa kombinira prakti\u010dnost i udobnost za luksuzno i izdr\u017eljivo iskustvo. Jednostavna je za rastavljanje i sastavljanje, osiguravaju\u0107i trajnu eleganciju u svakoj prostoriji.<\/li>\n<li>STABILNA POTPORA: U\u017eivajte u mirnom opu\u0161tanju uz na\u0161u podnu sofu. Pjena visoke gusto\u0107e pru\u017ea izvrsnu potporu i ubla\u017eavanje koje prati obline tijela i ubla\u017eava pritisne to\u010dke. Stabilnost sklopive sofe osigurava sigurnost i pouzdanost, omogu\u0107uju\u0107i vam dugotrajnu udobnost i izdr\u017eljivost.<\/li>\n<li>JEDINSTVEN DIZAJN I JEDNOSTAVNO \u010cI\u0160\u0106ENJE: Ova sofa nije samo udobna, ve\u0107 se i lako \u010disti. Nevidljivi patentni zatvara\u010d lako se skida i \u010disti, odr\u017eavaju\u0107i sofu urednom. Omogu\u0107uje vam udobno u\u017eivanje u slobodnom vremenu.<\/li>\n<li>IDEALNA VELI\u010cINA ZA UDOBNOST: Na\u0161a sklopiva sofa ima dimenzije 190*76*55 cm, \u0161to je idealna veli\u010dina za naslonja\u010d, a lako se pohranjuje i \u0161tedi prostor.<\/li>\n<\/ul>","protected":false},"featured_media":3492,"comment_status":"open","ping_status":"closed","template":"","meta":[],"product_brand":[],"product_cat":[228],"product_tag":[],"class_list":{"0":"post-3508","1":"product","2":"type-product","3":"status-publish","4":"has-post-thumbnail","6":"product_cat-cushions","8":"first","9":"outofstock","10":"shipping-taxable","11":"purchasable","12":"product-type-simple"},"_links":{"self":[{"href":"https:\/\/www.largepillow.com\/hr\/wp-json\/wp\/v2\/product\/3508","targetHints":{"allow":["GET"]}}],"collection":[{"href":"https:\/\/www.largepillow.com\/hr\/wp-json\/wp\/v2\/product"}],"about":[{"href":"https:\/\/www.largepillow.com\/hr\/wp-json\/wp\/v2\/types\/product"}],"replies":[{"embeddable":true,"href":"https:\/\/www.largepillow.com\/hr\/wp-json\/wp\/v2\/comments?post=3508"}],"wp:featuredmedia":[{"embeddable":true,"href":"https:\/\/www.largepillow.com\/hr\/wp-json\/wp\/v2\/media\/3492"}],"wp:attachment":[{"href":"https:\/\/www.largepillow.com\/hr\/wp-json\/wp\/v2\/media?parent=3508"}],"wp:term":[{"taxonomy":"product_brand","embeddable":true,"href":"https:\/\/www.largepillow.com\/hr\/wp-json\/wp\/v2\/product_brand?post=3508"},{"taxonomy":"product_cat","embeddable":true,"href":"https:\/\/www.largepillow.com\/hr\/wp-json\/wp\/v2\/product_cat?post=3508"},{"taxonomy":"product_tag","embeddable":true,"href":"https:\/\/www.largepillow.com\/hr\/wp-json\/wp\/v2\/product_tag?post=3508"}],"curies":[{"name":"wp","href":"https:\/\/api.w.org\/{rel}","templated":true}]}}