{"id":3516,"date":"2024-07-25T03:42:01","date_gmt":"2024-07-25T03:42:01","guid":{"rendered":"https:\/\/www.largepillow.com\/product\/ear-piercing-pillow-for-side-sleepers-memory-foam-with-holes"},"modified":"2026-04-06T12:03:16","modified_gmt":"2026-04-06T12:03:16","slug":"jastuk-za-busenje-usiju-za-spavanje-na-boku-od-memorijske-pjene-s-rupama","status":"publish","type":"product","link":"https:\/\/www.largepillow.com\/hr\/product\/ear-piercing-pillow-for-side-sleepers-memory-foam-with-holes","title":{"rendered":"Jastuk za bu\u0161enje u\u0161iju od memorijske pjene s rupama za spavanje na boku"},"content":{"rendered":"[zc_getpagecontent mb=&#8221;mb_aplus&#8221; apid=&#8221;65&#8243;]\n","protected":false},"excerpt":{"rendered":"<ul>\n<li><strong>Detalji veli\u010dine:<\/strong> Promjer jastu\u010di\u0107a za u\u0161i je oko 54*35*10 cm u duljinu i \u0161irinu, unutarnji promjer otvora za uho je oko 15*10 cm u duljinu i \u0161irinu, dva velika otvora zna\u010de ve\u0107u udobnost, na\u0161 jastuk gotovo ne vr\u0161i pritisak na va\u0161e u\u0161i, omogu\u0107uje va\u0161em vratu i glavi da se potpuno opuste i eliminiraju napetost i stres, tako da mo\u017eete brzo u\u0107i u stanje spavanja, a istovremeno je dovoljno velik da primi slu\u0161alice za dodatnu udobnost i prakti\u010dnost.<\/li>\n<li><strong>Vrhunska udobnost za u\u0161i:<\/strong> Jastuk za bu\u0161enje u\u0161iju izra\u0111en je od memorijske pjene koja je mekana i pru\u017ea dobre potporne karakteristike, omogu\u0107uju\u0107i spavanje kao na oblaku. Jastu\u010dnica je izra\u0111ena od pamu\u010dne tkanine zra\u010dnog sloja, koja je mekana, prozra\u010dna i hladi. Svi materijali su ugodni za ko\u017eu i sigurni, zbog \u010dega \u0107ete se ujutro probuditi blistavog lica.<\/li>\n<li><strong>Olak\u0161anje bolova u uhu:<\/strong> Jastuk za bu\u0161enje uha vrlo je koristan za ubla\u017eavanje bolova u uhu tijekom spavanja. Kada imate bu\u0161eno uho ili ozljedu uha. Kada ste navikli nositi \u010depi\u0107e za u\u0161i ili slu\u0161alice za spavanje, daleko od buke ili hrkanja va\u0161eg partnera, ovaj jastuk za u\u0161nu rupu posebno je iznena\u0111enje za vas, pru\u017eaju\u0107i vam miran san ili zaspati uz glazbu bez ikakvih bolova u uhu.<\/li>\n<li><strong>Svestran dizajn:<\/strong> Bo\u010dni dio jastuka za piercing s dvostrukim otvorom za u\u0161i za osobe koje spavaju na boku, nose piercing na u\u0161ima i slu\u0161alice, poma\u017ee u ubla\u017eavanju bolova u u\u0161ima. A dio za spavanje na le\u0111ima podupire va\u0161 vrat za cjelono\u0107ni slatki san. Zakrivljeni dizajn konture za ergonomskije pristajanje oko vrata i ramena, mala rupa u sredini jastuka savr\u0161eno pristaje va\u0161im u\u0161ima, pru\u017eaju\u0107i vam ugodno iskustvo spavanja.<\/li>\n<li><strong>\u0160iroka primjena:<\/strong> Jastuk za bu\u0161enje u\u0161iju vi\u0161e je od obi\u010dnog jastuka; to je cjelovito rje\u0161enje. Veliki otvor za uho udobno smje\u0161ta nau\u0161nice, slu\u0161ne aparate, \u010depi\u0107e za u\u0161i s poni\u0161tavanjem buke i slu\u0161alice, \u0161to ga \u010dini idealnim izborom za one s razli\u010ditim potrebama vezanim uz u\u0161i.<\/li>\n<\/ul>","protected":false},"featured_media":3509,"comment_status":"open","ping_status":"closed","template":"","meta":[],"product_brand":[],"product_cat":[228],"product_tag":[],"class_list":{"0":"post-3516","1":"product","2":"type-product","3":"status-publish","4":"has-post-thumbnail","6":"product_cat-cushions","8":"first","9":"instock","10":"shipping-taxable","11":"purchasable","12":"product-type-simple"},"_links":{"self":[{"href":"https:\/\/www.largepillow.com\/hr\/wp-json\/wp\/v2\/product\/3516","targetHints":{"allow":["GET"]}}],"collection":[{"href":"https:\/\/www.largepillow.com\/hr\/wp-json\/wp\/v2\/product"}],"about":[{"href":"https:\/\/www.largepillow.com\/hr\/wp-json\/wp\/v2\/types\/product"}],"replies":[{"embeddable":true,"href":"https:\/\/www.largepillow.com\/hr\/wp-json\/wp\/v2\/comments?post=3516"}],"wp:featuredmedia":[{"embeddable":true,"href":"https:\/\/www.largepillow.com\/hr\/wp-json\/wp\/v2\/media\/3509"}],"wp:attachment":[{"href":"https:\/\/www.largepillow.com\/hr\/wp-json\/wp\/v2\/media?parent=3516"}],"wp:term":[{"taxonomy":"product_brand","embeddable":true,"href":"https:\/\/www.largepillow.com\/hr\/wp-json\/wp\/v2\/product_brand?post=3516"},{"taxonomy":"product_cat","embeddable":true,"href":"https:\/\/www.largepillow.com\/hr\/wp-json\/wp\/v2\/product_cat?post=3516"},{"taxonomy":"product_tag","embeddable":true,"href":"https:\/\/www.largepillow.com\/hr\/wp-json\/wp\/v2\/product_tag?post=3516"}],"curies":[{"name":"wp","href":"https:\/\/api.w.org\/{rel}","templated":true}]}}